{"id":889,"date":"2020-08-04T14:07:51","date_gmt":"2020-08-04T13:07:51","guid":{"rendered":"http:\/\/fonologos.com\/?page_id=889"},"modified":"2021-07-05T09:18:56","modified_gmt":"2021-07-05T08:18:56","slug":"telelogopedia","status":"publish","type":"page","link":"https:\/\/fonologos.com\/nweb\/patologies\/telelogopedia\/","title":{"rendered":"Telelogop\u00e8dia"},"content":{"rendered":"<h4><a href=\"http:\/\/fonologos.com\/nweb\/wp-content\/uploads\/2015\/11\/trastornos-deglucion.png\"><img decoding=\"async\" loading=\"lazy\" class=\"alignnone wp-image-893\" src=\"http:\/\/fonologos.com\/nweb\/wp-content\/uploads\/2020\/08\/telelogopedia-trasnparent.png\" alt=\"\" width=\"311\" height=\"165\" srcset=\"https:\/\/fonologos.com\/nweb\/wp-content\/uploads\/2020\/08\/telelogopedia-trasnparent.png 1147w, https:\/\/fonologos.com\/nweb\/wp-content\/uploads\/2020\/08\/telelogopedia-trasnparent-300x159.png 300w, https:\/\/fonologos.com\/nweb\/wp-content\/uploads\/2020\/08\/telelogopedia-trasnparent-1024x544.png 1024w, https:\/\/fonologos.com\/nweb\/wp-content\/uploads\/2020\/08\/telelogopedia-trasnparent-768x408.png 768w\" sizes=\"(max-width: 311px) 100vw, 311px\" \/><\/a><\/h4>\n<p style=\"text-align: justify;\">Tradicionalment la Logop\u00e8dia s\u2019ha practicat sempre de forma presencial per\u00f2 sovint els grans canvis venen de situacions excepcionals i, arran de les limitacions de mobilitat que ens han afectat des del Mar\u00e7 de 2020 a causa de la pand\u00e8mia de Covid-19, la <strong>telemedicina<\/strong> i la <strong>telelogop\u00e8dia<\/strong> s\u2019han pogut beneficiar dels aven\u00e7os t\u00e8cnics que ens permeten una comunicaci\u00f3 a dist\u00e0ncia via Internet.<\/p>\n<p style=\"text-align: justify;\">Les <strong>videoconsultes i el<\/strong> <strong>correu electr\u00f2nic<\/strong> s\u2019han revelat eines extremadament \u00fatils per atendre bona part de les necessitats dels pacients.<\/p>\n<h4 style=\"text-align: justify;\"><strong>Qu\u00e8 aporta la Logop\u00e8dia online?<\/strong><\/h4>\n<ul style=\"text-align: justify;\">\n<li><strong>Comoditat i facilitat<\/strong> per concertar horaris, amb <strong>molta m\u00e9s disponibilitat<\/strong> per ambdues parts ja que no requereix despla\u00e7aments<\/li>\n<li><strong>Estalvi de temps i de despeses<\/strong> en transport i possibilitat <strong>d\u2019atendre pacients de llocs molt allunyats<\/strong> que d\u2019altra manera no podrien assistir regularment<\/li>\n<li>Possibilitat <strong>d\u2019intercanvi d\u2019informes i enviament d\u2019instruccions i material <\/strong>per treballar a casa, per mitj\u00e0 del correu electr\u00f2nic, despr\u00e9s de les sessions en temps real<\/li>\n<\/ul>\n<h4 style=\"text-align: justify;\"><strong>Quins casos es poden tractar a dist\u00e0ncia?<\/strong><\/h4>\n<p style=\"text-align: justify;\">\u00c9s cert que no tots els casos son susceptibles de tractar telem\u00e0ticament; aix\u00f2 es valora a la consulta, a la <strong>primera visita, que sempre \u00e9s presencial<\/strong> i es decideix, de com\u00fa acord amb el pacient, de quina forma es far\u00e0 el tractament.<\/p>\n<div style=\"border: 1px solid gray; background-color: #ebf4d9; padding: 20px; font-size: 18px; color: #749b26; text-align: justify;\">Sessions de reeducaci\u00f3 vocal en disfonies, de t\u00e8cnica vocal en cantants, de reeducaci\u00f3 de trastorns de la parla tant articulatoris com de flu\u00efdesa (tartamudesa) d\u2019intervenci\u00f3 en retards i trastorns del llenguatge oral o escrit, entre altres, s\u2019estan duent a terme amb \u00e8xit i a plena satisfacci\u00f3 dels usuaris i dels professionals.<\/div>\n<p style=\"text-align: justify;\">Per altra banda, possibles limitacions que a primera vista podrien existir (problemes de connexi\u00f3, manca d\u2019h\u00e0bit en utilitzar certes plataformes) hem comprovat que se superen r\u00e0pidament des del primer moment amb un m\u00ednim d\u2019indicacions.<\/p>\n<p style=\"text-align: justify;\">La <strong>Telelogop\u00e8dia<\/strong> \u00e9s una pr\u00e0ctica a tenir molt en compte d\u2019ara en endavant i no pas com una soluci\u00f3 provisional sin\u00f3 com una <strong>aut\u00e8ntica alternativa a la modalitat presencial<\/strong>, amb les mateixes condicions i totes les garanties.<\/p>\n","protected":false},"excerpt":{"rendered":"<p>Tradicionalment la Logop\u00e8dia s\u2019ha practicat sempre de forma presencial per\u00f2 sovint els grans canvis venen de situacions excepcionals i, arran de les limitacions de mobilitat que ens han afectat des del Mar\u00e7 de 2020 a causa de la pand\u00e8mia de Covid-19, la telemedicina i la telelogop\u00e8dia s\u2019han pogut beneficiar dels aven\u00e7os t\u00e8cnics que ens permeten [&hellip;]<\/p>\n","protected":false},"author":1,"featured_media":0,"parent":17,"menu_order":12,"comment_status":"closed","ping_status":"closed","template":"","meta":[],"yoast_head":"<!-- This site is optimized with the Yoast SEO plugin v20.6 - https:\/\/yoast.com\/wordpress\/plugins\/seo\/ -->\n<title>Telelogop\u00e8dia - Fonologos<\/title>\n<meta name=\"robots\" content=\"index, follow, max-snippet:-1, max-image-preview:large, max-video-preview:-1\" \/>\n<link rel=\"canonical\" href=\"https:\/\/fonologos.com\/nweb\/patologies\/telelogopedia\/\" \/>\n<meta property=\"og:locale\" content=\"ca_ES\" \/>\n<meta property=\"og:type\" content=\"article\" \/>\n<meta property=\"og:title\" content=\"Telelogop\u00e8dia - Fonologos\" \/>\n<meta property=\"og:description\" content=\"Tradicionalment la Logop\u00e8dia s\u2019ha practicat sempre de forma presencial per\u00f2 sovint els grans canvis venen de situacions excepcionals i, arran de les limitacions de mobilitat que ens han afectat des del Mar\u00e7 de 2020 a causa de la pand\u00e8mia de Covid-19, la telemedicina i la telelogop\u00e8dia s\u2019han pogut beneficiar dels aven\u00e7os t\u00e8cnics que ens permeten [&hellip;]\" \/>\n<meta property=\"og:url\" content=\"https:\/\/fonologos.com\/nweb\/patologies\/telelogopedia\/\" \/>\n<meta property=\"og:site_name\" content=\"Fonologos\" \/>\n<meta property=\"article:modified_time\" content=\"2021-07-05T08:18:56+00:00\" \/>\n<meta property=\"og:image\" content=\"http:\/\/fonologos.com\/nweb\/wp-content\/uploads\/2020\/08\/telelogopedia-trasnparent.png\" \/>\n<meta name=\"twitter:card\" content=\"summary_large_image\" \/>\n<meta name=\"twitter:label1\" content=\"Temps estimat de lectura\" \/>\n\t<meta name=\"twitter:data1\" content=\"2 minuts\" \/>\n<script type=\"application\/ld+json\" class=\"yoast-schema-graph\">{\"@context\":\"https:\/\/schema.org\",\"@graph\":[{\"@type\":\"WebPage\",\"@id\":\"https:\/\/fonologos.com\/nweb\/patologies\/telelogopedia\/\",\"url\":\"https:\/\/fonologos.com\/nweb\/patologies\/telelogopedia\/\",\"name\":\"Telelogop\u00e8dia - Fonologos\",\"isPartOf\":{\"@id\":\"https:\/\/fonologos.com\/nweb\/#website\"},\"datePublished\":\"2020-08-04T13:07:51+00:00\",\"dateModified\":\"2021-07-05T08:18:56+00:00\",\"breadcrumb\":{\"@id\":\"https:\/\/fonologos.com\/nweb\/patologies\/telelogopedia\/#breadcrumb\"},\"inLanguage\":\"ca\",\"potentialAction\":[{\"@type\":\"ReadAction\",\"target\":[\"https:\/\/fonologos.com\/nweb\/patologies\/telelogopedia\/\"]}]},{\"@type\":\"BreadcrumbList\",\"@id\":\"https:\/\/fonologos.com\/nweb\/patologies\/telelogopedia\/#breadcrumb\",\"itemListElement\":[{\"@type\":\"ListItem\",\"position\":1,\"name\":\"Inici\",\"item\":\"https:\/\/fonologos.com\/nweb\/\"},{\"@type\":\"ListItem\",\"position\":2,\"name\":\"Telelogop\u00e8dia\"}]},{\"@type\":\"WebSite\",\"@id\":\"https:\/\/fonologos.com\/nweb\/#website\",\"url\":\"https:\/\/fonologos.com\/nweb\/\",\"name\":\"Fonologos\",\"description\":\"Cl\u00ednica de Foniatria i Logop\u00e8dia a Barcelona\",\"potentialAction\":[{\"@type\":\"SearchAction\",\"target\":{\"@type\":\"EntryPoint\",\"urlTemplate\":\"https:\/\/fonologos.com\/nweb\/?s={search_term_string}\"},\"query-input\":\"required name=search_term_string\"}],\"inLanguage\":\"ca\"}]}<\/script>\n<!-- \/ Yoast SEO plugin. -->","yoast_head_json":{"title":"Telelogop\u00e8dia - Fonologos","robots":{"index":"index","follow":"follow","max-snippet":"max-snippet:-1","max-image-preview":"max-image-preview:large","max-video-preview":"max-video-preview:-1"},"canonical":"https:\/\/fonologos.com\/nweb\/patologies\/telelogopedia\/","og_locale":"ca_ES","og_type":"article","og_title":"Telelogop\u00e8dia - Fonologos","og_description":"Tradicionalment la Logop\u00e8dia s\u2019ha practicat sempre de forma presencial per\u00f2 sovint els grans canvis venen de situacions excepcionals i, arran de les limitacions de mobilitat que ens han afectat des del Mar\u00e7 de 2020 a causa de la pand\u00e8mia de Covid-19, la telemedicina i la telelogop\u00e8dia s\u2019han pogut beneficiar dels aven\u00e7os t\u00e8cnics que ens permeten [&hellip;]","og_url":"https:\/\/fonologos.com\/nweb\/patologies\/telelogopedia\/","og_site_name":"Fonologos","article_modified_time":"2021-07-05T08:18:56+00:00","og_image":[{"url":"http:\/\/fonologos.com\/nweb\/wp-content\/uploads\/2020\/08\/telelogopedia-trasnparent.png"}],"twitter_card":"summary_large_image","twitter_misc":{"Temps estimat de lectura":"2 minuts"},"schema":{"@context":"https:\/\/schema.org","@graph":[{"@type":"WebPage","@id":"https:\/\/fonologos.com\/nweb\/patologies\/telelogopedia\/","url":"https:\/\/fonologos.com\/nweb\/patologies\/telelogopedia\/","name":"Telelogop\u00e8dia - Fonologos","isPartOf":{"@id":"https:\/\/fonologos.com\/nweb\/#website"},"datePublished":"2020-08-04T13:07:51+00:00","dateModified":"2021-07-05T08:18:56+00:00","breadcrumb":{"@id":"https:\/\/fonologos.com\/nweb\/patologies\/telelogopedia\/#breadcrumb"},"inLanguage":"ca","potentialAction":[{"@type":"ReadAction","target":["https:\/\/fonologos.com\/nweb\/patologies\/telelogopedia\/"]}]},{"@type":"BreadcrumbList","@id":"https:\/\/fonologos.com\/nweb\/patologies\/telelogopedia\/#breadcrumb","itemListElement":[{"@type":"ListItem","position":1,"name":"Inici","item":"https:\/\/fonologos.com\/nweb\/"},{"@type":"ListItem","position":2,"name":"Telelogop\u00e8dia"}]},{"@type":"WebSite","@id":"https:\/\/fonologos.com\/nweb\/#website","url":"https:\/\/fonologos.com\/nweb\/","name":"Fonologos","description":"Cl\u00ednica de Foniatria i Logop\u00e8dia a Barcelona","potentialAction":[{"@type":"SearchAction","target":{"@type":"EntryPoint","urlTemplate":"https:\/\/fonologos.com\/nweb\/?s={search_term_string}"},"query-input":"required name=search_term_string"}],"inLanguage":"ca"}]}},"_links":{"self":[{"href":"https:\/\/fonologos.com\/nweb\/wp-json\/wp\/v2\/pages\/889"}],"collection":[{"href":"https:\/\/fonologos.com\/nweb\/wp-json\/wp\/v2\/pages"}],"about":[{"href":"https:\/\/fonologos.com\/nweb\/wp-json\/wp\/v2\/types\/page"}],"author":[{"embeddable":true,"href":"https:\/\/fonologos.com\/nweb\/wp-json\/wp\/v2\/users\/1"}],"replies":[{"embeddable":true,"href":"https:\/\/fonologos.com\/nweb\/wp-json\/wp\/v2\/comments?post=889"}],"version-history":[{"count":8,"href":"https:\/\/fonologos.com\/nweb\/wp-json\/wp\/v2\/pages\/889\/revisions"}],"predecessor-version":[{"id":937,"href":"https:\/\/fonologos.com\/nweb\/wp-json\/wp\/v2\/pages\/889\/revisions\/937"}],"up":[{"embeddable":true,"href":"https:\/\/fonologos.com\/nweb\/wp-json\/wp\/v2\/pages\/17"}],"wp:attachment":[{"href":"https:\/\/fonologos.com\/nweb\/wp-json\/wp\/v2\/media?parent=889"}],"curies":[{"name":"wp","href":"https:\/\/api.w.org\/{rel}","templated":true}]}}