{"id":887,"date":"2020-08-04T14:07:16","date_gmt":"2020-08-04T13:07:16","guid":{"rendered":"http:\/\/fonologos.com\/?page_id=887"},"modified":"2020-08-04T14:25:32","modified_gmt":"2020-08-04T13:25:32","slug":"cursos-de-salut-vocal-per-teleoperadors","status":"publish","type":"page","link":"https:\/\/fonologos.com\/nweb\/patologies\/cursos-de-salut-vocal-per-teleoperadors\/","title":{"rendered":"Cursos de Salut Vocal per Teleoperadors"},"content":{"rendered":"<h4><img decoding=\"async\" loading=\"lazy\" class=\"alignnone wp-image-891\" src=\"http:\/\/fonologos.com\/nweb\/wp-content\/uploads\/2020\/08\/cursos-teleoperadores-transparent.png\" alt=\"\" width=\"227\" height=\"152\" srcset=\"https:\/\/fonologos.com\/nweb\/wp-content\/uploads\/2020\/08\/cursos-teleoperadores-transparent.png 1071w, https:\/\/fonologos.com\/nweb\/wp-content\/uploads\/2020\/08\/cursos-teleoperadores-transparent-300x201.png 300w, https:\/\/fonologos.com\/nweb\/wp-content\/uploads\/2020\/08\/cursos-teleoperadores-transparent-1024x687.png 1024w, https:\/\/fonologos.com\/nweb\/wp-content\/uploads\/2020\/08\/cursos-teleoperadores-transparent-768x516.png 768w\" sizes=\"(max-width: 227px) 100vw, 227px\" \/><\/h4>\n<p><strong>FonoLogos<\/strong> compta amb m\u00e9s de 20 anys d\u2019experi\u00e8ncia en cursos de <strong>Formaci\u00f3 i Salut Vocal <\/strong>per a diferents col\u00b7lectius de mestres, professors, conferenciants i <strong>teleoperadors<\/strong>, impartits a companyies asseguradores, m\u00fatues laborals i importants multinacionals de serveis (subministraments, assist\u00e8ncia t\u00e8cnica, reserves de viatges i allotjaments)<\/p>\n<p>Per a totes les persones que treballen en un <strong>call center <\/strong>la veu \u00e9s la seva principal eina de treball. Els <strong>teleoperadors<\/strong> estan exposats a patir <strong>disfonies<\/strong> degut al nombre d\u2019hores d\u2019\u00fas de la veu; per aix\u00f2 les empreses, als seus programes de seguretat i higiene en el treball,\u00a0 ofereixen cursos de prevenci\u00f3 de trastorns\u00a0 vocals.<\/p>\n<h4><strong>Modalitats<\/strong><\/h4>\n<ul>\n<li><strong>Presencial<\/strong>: A la seu de l&#8217;empresa, en petits grups i generalment en les franges hor\u00e0ries amb menor flux de trucades<\/li>\n<li><strong>Online<\/strong>: Quan els empleats realitzen teletreball o estan en diferents seus. Els grups poden ser m\u00e9s nombrosos i els horaris m\u00e9s flexibles.<\/li>\n<\/ul>\n<h4><strong>Idiomes<\/strong><\/h4>\n<ul>\n<li>En tres lleng\u00fces: <strong>angl\u00e8s, catal\u00e0, castell\u00e0<\/strong><\/li>\n<\/ul>\n<p>Darrerament hi ha una demanda creixent en <strong>angl\u00e8s,<\/strong> per teleoperadors, ja que \u00e9s la llengua comuna en un <strong>call center <\/strong>on s&#8217;atenen trucades de tot el m\u00f3n i compten amb treballadors de les m\u00e9s diverses nacionalitats.<\/p>\n<h4><strong>Objectius<\/strong><\/h4>\n<p>Els cursos es fan sempre <strong>a mida de les necessitats de cada empresa<\/strong> tant en durada com en continguts per\u00f2 hi ha uns <strong>objectius generals comuns<\/strong> en tots els casos:<\/p>\n<ul>\n<li>Prevenir l&#8217;aparici\u00f3 de patologies vocals a causa de l&#8217;\u00fas continuat de la veu<\/li>\n<li>Alertar sobre comportaments vocals de risc<\/li>\n<li>Facilitar mesures d&#8217;higiene vocal per evitar les conductes negatives i afavorir les positives a fi d&#8217;obtenir el major rendiment de la veu com a eina de treball<\/li>\n<li>Practicar recursos vocals i expressius per incidir en els factors clau de la Comunicaci\u00f3 que resultin en la m\u00e0xima facilitat d&#8217;emissi\u00f3 amb el m\u00ednim esfor\u00e7<\/li>\n<li>Recomanar i practicar els exercicis vocals m\u00e9s indicats per tal de preservar la salut vocal<\/li>\n<\/ul>\n","protected":false},"excerpt":{"rendered":"<p>FonoLogos compta amb m\u00e9s de 20 anys d\u2019experi\u00e8ncia en cursos de Formaci\u00f3 i Salut Vocal per a diferents col\u00b7lectius de mestres, professors, conferenciants i teleoperadors, impartits a companyies asseguradores, m\u00fatues laborals i importants multinacionals de serveis (subministraments, assist\u00e8ncia t\u00e8cnica, reserves de viatges i allotjaments) Per a totes les persones que treballen en un call center [&hellip;]<\/p>\n","protected":false},"author":1,"featured_media":0,"parent":17,"menu_order":11,"comment_status":"closed","ping_status":"closed","template":"","meta":[],"yoast_head":"<!-- This site is optimized with the Yoast SEO plugin v20.6 - https:\/\/yoast.com\/wordpress\/plugins\/seo\/ -->\n<title>Cursos de Salut Vocal per Teleoperadors - Fonologos<\/title>\n<meta name=\"robots\" content=\"index, follow, max-snippet:-1, max-image-preview:large, max-video-preview:-1\" \/>\n<link rel=\"canonical\" href=\"https:\/\/fonologos.com\/nweb\/patologies\/cursos-de-salut-vocal-per-teleoperadors\/\" \/>\n<meta property=\"og:locale\" content=\"ca_ES\" \/>\n<meta property=\"og:type\" content=\"article\" \/>\n<meta property=\"og:title\" content=\"Cursos de Salut Vocal per Teleoperadors - Fonologos\" \/>\n<meta property=\"og:description\" content=\"FonoLogos compta amb m\u00e9s de 20 anys d\u2019experi\u00e8ncia en cursos de Formaci\u00f3 i Salut Vocal per a diferents col\u00b7lectius de mestres, professors, conferenciants i teleoperadors, impartits a companyies asseguradores, m\u00fatues laborals i importants multinacionals de serveis (subministraments, assist\u00e8ncia t\u00e8cnica, reserves de viatges i allotjaments) Per a totes les persones que treballen en un call center [&hellip;]\" \/>\n<meta property=\"og:url\" content=\"https:\/\/fonologos.com\/nweb\/patologies\/cursos-de-salut-vocal-per-teleoperadors\/\" \/>\n<meta property=\"og:site_name\" content=\"Fonologos\" \/>\n<meta property=\"article:modified_time\" content=\"2020-08-04T13:25:32+00:00\" \/>\n<meta property=\"og:image\" content=\"http:\/\/fonologos.com\/nweb\/wp-content\/uploads\/2020\/08\/cursos-teleoperadores-transparent.png\" \/>\n<meta name=\"twitter:card\" content=\"summary_large_image\" \/>\n<meta name=\"twitter:label1\" content=\"Temps estimat de lectura\" \/>\n\t<meta name=\"twitter:data1\" content=\"2 minuts\" \/>\n<script type=\"application\/ld+json\" class=\"yoast-schema-graph\">{\"@context\":\"https:\/\/schema.org\",\"@graph\":[{\"@type\":\"WebPage\",\"@id\":\"https:\/\/fonologos.com\/nweb\/patologies\/cursos-de-salut-vocal-per-teleoperadors\/\",\"url\":\"https:\/\/fonologos.com\/nweb\/patologies\/cursos-de-salut-vocal-per-teleoperadors\/\",\"name\":\"Cursos de Salut Vocal per Teleoperadors - Fonologos\",\"isPartOf\":{\"@id\":\"https:\/\/fonologos.com\/nweb\/#website\"},\"datePublished\":\"2020-08-04T13:07:16+00:00\",\"dateModified\":\"2020-08-04T13:25:32+00:00\",\"breadcrumb\":{\"@id\":\"https:\/\/fonologos.com\/nweb\/patologies\/cursos-de-salut-vocal-per-teleoperadors\/#breadcrumb\"},\"inLanguage\":\"ca\",\"potentialAction\":[{\"@type\":\"ReadAction\",\"target\":[\"https:\/\/fonologos.com\/nweb\/patologies\/cursos-de-salut-vocal-per-teleoperadors\/\"]}]},{\"@type\":\"BreadcrumbList\",\"@id\":\"https:\/\/fonologos.com\/nweb\/patologies\/cursos-de-salut-vocal-per-teleoperadors\/#breadcrumb\",\"itemListElement\":[{\"@type\":\"ListItem\",\"position\":1,\"name\":\"Inici\",\"item\":\"https:\/\/fonologos.com\/nweb\/\"},{\"@type\":\"ListItem\",\"position\":2,\"name\":\"Cursos de Salut Vocal per Teleoperadors\"}]},{\"@type\":\"WebSite\",\"@id\":\"https:\/\/fonologos.com\/nweb\/#website\",\"url\":\"https:\/\/fonologos.com\/nweb\/\",\"name\":\"Fonologos\",\"description\":\"Cl\u00ednica de Foniatria i Logop\u00e8dia a Barcelona\",\"potentialAction\":[{\"@type\":\"SearchAction\",\"target\":{\"@type\":\"EntryPoint\",\"urlTemplate\":\"https:\/\/fonologos.com\/nweb\/?s={search_term_string}\"},\"query-input\":\"required name=search_term_string\"}],\"inLanguage\":\"ca\"}]}<\/script>\n<!-- \/ Yoast SEO plugin. -->","yoast_head_json":{"title":"Cursos de Salut Vocal per Teleoperadors - Fonologos","robots":{"index":"index","follow":"follow","max-snippet":"max-snippet:-1","max-image-preview":"max-image-preview:large","max-video-preview":"max-video-preview:-1"},"canonical":"https:\/\/fonologos.com\/nweb\/patologies\/cursos-de-salut-vocal-per-teleoperadors\/","og_locale":"ca_ES","og_type":"article","og_title":"Cursos de Salut Vocal per Teleoperadors - Fonologos","og_description":"FonoLogos compta amb m\u00e9s de 20 anys d\u2019experi\u00e8ncia en cursos de Formaci\u00f3 i Salut Vocal per a diferents col\u00b7lectius de mestres, professors, conferenciants i teleoperadors, impartits a companyies asseguradores, m\u00fatues laborals i importants multinacionals de serveis (subministraments, assist\u00e8ncia t\u00e8cnica, reserves de viatges i allotjaments) Per a totes les persones que treballen en un call center [&hellip;]","og_url":"https:\/\/fonologos.com\/nweb\/patologies\/cursos-de-salut-vocal-per-teleoperadors\/","og_site_name":"Fonologos","article_modified_time":"2020-08-04T13:25:32+00:00","og_image":[{"url":"http:\/\/fonologos.com\/nweb\/wp-content\/uploads\/2020\/08\/cursos-teleoperadores-transparent.png"}],"twitter_card":"summary_large_image","twitter_misc":{"Temps estimat de lectura":"2 minuts"},"schema":{"@context":"https:\/\/schema.org","@graph":[{"@type":"WebPage","@id":"https:\/\/fonologos.com\/nweb\/patologies\/cursos-de-salut-vocal-per-teleoperadors\/","url":"https:\/\/fonologos.com\/nweb\/patologies\/cursos-de-salut-vocal-per-teleoperadors\/","name":"Cursos de Salut Vocal per Teleoperadors - Fonologos","isPartOf":{"@id":"https:\/\/fonologos.com\/nweb\/#website"},"datePublished":"2020-08-04T13:07:16+00:00","dateModified":"2020-08-04T13:25:32+00:00","breadcrumb":{"@id":"https:\/\/fonologos.com\/nweb\/patologies\/cursos-de-salut-vocal-per-teleoperadors\/#breadcrumb"},"inLanguage":"ca","potentialAction":[{"@type":"ReadAction","target":["https:\/\/fonologos.com\/nweb\/patologies\/cursos-de-salut-vocal-per-teleoperadors\/"]}]},{"@type":"BreadcrumbList","@id":"https:\/\/fonologos.com\/nweb\/patologies\/cursos-de-salut-vocal-per-teleoperadors\/#breadcrumb","itemListElement":[{"@type":"ListItem","position":1,"name":"Inici","item":"https:\/\/fonologos.com\/nweb\/"},{"@type":"ListItem","position":2,"name":"Cursos de Salut Vocal per Teleoperadors"}]},{"@type":"WebSite","@id":"https:\/\/fonologos.com\/nweb\/#website","url":"https:\/\/fonologos.com\/nweb\/","name":"Fonologos","description":"Cl\u00ednica de Foniatria i Logop\u00e8dia a Barcelona","potentialAction":[{"@type":"SearchAction","target":{"@type":"EntryPoint","urlTemplate":"https:\/\/fonologos.com\/nweb\/?s={search_term_string}"},"query-input":"required name=search_term_string"}],"inLanguage":"ca"}]}},"_links":{"self":[{"href":"https:\/\/fonologos.com\/nweb\/wp-json\/wp\/v2\/pages\/887"}],"collection":[{"href":"https:\/\/fonologos.com\/nweb\/wp-json\/wp\/v2\/pages"}],"about":[{"href":"https:\/\/fonologos.com\/nweb\/wp-json\/wp\/v2\/types\/page"}],"author":[{"embeddable":true,"href":"https:\/\/fonologos.com\/nweb\/wp-json\/wp\/v2\/users\/1"}],"replies":[{"embeddable":true,"href":"https:\/\/fonologos.com\/nweb\/wp-json\/wp\/v2\/comments?post=887"}],"version-history":[{"count":3,"href":"https:\/\/fonologos.com\/nweb\/wp-json\/wp\/v2\/pages\/887\/revisions"}],"predecessor-version":[{"id":904,"href":"https:\/\/fonologos.com\/nweb\/wp-json\/wp\/v2\/pages\/887\/revisions\/904"}],"up":[{"embeddable":true,"href":"https:\/\/fonologos.com\/nweb\/wp-json\/wp\/v2\/pages\/17"}],"wp:attachment":[{"href":"https:\/\/fonologos.com\/nweb\/wp-json\/wp\/v2\/media?parent=887"}],"curies":[{"name":"wp","href":"https:\/\/api.w.org\/{rel}","templated":true}]}}