{"id":72,"date":"2015-11-29T08:33:51","date_gmt":"2015-11-29T08:33:51","guid":{"rendered":"http:\/\/fonologos.com\/nweb\/?page_id=72"},"modified":"2024-11-26T19:25:22","modified_gmt":"2024-11-26T18:25:22","slug":"inici","status":"publish","type":"page","link":"https:\/\/fonologos.com\/nweb\/","title":{"rendered":""},"content":{"rendered":"<p style=\"text-align: center;\"><span style=\"color: #000000;\"><strong>FonoLogos \u00e9s un servei m\u00e8dic de foniatria i logop\u00e8dia de la ciutat de Barcelona, especialitzat en les patologies de la Comunicaci\u00f3.<br \/>\nLa nostra consulta est\u00e0 enfocada al diagn\u00f2stic i tractament de les alteracions de la veu, parla, llenguatge, degluci\u00f3 i audici\u00f3 en adults i infants, aix\u00ed com a cursos de t\u00e9cnica vocal i prevenci\u00f3 en professions que impliquin l\u2019\u00fas de la veu.<br \/>\n<\/strong><\/span><\/p>\n<h6 style=\"text-align: left;\">\u00daltima actualitzaci\u00f3 26 de novembre de 2024<\/h6>\n<h6><\/h6>\n<div class=\"fila\">\n<div class=\"col\" style=\"width: 49%; float: left;\"><a href=\"\/?page_id=23\"><img decoding=\"async\" src=\"http:\/\/fonologos.com\/nweb\/wp-content\/uploads\/2020\/08\/Llenguatge.png\" alt=\"Llenguatge i comunicaci\u00f3\" \/><\/a><\/div>\n<div class=\"col\" style=\"width: 49%; float: left;\"><a href=\"\/?page_id=32\"><img decoding=\"async\" src=\"http:\/\/fonologos.com\/nweb\/wp-content\/uploads\/2020\/08\/patologies-1.png\" alt=\"Patologies de la veu\" \/><\/a><\/div>\n<\/div>\n<div class=\"fila\">\n<div class=\"col\" style=\"width: 49%; float: left;\"><a href=\"\/?page_id=26\"><img decoding=\"async\" src=\"http:\/\/fonologos.com\/nweb\/wp-content\/uploads\/2020\/08\/parla.png\" alt=\"Parla\" \/><\/a><\/div>\n<div class=\"col\" style=\"width: 49%; float: left;\"><a href=\"\/?page_id=50\"><img decoding=\"async\" src=\"http:\/\/fonologos.com\/nweb\/wp-content\/uploads\/2020\/08\/laboratori.png\" alt=\"Laboratori de veu i parla\" \/><\/a><\/div>\n<\/div>\n<div class=\"fila\">\n<div class=\"col\" style=\"width: 49%; float: left;\"><a href=\"\/?page_id=56\"><img decoding=\"async\" src=\"http:\/\/fonologos.com\/nweb\/wp-content\/uploads\/2020\/08\/tartamudesa.png\" alt=\"Tartamudesa\" \/><\/a><\/div>\n<div class=\"col\" style=\"width: 49%; float: left;\"><a href=\"\/?page_id=59\"><img decoding=\"async\" src=\"http:\/\/fonologos.com\/nweb\/wp-content\/uploads\/2020\/08\/parla-en-public.png\" alt=\"Parla en p\u00fablic\" \/><\/a><\/div>\n<\/div>\n<div class=\"fila\">\n<div class=\"col\" style=\"width: 49%; float: left;\"><a href=\"\/?page_id=46\"><img decoding=\"async\" src=\"http:\/\/fonologos.com\/nweb\/wp-content\/uploads\/2020\/08\/la-veu-al-teatre.png\" alt=\"La veu al teatre\" \/><\/a><\/div>\n<div class=\"col\" style=\"width: 49%; float: left;\"><a href=\"\/?page_id=40\"><img decoding=\"async\" src=\"http:\/\/fonologos.com\/nweb\/wp-content\/uploads\/2020\/08\/la-veu-del-cantant.png\" alt=\"La veu del cantant\" \/><\/a><\/div>\n<\/div>\n<div class=\"fila\">\n<div class=\"col\" style=\"width: 49%; float: left;\"><a href=\"\/?page_id=63\"><img decoding=\"async\" src=\"http:\/\/fonologos.com\/nweb\/wp-content\/uploads\/2020\/08\/trastorns.png\" alt=\"Trastorns de l'audici\u00f3\" \/><\/a><\/div>\n<div class=\"col\" style=\"width: 49%; float: left;\"><a href=\"\/?page_id=19\"><img decoding=\"async\" src=\"http:\/\/fonologos.com\/nweb\/wp-content\/uploads\/2020\/08\/trastorns-de-la-deglucio.png\" alt=\"Trastorns de la degluci\u00f3\" \/><\/a><\/div>\n<\/div>\n<div class=\"fila\">\n<div class=\"col\" style=\"width: 49%; float: left;\"><a href=\"\/?page_id=887\"><img decoding=\"async\" src=\"http:\/\/fonologos.com\/nweb\/wp-content\/uploads\/2020\/08\/cursos-salut-vocal-teleoperadors.png\" alt=\"Cursos Salut Vocal Teleoperadors \" \/><\/a><\/div>\n<div class=\"col\" style=\"width: 49%; float: left;\"><a href=\"\/?page_id=889\"><img decoding=\"async\" src=\"http:\/\/fonologos.com\/nweb\/wp-content\/uploads\/2020\/08\/telelogopedia.png\" alt=\"Telelogop\u00e8dia\" \/><\/a><\/div>\n<\/div>\n","protected":false},"excerpt":{"rendered":"<p>FonoLogos \u00e9s un servei m\u00e8dic de foniatria i logop\u00e8dia de la ciutat de Barcelona, especialitzat en les patologies de la Comunicaci\u00f3. La nostra consulta est\u00e0 enfocada al diagn\u00f2stic i tractament de les alteracions de la veu, parla, llenguatge, degluci\u00f3 i audici\u00f3 en adults i infants, aix\u00ed com a cursos de t\u00e9cnica vocal i prevenci\u00f3 en [&hellip;]<\/p>\n","protected":false},"author":1,"featured_media":0,"parent":0,"menu_order":0,"comment_status":"closed","ping_status":"closed","template":"template-full.php","meta":[],"yoast_head":"<!-- This site is optimized with the Yoast SEO plugin v20.6 - https:\/\/yoast.com\/wordpress\/plugins\/seo\/ -->\n<title>- Fonologos<\/title>\n<meta name=\"robots\" content=\"index, follow, max-snippet:-1, max-image-preview:large, max-video-preview:-1\" \/>\n<link rel=\"canonical\" href=\"https:\/\/fonologos.com\/nweb\/\" \/>\n<meta property=\"og:locale\" content=\"ca_ES\" \/>\n<meta property=\"og:type\" content=\"article\" \/>\n<meta property=\"og:title\" content=\"- Fonologos\" \/>\n<meta property=\"og:description\" content=\"FonoLogos \u00e9s un servei m\u00e8dic de foniatria i logop\u00e8dia de la ciutat de Barcelona, especialitzat en les patologies de la Comunicaci\u00f3. La nostra consulta est\u00e0 enfocada al diagn\u00f2stic i tractament de les alteracions de la veu, parla, llenguatge, degluci\u00f3 i audici\u00f3 en adults i infants, aix\u00ed com a cursos de t\u00e9cnica vocal i prevenci\u00f3 en [&hellip;]\" \/>\n<meta property=\"og:url\" content=\"https:\/\/fonologos.com\/nweb\/\" \/>\n<meta property=\"og:site_name\" content=\"Fonologos\" \/>\n<meta property=\"article:modified_time\" content=\"2024-11-26T18:25:22+00:00\" \/>\n<meta property=\"og:image\" content=\"http:\/\/fonologos.com\/nweb\/wp-content\/uploads\/2020\/08\/Llenguatge.png\" \/>\n<meta name=\"twitter:card\" content=\"summary_large_image\" \/>\n<meta name=\"twitter:label1\" content=\"Temps estimat de lectura\" \/>\n\t<meta name=\"twitter:data1\" content=\"3 minuts\" \/>\n<script type=\"application\/ld+json\" class=\"yoast-schema-graph\">{\"@context\":\"https:\/\/schema.org\",\"@graph\":[{\"@type\":\"WebPage\",\"@id\":\"https:\/\/fonologos.com\/nweb\/\",\"url\":\"https:\/\/fonologos.com\/nweb\/\",\"name\":\"- Fonologos\",\"isPartOf\":{\"@id\":\"https:\/\/fonologos.com\/nweb\/#website\"},\"datePublished\":\"2015-11-29T08:33:51+00:00\",\"dateModified\":\"2024-11-26T18:25:22+00:00\",\"inLanguage\":\"ca\",\"potentialAction\":[{\"@type\":\"ReadAction\",\"target\":[\"https:\/\/fonologos.com\/nweb\/\"]}]},{\"@type\":\"WebSite\",\"@id\":\"https:\/\/fonologos.com\/nweb\/#website\",\"url\":\"https:\/\/fonologos.com\/nweb\/\",\"name\":\"Fonologos\",\"description\":\"Cl\u00ednica de Foniatria i Logop\u00e8dia a Barcelona\",\"potentialAction\":[{\"@type\":\"SearchAction\",\"target\":{\"@type\":\"EntryPoint\",\"urlTemplate\":\"https:\/\/fonologos.com\/nweb\/?s={search_term_string}\"},\"query-input\":\"required name=search_term_string\"}],\"inLanguage\":\"ca\"}]}<\/script>\n<!-- \/ Yoast SEO plugin. -->","yoast_head_json":{"title":"- Fonologos","robots":{"index":"index","follow":"follow","max-snippet":"max-snippet:-1","max-image-preview":"max-image-preview:large","max-video-preview":"max-video-preview:-1"},"canonical":"https:\/\/fonologos.com\/nweb\/","og_locale":"ca_ES","og_type":"article","og_title":"- Fonologos","og_description":"FonoLogos \u00e9s un servei m\u00e8dic de foniatria i logop\u00e8dia de la ciutat de Barcelona, especialitzat en les patologies de la Comunicaci\u00f3. La nostra consulta est\u00e0 enfocada al diagn\u00f2stic i tractament de les alteracions de la veu, parla, llenguatge, degluci\u00f3 i audici\u00f3 en adults i infants, aix\u00ed com a cursos de t\u00e9cnica vocal i prevenci\u00f3 en [&hellip;]","og_url":"https:\/\/fonologos.com\/nweb\/","og_site_name":"Fonologos","article_modified_time":"2024-11-26T18:25:22+00:00","og_image":[{"url":"http:\/\/fonologos.com\/nweb\/wp-content\/uploads\/2020\/08\/Llenguatge.png"}],"twitter_card":"summary_large_image","twitter_misc":{"Temps estimat de lectura":"3 minuts"},"schema":{"@context":"https:\/\/schema.org","@graph":[{"@type":"WebPage","@id":"https:\/\/fonologos.com\/nweb\/","url":"https:\/\/fonologos.com\/nweb\/","name":"- Fonologos","isPartOf":{"@id":"https:\/\/fonologos.com\/nweb\/#website"},"datePublished":"2015-11-29T08:33:51+00:00","dateModified":"2024-11-26T18:25:22+00:00","inLanguage":"ca","potentialAction":[{"@type":"ReadAction","target":["https:\/\/fonologos.com\/nweb\/"]}]},{"@type":"WebSite","@id":"https:\/\/fonologos.com\/nweb\/#website","url":"https:\/\/fonologos.com\/nweb\/","name":"Fonologos","description":"Cl\u00ednica de Foniatria i Logop\u00e8dia a Barcelona","potentialAction":[{"@type":"SearchAction","target":{"@type":"EntryPoint","urlTemplate":"https:\/\/fonologos.com\/nweb\/?s={search_term_string}"},"query-input":"required name=search_term_string"}],"inLanguage":"ca"}]}},"_links":{"self":[{"href":"https:\/\/fonologos.com\/nweb\/wp-json\/wp\/v2\/pages\/72"}],"collection":[{"href":"https:\/\/fonologos.com\/nweb\/wp-json\/wp\/v2\/pages"}],"about":[{"href":"https:\/\/fonologos.com\/nweb\/wp-json\/wp\/v2\/types\/page"}],"author":[{"embeddable":true,"href":"https:\/\/fonologos.com\/nweb\/wp-json\/wp\/v2\/users\/1"}],"replies":[{"embeddable":true,"href":"https:\/\/fonologos.com\/nweb\/wp-json\/wp\/v2\/comments?post=72"}],"version-history":[{"count":37,"href":"https:\/\/fonologos.com\/nweb\/wp-json\/wp\/v2\/pages\/72\/revisions"}],"predecessor-version":[{"id":1047,"href":"https:\/\/fonologos.com\/nweb\/wp-json\/wp\/v2\/pages\/72\/revisions\/1047"}],"wp:attachment":[{"href":"https:\/\/fonologos.com\/nweb\/wp-json\/wp\/v2\/media?parent=72"}],"curies":[{"name":"wp","href":"https:\/\/api.w.org\/{rel}","templated":true}]}}