{"id":69,"date":"2015-11-29T08:22:54","date_gmt":"2015-11-29T08:22:54","guid":{"rendered":"http:\/\/fonologos.com\/nweb\/?page_id=69"},"modified":"2024-11-28T15:02:01","modified_gmt":"2024-11-28T14:02:01","slug":"el-servei","status":"publish","type":"page","link":"https:\/\/fonologos.com\/nweb\/el-servei\/","title":{"rendered":"El Servei"},"content":{"rendered":"<h4 align=\"justify\"><span style=\"color: #9bc41d;\"><strong>\u00a0<\/strong><\/span><\/h4>\n<p><span style=\"color: #454545;\"><span style=\"color: #9bc41d;\"><strong><span style=\"color: #000000;\">FONOLOGOS<\/span><\/strong><\/span> \u00e9s un servei m\u00e8dic de foniatria i logop\u00e8dia ubicat a la ciutat de Barcelona, especialitzat en les patologies de la comunicaci\u00f3.<\/span><br \/>\n<span style=\"color: #454545;\"> La consulta est\u00e0 enfocada al diagn\u00f2stic i tractament de les alteracions de la veu, parla, llenguatge, degluci\u00f3 i audici\u00f3 en adults i infants.<\/span><\/p>\n<h4 align=\"justify\"><\/h4>\n<h4 align=\"justify\"><\/h4>\n<h4 align=\"justify\"><\/h4>\n<h4 align=\"justify\"><\/h4>\n<h4 align=\"justify\"><\/h4>\n<p>&nbsp;<\/p>\n<h4 align=\"justify\"><\/h4>\n<p>&nbsp;<\/p>\n<h4 align=\"justify\"><\/h4>\n<p>&nbsp;<\/p>\n<h4 align=\"justify\"><span style=\"color: #9bc41d;\"><strong><span style=\"color: #000000;\">Facultatiu responsable\u00a0<\/span><br \/>\n<\/strong><\/span><\/h4>\n<p><span style=\"color: #087308;\"><strong>Dra. M. Pilar Murtr\u00f3 Ayats<\/strong><\/span><br \/>\n<span style=\"color: #454545;\">Llicenciada en Medicina i Cirurgia per la UB. Col\u00b7legiada al CoMB amb el n\u00ba 10508<\/span><br \/>\n<span style=\"color: #454545;\"> Foniatra membre de la Sociedad M\u00e9dica Espa\u00f1ola de Foniatr\u00eda (SOMEF)<\/span><br \/>\n<span style=\"color: #454545;\"> M\u00e0ster en Logop\u00e8dia per la UB. Col\u00b7legiada al CLC amb el n\u00ba 176<\/span><br \/>\n<span style=\"color: #454545;\"> Membre de la Societat Catalana de Logop\u00e8dia (SCL), de l\u2019Acad\u00e8mia de Ci\u00e8ncies M\u00e8diques de Catalunya i Balears i de l\u2019Associaci\u00f3 Catalana de Professors de Cant (ACPC)<\/span><\/p>\n<h5><\/h5>\n","protected":false},"excerpt":{"rendered":"<p>\u00a0 FONOLOGOS \u00e9s un servei m\u00e8dic de foniatria i logop\u00e8dia ubicat a la ciutat de Barcelona, especialitzat en les patologies de la comunicaci\u00f3. La consulta est\u00e0 enfocada al diagn\u00f2stic i tractament de les alteracions de la veu, parla, llenguatge, degluci\u00f3 i audici\u00f3 en adults i infants. &nbsp; &nbsp; &nbsp; Facultatiu responsable\u00a0 Dra. M. Pilar Murtr\u00f3 [&hellip;]<\/p>\n","protected":false},"author":1,"featured_media":125,"parent":0,"menu_order":0,"comment_status":"closed","ping_status":"closed","template":"","meta":[],"yoast_head":"<!-- This site is optimized with the Yoast SEO plugin v20.6 - https:\/\/yoast.com\/wordpress\/plugins\/seo\/ -->\n<title>El Servei - Fonologos<\/title>\n<meta name=\"robots\" content=\"index, follow, max-snippet:-1, max-image-preview:large, max-video-preview:-1\" \/>\n<link rel=\"canonical\" href=\"https:\/\/fonologos.com\/nweb\/el-servei\/\" \/>\n<meta property=\"og:locale\" content=\"ca_ES\" \/>\n<meta property=\"og:type\" content=\"article\" \/>\n<meta property=\"og:title\" content=\"El Servei - Fonologos\" \/>\n<meta property=\"og:description\" content=\"\u00a0 FONOLOGOS \u00e9s un servei m\u00e8dic de foniatria i logop\u00e8dia ubicat a la ciutat de Barcelona, especialitzat en les patologies de la comunicaci\u00f3. La consulta est\u00e0 enfocada al diagn\u00f2stic i tractament de les alteracions de la veu, parla, llenguatge, degluci\u00f3 i audici\u00f3 en adults i infants. &nbsp; &nbsp; &nbsp; Facultatiu responsable\u00a0 Dra. M. Pilar Murtr\u00f3 [&hellip;]\" \/>\n<meta property=\"og:url\" content=\"https:\/\/fonologos.com\/nweb\/el-servei\/\" \/>\n<meta property=\"og:site_name\" content=\"Fonologos\" \/>\n<meta property=\"article:modified_time\" content=\"2024-11-28T14:02:01+00:00\" \/>\n<meta property=\"og:image\" content=\"https:\/\/fonologos.com\/nweb\/wp-content\/uploads\/2015\/11\/laboratorio.jpg\" \/>\n\t<meta property=\"og:image:width\" content=\"640\" \/>\n\t<meta property=\"og:image:height\" content=\"480\" \/>\n\t<meta property=\"og:image:type\" content=\"image\/jpeg\" \/>\n<meta name=\"twitter:card\" content=\"summary_large_image\" \/>\n<meta name=\"twitter:label1\" content=\"Temps estimat de lectura\" \/>\n\t<meta name=\"twitter:data1\" content=\"1 minut\" \/>\n<script type=\"application\/ld+json\" class=\"yoast-schema-graph\">{\"@context\":\"https:\/\/schema.org\",\"@graph\":[{\"@type\":\"WebPage\",\"@id\":\"https:\/\/fonologos.com\/nweb\/el-servei\/\",\"url\":\"https:\/\/fonologos.com\/nweb\/el-servei\/\",\"name\":\"El Servei - Fonologos\",\"isPartOf\":{\"@id\":\"https:\/\/fonologos.com\/nweb\/#website\"},\"datePublished\":\"2015-11-29T08:22:54+00:00\",\"dateModified\":\"2024-11-28T14:02:01+00:00\",\"breadcrumb\":{\"@id\":\"https:\/\/fonologos.com\/nweb\/el-servei\/#breadcrumb\"},\"inLanguage\":\"ca\",\"potentialAction\":[{\"@type\":\"ReadAction\",\"target\":[\"https:\/\/fonologos.com\/nweb\/el-servei\/\"]}]},{\"@type\":\"BreadcrumbList\",\"@id\":\"https:\/\/fonologos.com\/nweb\/el-servei\/#breadcrumb\",\"itemListElement\":[{\"@type\":\"ListItem\",\"position\":1,\"name\":\"Inici\",\"item\":\"https:\/\/fonologos.com\/nweb\/\"},{\"@type\":\"ListItem\",\"position\":2,\"name\":\"El Servei\"}]},{\"@type\":\"WebSite\",\"@id\":\"https:\/\/fonologos.com\/nweb\/#website\",\"url\":\"https:\/\/fonologos.com\/nweb\/\",\"name\":\"Fonologos\",\"description\":\"Cl\u00ednica de Foniatria i Logop\u00e8dia a Barcelona\",\"potentialAction\":[{\"@type\":\"SearchAction\",\"target\":{\"@type\":\"EntryPoint\",\"urlTemplate\":\"https:\/\/fonologos.com\/nweb\/?s={search_term_string}\"},\"query-input\":\"required name=search_term_string\"}],\"inLanguage\":\"ca\"}]}<\/script>\n<!-- \/ Yoast SEO plugin. -->","yoast_head_json":{"title":"El Servei - Fonologos","robots":{"index":"index","follow":"follow","max-snippet":"max-snippet:-1","max-image-preview":"max-image-preview:large","max-video-preview":"max-video-preview:-1"},"canonical":"https:\/\/fonologos.com\/nweb\/el-servei\/","og_locale":"ca_ES","og_type":"article","og_title":"El Servei - Fonologos","og_description":"\u00a0 FONOLOGOS \u00e9s un servei m\u00e8dic de foniatria i logop\u00e8dia ubicat a la ciutat de Barcelona, especialitzat en les patologies de la comunicaci\u00f3. La consulta est\u00e0 enfocada al diagn\u00f2stic i tractament de les alteracions de la veu, parla, llenguatge, degluci\u00f3 i audici\u00f3 en adults i infants. &nbsp; &nbsp; &nbsp; Facultatiu responsable\u00a0 Dra. M. Pilar Murtr\u00f3 [&hellip;]","og_url":"https:\/\/fonologos.com\/nweb\/el-servei\/","og_site_name":"Fonologos","article_modified_time":"2024-11-28T14:02:01+00:00","og_image":[{"width":640,"height":480,"url":"https:\/\/fonologos.com\/nweb\/wp-content\/uploads\/2015\/11\/laboratorio.jpg","type":"image\/jpeg"}],"twitter_card":"summary_large_image","twitter_misc":{"Temps estimat de lectura":"1 minut"},"schema":{"@context":"https:\/\/schema.org","@graph":[{"@type":"WebPage","@id":"https:\/\/fonologos.com\/nweb\/el-servei\/","url":"https:\/\/fonologos.com\/nweb\/el-servei\/","name":"El Servei - Fonologos","isPartOf":{"@id":"https:\/\/fonologos.com\/nweb\/#website"},"datePublished":"2015-11-29T08:22:54+00:00","dateModified":"2024-11-28T14:02:01+00:00","breadcrumb":{"@id":"https:\/\/fonologos.com\/nweb\/el-servei\/#breadcrumb"},"inLanguage":"ca","potentialAction":[{"@type":"ReadAction","target":["https:\/\/fonologos.com\/nweb\/el-servei\/"]}]},{"@type":"BreadcrumbList","@id":"https:\/\/fonologos.com\/nweb\/el-servei\/#breadcrumb","itemListElement":[{"@type":"ListItem","position":1,"name":"Inici","item":"https:\/\/fonologos.com\/nweb\/"},{"@type":"ListItem","position":2,"name":"El Servei"}]},{"@type":"WebSite","@id":"https:\/\/fonologos.com\/nweb\/#website","url":"https:\/\/fonologos.com\/nweb\/","name":"Fonologos","description":"Cl\u00ednica de Foniatria i Logop\u00e8dia a Barcelona","potentialAction":[{"@type":"SearchAction","target":{"@type":"EntryPoint","urlTemplate":"https:\/\/fonologos.com\/nweb\/?s={search_term_string}"},"query-input":"required name=search_term_string"}],"inLanguage":"ca"}]}},"_links":{"self":[{"href":"https:\/\/fonologos.com\/nweb\/wp-json\/wp\/v2\/pages\/69"}],"collection":[{"href":"https:\/\/fonologos.com\/nweb\/wp-json\/wp\/v2\/pages"}],"about":[{"href":"https:\/\/fonologos.com\/nweb\/wp-json\/wp\/v2\/types\/page"}],"author":[{"embeddable":true,"href":"https:\/\/fonologos.com\/nweb\/wp-json\/wp\/v2\/users\/1"}],"replies":[{"embeddable":true,"href":"https:\/\/fonologos.com\/nweb\/wp-json\/wp\/v2\/comments?post=69"}],"version-history":[{"count":23,"href":"https:\/\/fonologos.com\/nweb\/wp-json\/wp\/v2\/pages\/69\/revisions"}],"predecessor-version":[{"id":1049,"href":"https:\/\/fonologos.com\/nweb\/wp-json\/wp\/v2\/pages\/69\/revisions\/1049"}],"wp:featuredmedia":[{"embeddable":true,"href":"https:\/\/fonologos.com\/nweb\/wp-json\/wp\/v2\/media\/125"}],"wp:attachment":[{"href":"https:\/\/fonologos.com\/nweb\/wp-json\/wp\/v2\/media?parent=69"}],"curies":[{"name":"wp","href":"https:\/\/api.w.org\/{rel}","templated":true}]}}