{"id":63,"date":"2015-11-29T08:17:19","date_gmt":"2015-11-29T07:17:19","guid":{"rendered":"http:\/\/fonologos.com\/nweb\/?page_id=63"},"modified":"2016-02-05T19:55:35","modified_gmt":"2016-02-05T18:55:35","slug":"trastorns-de-laudicio","status":"publish","type":"page","link":"https:\/\/fonologos.com\/nweb\/patologies\/trastorns-de-laudicio\/","title":{"rendered":"Trastorns de l\u2019audici\u00f3"},"content":{"rendered":"<p><a href=\"http:\/\/fonologos.com\/nweb\/wp-content\/uploads\/2015\/11\/trastornos-auditivos.png\"><img decoding=\"async\" loading=\"lazy\" class=\"alignnone size-full wp-image-64\" src=\"http:\/\/fonologos.com\/nweb\/wp-content\/uploads\/2015\/11\/trastornos-auditivos.png\" alt=\"trastorns auditius\" width=\"175\" height=\"125\" \/><\/a><\/p>\n<p style=\"text-align: justify;\">Els trastorns de l\u2019audici\u00f3 tenen una gran repercussi\u00f3 en la comunicaci\u00f3 de les persones que els pateixen i per als seus familiars. En el cas dels infants, per les dificultats que impliquen per a l\u2019adquisici\u00f3 del llenguatge. En els adults per afectar a les seves relacions familiars, laborals i socials.<\/p>\n<h4><span style=\"color: #000000;\"><strong>Signes d\u2019alerta:<\/strong><\/span><\/h4>\n<ul>\n<li style=\"text-align: justify;\">El nen no reacciona als sorolls ni amb atenci\u00f3 ni amb por, no mira cap al lloc de proced\u00e8ncia del soroll, ni respon quan la fam\u00edlia el crida<\/li>\n<li style=\"text-align: justify;\">El nen sembla entendre m\u00e9s els gestos que les paraules<\/li>\n<li style=\"text-align: justify;\">El nen ja t\u00e9 un any i no diu cap s\u00edl\u2022laba o abans balbucejava per\u00f2 ara cada vegada emet menys sons<\/li>\n<li style=\"text-align: justify;\">El nen ha iniciat el llenguatge normalment per\u00f2 el desenvolupa amb retard i la seva parla \u00e9s molt defectuosa<\/li>\n<li style=\"text-align: justify;\">Quan un nen gran amb el llenguatge desenvolupat, o un adult posa la televisi\u00f3 a gran volum, es fa repetir cont\u00ednuament les frases o sembla entendre malament all\u00f2 que li diuen<\/li>\n<\/ul>\n<h4><span style=\"color: #000000;\"><strong>Qu\u00e8 cal fer?:<\/strong><\/span><\/h4>\n<p style=\"text-align: justify;\">Si hi ha sospita de problemes d\u2019audici\u00f3 \u00e9s imprescindible realitzar les proves pertinents &#8211; audiometries, timpanometries o potencials evocats de tronc cerebral entre altres &#8211; per tal d\u2019arribar al diagn\u00f2stic m\u00e9s acurat.<\/p>\n<h4><span style=\"color: #000000;\"><strong>Casos que tractem:<\/strong><\/span><\/h4>\n<h4><span style=\"color: #000000;\"><strong>Sordesa postlocutiva<\/strong><\/span><\/h4>\n<p style=\"text-align: justify;\">Fem rehabilitaci\u00f3 i manteniment del llenguatge i la parla pr\u00e8viament adquirits.<\/p>\n<h4><span style=\"color: #000000;\"><strong>Implants coclears<\/strong><\/span><\/h4>\n<p style=\"text-align: justify;\">Apliquem el protocol d\u2019identificaci\u00f3, discriminaci\u00f3 i reconeixement de sons i paraules en pacients de totes les edats per obtenir el millor rendiment dels implants.<\/p>\n<h4><span style=\"color: #000000;\"><strong>Intel\u2022ligibilitat de la parla<\/strong><\/span><\/h4>\n<p style=\"text-align: justify;\">Pacients amb diversos graus de p\u00e8rdua auditiva poden necessitar intervenci\u00f3 en els aspectes fon\u00e8tics per mantenir la correcta articulaci\u00f3 de la parla.<\/p>\n<h4><span style=\"color: #000000;\"><strong>Presbiac\u00fasia<\/strong><\/span><\/h4>\n<p style=\"text-align: justify;\">Amb l\u2019edat sovint es va perdent audici\u00f3. Las persones grans solen tenir dificultats per adaptar-se a utilitzar pr\u00f2tesis auditives. Necessiten suport per al maneig i manteniment dels audi\u00f2fons i directrius per millorar el seu nivell de comunicaci\u00f3 en diverses situacions de la vida di\u00e0ria.<\/p>\n<p style=\"text-align: justify;\">En tots els casos entrenem la <strong>labiolectura<\/strong> per facilitar la comprensi\u00f3 de les frases.<\/p>\n","protected":false},"excerpt":{"rendered":"<p>Els trastorns de l\u2019audici\u00f3 tenen una gran repercussi\u00f3 en la comunicaci\u00f3 de les persones que els pateixen i per als seus familiars. En el cas dels infants, per les dificultats que impliquen per a l\u2019adquisici\u00f3 del llenguatge. En els adults per afectar a les seves relacions familiars, laborals i socials. Signes d\u2019alerta: El nen no [&hellip;]<\/p>\n","protected":false},"author":1,"featured_media":0,"parent":17,"menu_order":9,"comment_status":"closed","ping_status":"closed","template":"","meta":[],"yoast_head":"<!-- This site is optimized with the Yoast SEO plugin v20.6 - https:\/\/yoast.com\/wordpress\/plugins\/seo\/ -->\n<title>Trastorns de l\u2019audici\u00f3 - Fonologos<\/title>\n<meta name=\"robots\" content=\"index, follow, max-snippet:-1, max-image-preview:large, max-video-preview:-1\" \/>\n<link rel=\"canonical\" href=\"https:\/\/fonologos.com\/nweb\/patologies\/trastorns-de-laudicio\/\" \/>\n<meta property=\"og:locale\" content=\"ca_ES\" \/>\n<meta property=\"og:type\" content=\"article\" \/>\n<meta property=\"og:title\" content=\"Trastorns de l\u2019audici\u00f3 - Fonologos\" \/>\n<meta property=\"og:description\" content=\"Els trastorns de l\u2019audici\u00f3 tenen una gran repercussi\u00f3 en la comunicaci\u00f3 de les persones que els pateixen i per als seus familiars. En el cas dels infants, per les dificultats que impliquen per a l\u2019adquisici\u00f3 del llenguatge. En els adults per afectar a les seves relacions familiars, laborals i socials. Signes d\u2019alerta: El nen no [&hellip;]\" \/>\n<meta property=\"og:url\" content=\"https:\/\/fonologos.com\/nweb\/patologies\/trastorns-de-laudicio\/\" \/>\n<meta property=\"og:site_name\" content=\"Fonologos\" \/>\n<meta property=\"article:modified_time\" content=\"2016-02-05T18:55:35+00:00\" \/>\n<meta property=\"og:image\" content=\"http:\/\/fonologos.com\/nweb\/wp-content\/uploads\/2015\/11\/trastornos-auditivos.png\" \/>\n<meta name=\"twitter:card\" content=\"summary_large_image\" \/>\n<meta name=\"twitter:label1\" content=\"Temps estimat de lectura\" \/>\n\t<meta name=\"twitter:data1\" content=\"2 minuts\" \/>\n<script type=\"application\/ld+json\" class=\"yoast-schema-graph\">{\"@context\":\"https:\/\/schema.org\",\"@graph\":[{\"@type\":\"WebPage\",\"@id\":\"https:\/\/fonologos.com\/nweb\/patologies\/trastorns-de-laudicio\/\",\"url\":\"https:\/\/fonologos.com\/nweb\/patologies\/trastorns-de-laudicio\/\",\"name\":\"Trastorns de l\u2019audici\u00f3 - Fonologos\",\"isPartOf\":{\"@id\":\"https:\/\/fonologos.com\/nweb\/#website\"},\"datePublished\":\"2015-11-29T07:17:19+00:00\",\"dateModified\":\"2016-02-05T18:55:35+00:00\",\"breadcrumb\":{\"@id\":\"https:\/\/fonologos.com\/nweb\/patologies\/trastorns-de-laudicio\/#breadcrumb\"},\"inLanguage\":\"ca\",\"potentialAction\":[{\"@type\":\"ReadAction\",\"target\":[\"https:\/\/fonologos.com\/nweb\/patologies\/trastorns-de-laudicio\/\"]}]},{\"@type\":\"BreadcrumbList\",\"@id\":\"https:\/\/fonologos.com\/nweb\/patologies\/trastorns-de-laudicio\/#breadcrumb\",\"itemListElement\":[{\"@type\":\"ListItem\",\"position\":1,\"name\":\"Inici\",\"item\":\"https:\/\/fonologos.com\/nweb\/\"},{\"@type\":\"ListItem\",\"position\":2,\"name\":\"Trastorns de l\u2019audici\u00f3\"}]},{\"@type\":\"WebSite\",\"@id\":\"https:\/\/fonologos.com\/nweb\/#website\",\"url\":\"https:\/\/fonologos.com\/nweb\/\",\"name\":\"Fonologos\",\"description\":\"Cl\u00ednica de Foniatria i Logop\u00e8dia a Barcelona\",\"potentialAction\":[{\"@type\":\"SearchAction\",\"target\":{\"@type\":\"EntryPoint\",\"urlTemplate\":\"https:\/\/fonologos.com\/nweb\/?s={search_term_string}\"},\"query-input\":\"required name=search_term_string\"}],\"inLanguage\":\"ca\"}]}<\/script>\n<!-- \/ Yoast SEO plugin. -->","yoast_head_json":{"title":"Trastorns de l\u2019audici\u00f3 - Fonologos","robots":{"index":"index","follow":"follow","max-snippet":"max-snippet:-1","max-image-preview":"max-image-preview:large","max-video-preview":"max-video-preview:-1"},"canonical":"https:\/\/fonologos.com\/nweb\/patologies\/trastorns-de-laudicio\/","og_locale":"ca_ES","og_type":"article","og_title":"Trastorns de l\u2019audici\u00f3 - Fonologos","og_description":"Els trastorns de l\u2019audici\u00f3 tenen una gran repercussi\u00f3 en la comunicaci\u00f3 de les persones que els pateixen i per als seus familiars. En el cas dels infants, per les dificultats que impliquen per a l\u2019adquisici\u00f3 del llenguatge. En els adults per afectar a les seves relacions familiars, laborals i socials. Signes d\u2019alerta: El nen no [&hellip;]","og_url":"https:\/\/fonologos.com\/nweb\/patologies\/trastorns-de-laudicio\/","og_site_name":"Fonologos","article_modified_time":"2016-02-05T18:55:35+00:00","og_image":[{"url":"http:\/\/fonologos.com\/nweb\/wp-content\/uploads\/2015\/11\/trastornos-auditivos.png"}],"twitter_card":"summary_large_image","twitter_misc":{"Temps estimat de lectura":"2 minuts"},"schema":{"@context":"https:\/\/schema.org","@graph":[{"@type":"WebPage","@id":"https:\/\/fonologos.com\/nweb\/patologies\/trastorns-de-laudicio\/","url":"https:\/\/fonologos.com\/nweb\/patologies\/trastorns-de-laudicio\/","name":"Trastorns de l\u2019audici\u00f3 - Fonologos","isPartOf":{"@id":"https:\/\/fonologos.com\/nweb\/#website"},"datePublished":"2015-11-29T07:17:19+00:00","dateModified":"2016-02-05T18:55:35+00:00","breadcrumb":{"@id":"https:\/\/fonologos.com\/nweb\/patologies\/trastorns-de-laudicio\/#breadcrumb"},"inLanguage":"ca","potentialAction":[{"@type":"ReadAction","target":["https:\/\/fonologos.com\/nweb\/patologies\/trastorns-de-laudicio\/"]}]},{"@type":"BreadcrumbList","@id":"https:\/\/fonologos.com\/nweb\/patologies\/trastorns-de-laudicio\/#breadcrumb","itemListElement":[{"@type":"ListItem","position":1,"name":"Inici","item":"https:\/\/fonologos.com\/nweb\/"},{"@type":"ListItem","position":2,"name":"Trastorns de l\u2019audici\u00f3"}]},{"@type":"WebSite","@id":"https:\/\/fonologos.com\/nweb\/#website","url":"https:\/\/fonologos.com\/nweb\/","name":"Fonologos","description":"Cl\u00ednica de Foniatria i Logop\u00e8dia a Barcelona","potentialAction":[{"@type":"SearchAction","target":{"@type":"EntryPoint","urlTemplate":"https:\/\/fonologos.com\/nweb\/?s={search_term_string}"},"query-input":"required name=search_term_string"}],"inLanguage":"ca"}]}},"_links":{"self":[{"href":"https:\/\/fonologos.com\/nweb\/wp-json\/wp\/v2\/pages\/63"}],"collection":[{"href":"https:\/\/fonologos.com\/nweb\/wp-json\/wp\/v2\/pages"}],"about":[{"href":"https:\/\/fonologos.com\/nweb\/wp-json\/wp\/v2\/types\/page"}],"author":[{"embeddable":true,"href":"https:\/\/fonologos.com\/nweb\/wp-json\/wp\/v2\/users\/1"}],"replies":[{"embeddable":true,"href":"https:\/\/fonologos.com\/nweb\/wp-json\/wp\/v2\/comments?post=63"}],"version-history":[{"count":3,"href":"https:\/\/fonologos.com\/nweb\/wp-json\/wp\/v2\/pages\/63\/revisions"}],"predecessor-version":[{"id":348,"href":"https:\/\/fonologos.com\/nweb\/wp-json\/wp\/v2\/pages\/63\/revisions\/348"}],"up":[{"embeddable":true,"href":"https:\/\/fonologos.com\/nweb\/wp-json\/wp\/v2\/pages\/17"}],"wp:attachment":[{"href":"https:\/\/fonologos.com\/nweb\/wp-json\/wp\/v2\/media?parent=63"}],"curies":[{"name":"wp","href":"https:\/\/api.w.org\/{rel}","templated":true}]}}