{"id":59,"date":"2015-11-29T08:15:18","date_gmt":"2015-11-29T07:15:18","guid":{"rendered":"http:\/\/fonologos.com\/nweb\/?page_id=59"},"modified":"2016-04-05T14:36:17","modified_gmt":"2016-04-05T13:36:17","slug":"parla-en-public","status":"publish","type":"page","link":"https:\/\/fonologos.com\/nweb\/patologies\/parla-en-public\/","title":{"rendered":"Parla en P\u00fablic"},"content":{"rendered":"<p><a href=\"http:\/\/fonologos.com\/nweb\/wp-content\/uploads\/2015\/11\/hablar-en-publico1.png\"><img decoding=\"async\" loading=\"lazy\" class=\"alignnone wp-image-61 size-full\" src=\"http:\/\/fonologos.com\/nweb\/wp-content\/uploads\/2015\/11\/hablar-en-publico1.png\" alt=\"Parla en p\u00fablic\" width=\"175\" height=\"123\" \/><\/a><\/p>\n<p style=\"text-align: justify;\"><span style=\"color: #454545;\">Parlar als mitjans de comunicaci\u00f3, donar confer\u00e8ncies, classes o dirigir grups exigeix unes habilitats verbals: dicci\u00f3 acurada, facilitat d\u2019acc\u00e9s al l\u00e8xic i domini dels recursos de l\u2019orat\u00f2ria. L\u2019objectiu d\u2019un orador \u00e9s en primer lloc, transmetre un missatge a l\u2019auditori i en segon lloc, per\u00f2 no menys important, agradar i persuadir. \u00c9s a dir, seduir amb la paraula.<\/span><\/p>\n<!--[if lt IE 9]><script>document.createElement('audio');<\/script><![endif]-->\n<audio class=\"wp-audio-shortcode\" id=\"audio-59-1\" preload=\"none\" style=\"width: 100%;\" controls=\"controls\"><source type=\"audio\/mpeg\" src=\"http:\/\/fonologos.com\/nweb\/wp-content\/uploads\/2016\/02\/Parla-en-p\u00fablic.mp3?_=1\" \/><a href=\"http:\/\/fonologos.com\/nweb\/wp-content\/uploads\/2016\/02\/Parla-en-p\u00fablic.mp3\">http:\/\/fonologos.com\/nweb\/wp-content\/uploads\/2016\/02\/Parla-en-p\u00fablic.mp3<\/a><\/audio>\n<p style=\"text-align: justify;\">\n<p style=\"text-align: justify;\"><span style=\"color: #454545;\">Di\u00e0riament veiem professors, presentadors i pol\u00edtics que ens brinden exemples tant en aquest sentit com en el contrari. Es diu d\u2019un orador que \u201csap comunicar\u201d quan transmet a l\u2019auditori la impressi\u00f3 de veracitat, credibilitat i empatia. Aix\u00f2 requereix cuidar tant el contingut del discurs com la forma en que s\u2019expressa. Analitzant el seu model comunicatiu s\u2019observar\u00e0 que el bon orador acompanya la paraula (comunicaci\u00f3n verbal) amb la utilitzaci\u00f3 eficient de la comunicaci\u00f3 no verbal.<\/span><\/p>\n<p style=\"text-align: justify;\"><span style=\"color: #454545;\">Qui parla en p\u00fablic ha de dominar la gesti\u00f3 de les pauses, que segons la seva durada i el lloc que ocupin a la frase poden canviar el sentit del missatge. Ha de saber administrar el ritme i el tempo del discurs per captar i mantenir l\u2019atenci\u00f3 de l\u2019audi\u00e8ncia. Ha de saber jugar amb l\u2019entonaci\u00f3 (ni mon\u00f2tona ni excessiva) i amb la intensitat de la veu per remarcar les principals idees. Tot aix\u00f2 acompanyat d\u2019un llenguatge gestual natural.<\/span><\/p>\n<p><a href=\"http:\/\/fonologos.com\/nweb\/wp-content\/uploads\/2015\/11\/elperiodico.pdf\" target=\"_blank\"><img decoding=\"async\" loading=\"lazy\" class=\"alignnone size-medium wp-image-60\" src=\"http:\/\/fonologos.com\/nweb\/wp-content\/uploads\/2015\/11\/elperiodico-263x300.jpg\" alt=\"Article diari El Periodico\" width=\"263\" height=\"300\" \/><\/a><\/p>\n<h4><span style=\"color: #000000;\"><strong>Parlar en p\u00fablic es pot practicar i aprendre<\/strong><\/span><\/h4>\n<p style=\"text-align: justify;\"><span style=\"color: #454545;\">A la nostra consulta estudiem el model comunicatiu de la persona que desitja millorar les seves habilitats comunicatives i elaborem conjuntament un programa d\u2019entrenament segons les seves necessitats i prioritats.<\/span><\/p>\n","protected":false},"excerpt":{"rendered":"<p>Parlar als mitjans de comunicaci\u00f3, donar confer\u00e8ncies, classes o dirigir grups exigeix unes habilitats verbals: dicci\u00f3 acurada, facilitat d\u2019acc\u00e9s al l\u00e8xic i domini dels recursos de l\u2019orat\u00f2ria. L\u2019objectiu d\u2019un orador \u00e9s en primer lloc, transmetre un missatge a l\u2019auditori i en segon lloc, per\u00f2 no menys important, agradar i persuadir. \u00c9s a dir, seduir amb [&hellip;]<\/p>\n","protected":false},"author":1,"featured_media":0,"parent":17,"menu_order":6,"comment_status":"closed","ping_status":"closed","template":"","meta":[],"yoast_head":"<!-- This site is optimized with the Yoast SEO plugin v20.6 - https:\/\/yoast.com\/wordpress\/plugins\/seo\/ -->\n<title>Parla en P\u00fablic - Fonologos<\/title>\n<meta name=\"robots\" content=\"index, follow, max-snippet:-1, max-image-preview:large, max-video-preview:-1\" \/>\n<link rel=\"canonical\" href=\"https:\/\/fonologos.com\/nweb\/patologies\/parla-en-public\/\" \/>\n<meta property=\"og:locale\" content=\"ca_ES\" \/>\n<meta property=\"og:type\" content=\"article\" \/>\n<meta property=\"og:title\" content=\"Parla en P\u00fablic - Fonologos\" \/>\n<meta property=\"og:description\" content=\"Parlar als mitjans de comunicaci\u00f3, donar confer\u00e8ncies, classes o dirigir grups exigeix unes habilitats verbals: dicci\u00f3 acurada, facilitat d\u2019acc\u00e9s al l\u00e8xic i domini dels recursos de l\u2019orat\u00f2ria. L\u2019objectiu d\u2019un orador \u00e9s en primer lloc, transmetre un missatge a l\u2019auditori i en segon lloc, per\u00f2 no menys important, agradar i persuadir. \u00c9s a dir, seduir amb [&hellip;]\" \/>\n<meta property=\"og:url\" content=\"https:\/\/fonologos.com\/nweb\/patologies\/parla-en-public\/\" \/>\n<meta property=\"og:site_name\" content=\"Fonologos\" \/>\n<meta property=\"article:modified_time\" content=\"2016-04-05T13:36:17+00:00\" \/>\n<meta property=\"og:image\" content=\"http:\/\/fonologos.com\/nweb\/wp-content\/uploads\/2015\/11\/hablar-en-publico1.png\" \/>\n<meta name=\"twitter:card\" content=\"summary_large_image\" \/>\n<meta name=\"twitter:label1\" content=\"Temps estimat de lectura\" \/>\n\t<meta name=\"twitter:data1\" content=\"1 minut\" \/>\n<script type=\"application\/ld+json\" class=\"yoast-schema-graph\">{\"@context\":\"https:\/\/schema.org\",\"@graph\":[{\"@type\":\"WebPage\",\"@id\":\"https:\/\/fonologos.com\/nweb\/patologies\/parla-en-public\/\",\"url\":\"https:\/\/fonologos.com\/nweb\/patologies\/parla-en-public\/\",\"name\":\"Parla en P\u00fablic - Fonologos\",\"isPartOf\":{\"@id\":\"https:\/\/fonologos.com\/nweb\/#website\"},\"datePublished\":\"2015-11-29T07:15:18+00:00\",\"dateModified\":\"2016-04-05T13:36:17+00:00\",\"breadcrumb\":{\"@id\":\"https:\/\/fonologos.com\/nweb\/patologies\/parla-en-public\/#breadcrumb\"},\"inLanguage\":\"ca\",\"potentialAction\":[{\"@type\":\"ReadAction\",\"target\":[\"https:\/\/fonologos.com\/nweb\/patologies\/parla-en-public\/\"]}]},{\"@type\":\"BreadcrumbList\",\"@id\":\"https:\/\/fonologos.com\/nweb\/patologies\/parla-en-public\/#breadcrumb\",\"itemListElement\":[{\"@type\":\"ListItem\",\"position\":1,\"name\":\"Inici\",\"item\":\"https:\/\/fonologos.com\/nweb\/\"},{\"@type\":\"ListItem\",\"position\":2,\"name\":\"Parla en P\u00fablic\"}]},{\"@type\":\"WebSite\",\"@id\":\"https:\/\/fonologos.com\/nweb\/#website\",\"url\":\"https:\/\/fonologos.com\/nweb\/\",\"name\":\"Fonologos\",\"description\":\"Cl\u00ednica de Foniatria i Logop\u00e8dia a Barcelona\",\"potentialAction\":[{\"@type\":\"SearchAction\",\"target\":{\"@type\":\"EntryPoint\",\"urlTemplate\":\"https:\/\/fonologos.com\/nweb\/?s={search_term_string}\"},\"query-input\":\"required name=search_term_string\"}],\"inLanguage\":\"ca\"}]}<\/script>\n<!-- \/ Yoast SEO plugin. -->","yoast_head_json":{"title":"Parla en P\u00fablic - Fonologos","robots":{"index":"index","follow":"follow","max-snippet":"max-snippet:-1","max-image-preview":"max-image-preview:large","max-video-preview":"max-video-preview:-1"},"canonical":"https:\/\/fonologos.com\/nweb\/patologies\/parla-en-public\/","og_locale":"ca_ES","og_type":"article","og_title":"Parla en P\u00fablic - Fonologos","og_description":"Parlar als mitjans de comunicaci\u00f3, donar confer\u00e8ncies, classes o dirigir grups exigeix unes habilitats verbals: dicci\u00f3 acurada, facilitat d\u2019acc\u00e9s al l\u00e8xic i domini dels recursos de l\u2019orat\u00f2ria. L\u2019objectiu d\u2019un orador \u00e9s en primer lloc, transmetre un missatge a l\u2019auditori i en segon lloc, per\u00f2 no menys important, agradar i persuadir. \u00c9s a dir, seduir amb [&hellip;]","og_url":"https:\/\/fonologos.com\/nweb\/patologies\/parla-en-public\/","og_site_name":"Fonologos","article_modified_time":"2016-04-05T13:36:17+00:00","og_image":[{"url":"http:\/\/fonologos.com\/nweb\/wp-content\/uploads\/2015\/11\/hablar-en-publico1.png"}],"twitter_card":"summary_large_image","twitter_misc":{"Temps estimat de lectura":"1 minut"},"schema":{"@context":"https:\/\/schema.org","@graph":[{"@type":"WebPage","@id":"https:\/\/fonologos.com\/nweb\/patologies\/parla-en-public\/","url":"https:\/\/fonologos.com\/nweb\/patologies\/parla-en-public\/","name":"Parla en P\u00fablic - Fonologos","isPartOf":{"@id":"https:\/\/fonologos.com\/nweb\/#website"},"datePublished":"2015-11-29T07:15:18+00:00","dateModified":"2016-04-05T13:36:17+00:00","breadcrumb":{"@id":"https:\/\/fonologos.com\/nweb\/patologies\/parla-en-public\/#breadcrumb"},"inLanguage":"ca","potentialAction":[{"@type":"ReadAction","target":["https:\/\/fonologos.com\/nweb\/patologies\/parla-en-public\/"]}]},{"@type":"BreadcrumbList","@id":"https:\/\/fonologos.com\/nweb\/patologies\/parla-en-public\/#breadcrumb","itemListElement":[{"@type":"ListItem","position":1,"name":"Inici","item":"https:\/\/fonologos.com\/nweb\/"},{"@type":"ListItem","position":2,"name":"Parla en P\u00fablic"}]},{"@type":"WebSite","@id":"https:\/\/fonologos.com\/nweb\/#website","url":"https:\/\/fonologos.com\/nweb\/","name":"Fonologos","description":"Cl\u00ednica de Foniatria i Logop\u00e8dia a Barcelona","potentialAction":[{"@type":"SearchAction","target":{"@type":"EntryPoint","urlTemplate":"https:\/\/fonologos.com\/nweb\/?s={search_term_string}"},"query-input":"required name=search_term_string"}],"inLanguage":"ca"}]}},"_links":{"self":[{"href":"https:\/\/fonologos.com\/nweb\/wp-json\/wp\/v2\/pages\/59"}],"collection":[{"href":"https:\/\/fonologos.com\/nweb\/wp-json\/wp\/v2\/pages"}],"about":[{"href":"https:\/\/fonologos.com\/nweb\/wp-json\/wp\/v2\/types\/page"}],"author":[{"embeddable":true,"href":"https:\/\/fonologos.com\/nweb\/wp-json\/wp\/v2\/users\/1"}],"replies":[{"embeddable":true,"href":"https:\/\/fonologos.com\/nweb\/wp-json\/wp\/v2\/comments?post=59"}],"version-history":[{"count":9,"href":"https:\/\/fonologos.com\/nweb\/wp-json\/wp\/v2\/pages\/59\/revisions"}],"predecessor-version":[{"id":540,"href":"https:\/\/fonologos.com\/nweb\/wp-json\/wp\/v2\/pages\/59\/revisions\/540"}],"up":[{"embeddable":true,"href":"https:\/\/fonologos.com\/nweb\/wp-json\/wp\/v2\/pages\/17"}],"wp:attachment":[{"href":"https:\/\/fonologos.com\/nweb\/wp-json\/wp\/v2\/media?parent=59"}],"curies":[{"name":"wp","href":"https:\/\/api.w.org\/{rel}","templated":true}]}}