{"id":56,"date":"2015-11-29T08:11:30","date_gmt":"2015-11-29T07:11:30","guid":{"rendered":"http:\/\/fonologos.com\/nweb\/?page_id=56"},"modified":"2016-06-06T12:29:32","modified_gmt":"2016-06-06T11:29:32","slug":"tartamudesa","status":"publish","type":"page","link":"https:\/\/fonologos.com\/nweb\/patologies\/tartamudesa\/","title":{"rendered":"Tartamudesa"},"content":{"rendered":"<h4><a href=\"http:\/\/fonologos.com\/nweb\/wp-content\/uploads\/2015\/11\/tartamudez.png\"><img decoding=\"async\" loading=\"lazy\" class=\"alignnone size-full wp-image-57\" src=\"http:\/\/fonologos.com\/nweb\/wp-content\/uploads\/2015\/11\/tartamudez.png\" alt=\"tartamudesa\" width=\"175\" height=\"133\" \/><\/a><\/h4>\n<h3><span style=\"color: #000000;\"><strong>Quin origen t\u00e9 la tartamudesa?<\/strong><\/span><\/h3>\n<p style=\"text-align: justify;\"><span style=\"color: #454545;\">Amb el <strong>desenvolupament del llenguatge<\/strong> el nen apr\u00e8n a seleccionar les paraules m\u00e9s adients per expressar una idea i a combinar-les seguint les normes gramaticals i fon\u00e8tiques de la seva llengua. Naturalment, al principi t\u00e9 dubtes i la seva parla pot mostrar aturades i repeticions (etapa de quequesa transit\u00f2ria) per\u00f2, de mica en mica, va aprenent a encadenar harm\u00f2nicament uns elements amb altres i obt\u00e9 una parla fluida. <strong>Si en alg\u00fan moment d\u2019aquest aprenentatge apareix algun factor que el pertorba<\/strong>, \u00e9s possible que quedi fixat un automatisme de disflu\u00e8ncia.<\/span><\/p>\n<h4><\/h4>\n<!--[if lt IE 9]><script>document.createElement('audio');<\/script><![endif]-->\n<audio class=\"wp-audio-shortcode\" id=\"audio-56-1\" preload=\"none\" style=\"width: 100%;\" controls=\"controls\"><source type=\"audio\/mpeg\" src=\"http:\/\/fonologos.com\/nweb\/wp-content\/uploads\/2016\/01\/Tartamudesa.mp3?_=1\" \/><a href=\"http:\/\/fonologos.com\/nweb\/wp-content\/uploads\/2016\/01\/Tartamudesa.mp3\">http:\/\/fonologos.com\/nweb\/wp-content\/uploads\/2016\/01\/Tartamudesa.mp3<\/a><\/audio>\n<h4><\/h4>\n<h3><span style=\"color: #000000;\"><strong>Factors de risc<\/strong><\/span><\/h3>\n<p style=\"text-align: justify;\"><span style=\"color: #454545;\">\u00c9s m\u00e9s probable que la disflu\u00e8ncia quedi fixada si \u00e9s un infant del sexe mascul\u00ed i t\u00e9 altres familiars tartamuts. Tamb\u00e9 si a la disflu\u00e8ncia s\u2019hi associa un retard o trastorn de llenguatge o parla. Cal afegir-hi alguns aspectes psicol\u00f2gics que, combinats amb situacions familiars o ambientals, transit\u00f2ries o permanents, contribueixen al manteniment del trastorn.<\/span><\/p>\n<p><iframe loading=\"lazy\" src=\"https:\/\/www.youtube.com\/embed\/Q5VoD-Phu5Q\" width=\"280\" height=\"158\" frameborder=\"0\" allowfullscreen=\"allowfullscreen\"><\/iframe><\/p>\n<h3 style=\"text-align: center;\"><span style=\"text-decoration: underline;\"><span style=\"color: #000000;\"><strong>Qu\u00e8 cal fer per evitar-la?<\/strong><\/span><\/span><\/h3>\n<p style=\"text-align: justify;\"><span style=\"color: #454545;\">El m\u00e9s important \u00e9s actuar en el terreny de la <strong>prevenci\u00f3<\/strong>, fent un seguiment del nen de risc i donar <strong>pautes d\u2019actuaci\u00f3 a la fam\u00edlia i a l\u2019escola<\/strong>. B\u00e0sicament el nen ha de comptar amb:<\/span><\/p>\n<ul style=\"text-align: justify;\">\n<li><span style=\"color: #454545;\">Un model de parla clara i no gaire r\u00e0pida<\/span><\/li>\n<li><span style=\"color: #454545;\">Temps i espai per poder parlar confiadament<\/span><\/li>\n<li><span style=\"color: #454545;\">Sentir-se at\u00e8s i escoltat per all\u00f2 que vol comunicar i no constantment examinat i aconsellat per causa de la seva parla<\/span><\/li>\n<\/ul>\n<p style=\"text-align: justify;\"><span style=\"color: #454545;\">Tan sols amb aquestes mesures, un enorme percentatge de nens supera l\u2019etapa de tartamudesa inicial i el problema desapareix. <strong>Com menys conscient en sigui el nen, menys probable ser\u00e0 que el trastorn es cronifiqui<\/strong>.<\/span><\/p>\n<blockquote>\n<p style=\"text-align: right;\"><strong><span style=\"color: #454545;\">Veure ARTICLE\u00a0en premsa <\/span><span style=\"color: #087308;\"><a href=\"http:\/\/fonologos.com\/nweb\/wp-content\/uploads\/2016\/02\/ArticleTartamudesaRegio7.pdf\" target=\"_blank\">clic aqui<\/a><\/span><\/strong><\/p>\n<\/blockquote>\n<h3 style=\"text-align: center;\"><span style=\"text-decoration: underline;\"><span style=\"color: #000000;\"><strong>Tractament de la Tartamudesa<\/strong><\/span><\/span><\/h3>\n<p style=\"text-align: justify;\"><span style=\"color: #454545;\"><strong>Si malgrat tot la quequesa es va consolidant<\/strong>, requerir\u00e0 un tractament que, sense negar possibles suports de tipus psicol\u00f2gic convenients en alguns casos, vagi dirigit a facilitar <strong>nous recursos de flu\u00efdesa<\/strong> per fer front al trastorn.<\/span><\/p>\n<p style=\"text-align: justify;\"><span style=\"color: #454545;\"><strong>En el cas de l\u2019adolescent o l\u2019adult<\/strong>, <strong>pacient i terapeuta analitzaran<\/strong> conjuntament com i perqu\u00e8 es produeixen els moments de parla fluida i disfluent.<\/span><\/p>\n<p style=\"text-align: justify;\"><span style=\"color: #454545;\">La comprensi\u00f3 de quins mecanismes de velocitat i volum, coordinaci\u00f3 fono &#8211; respirat\u00f2ria, entonaci\u00f3, gestualitat, estructura del discurs, pauses, etc., s\u2019activen en cada cas, ajudar\u00e0 al propi subjecte a <strong>progressar en el control del problema per mitj\u00e0 del reconeixement, l\u2019entrenament i el nou aprenentatge.<\/strong><\/span><\/p>\n","protected":false},"excerpt":{"rendered":"<p>Quin origen t\u00e9 la tartamudesa? Amb el desenvolupament del llenguatge el nen apr\u00e8n a seleccionar les paraules m\u00e9s adients per expressar una idea i a combinar-les seguint les normes gramaticals i fon\u00e8tiques de la seva llengua. Naturalment, al principi t\u00e9 dubtes i la seva parla pot mostrar aturades i repeticions (etapa de quequesa transit\u00f2ria) per\u00f2, [&hellip;]<\/p>\n","protected":false},"author":1,"featured_media":0,"parent":17,"menu_order":3,"comment_status":"closed","ping_status":"closed","template":"","meta":[],"yoast_head":"<!-- This site is optimized with the Yoast SEO plugin v20.6 - https:\/\/yoast.com\/wordpress\/plugins\/seo\/ -->\n<title>Tartamudesa - Fonologos<\/title>\n<meta name=\"robots\" content=\"index, follow, max-snippet:-1, max-image-preview:large, max-video-preview:-1\" \/>\n<link rel=\"canonical\" href=\"https:\/\/fonologos.com\/nweb\/patologies\/tartamudesa\/\" \/>\n<meta property=\"og:locale\" content=\"ca_ES\" \/>\n<meta property=\"og:type\" content=\"article\" \/>\n<meta property=\"og:title\" content=\"Tartamudesa - Fonologos\" \/>\n<meta property=\"og:description\" content=\"Quin origen t\u00e9 la tartamudesa? Amb el desenvolupament del llenguatge el nen apr\u00e8n a seleccionar les paraules m\u00e9s adients per expressar una idea i a combinar-les seguint les normes gramaticals i fon\u00e8tiques de la seva llengua. Naturalment, al principi t\u00e9 dubtes i la seva parla pot mostrar aturades i repeticions (etapa de quequesa transit\u00f2ria) per\u00f2, [&hellip;]\" \/>\n<meta property=\"og:url\" content=\"https:\/\/fonologos.com\/nweb\/patologies\/tartamudesa\/\" \/>\n<meta property=\"og:site_name\" content=\"Fonologos\" \/>\n<meta property=\"article:modified_time\" content=\"2016-06-06T11:29:32+00:00\" \/>\n<meta property=\"og:image\" content=\"http:\/\/fonologos.com\/nweb\/wp-content\/uploads\/2015\/11\/tartamudez.png\" \/>\n<meta name=\"twitter:card\" content=\"summary_large_image\" \/>\n<meta name=\"twitter:label1\" content=\"Temps estimat de lectura\" \/>\n\t<meta name=\"twitter:data1\" content=\"2 minuts\" \/>\n<script type=\"application\/ld+json\" class=\"yoast-schema-graph\">{\"@context\":\"https:\/\/schema.org\",\"@graph\":[{\"@type\":\"WebPage\",\"@id\":\"https:\/\/fonologos.com\/nweb\/patologies\/tartamudesa\/\",\"url\":\"https:\/\/fonologos.com\/nweb\/patologies\/tartamudesa\/\",\"name\":\"Tartamudesa - Fonologos\",\"isPartOf\":{\"@id\":\"https:\/\/fonologos.com\/nweb\/#website\"},\"datePublished\":\"2015-11-29T07:11:30+00:00\",\"dateModified\":\"2016-06-06T11:29:32+00:00\",\"breadcrumb\":{\"@id\":\"https:\/\/fonologos.com\/nweb\/patologies\/tartamudesa\/#breadcrumb\"},\"inLanguage\":\"ca\",\"potentialAction\":[{\"@type\":\"ReadAction\",\"target\":[\"https:\/\/fonologos.com\/nweb\/patologies\/tartamudesa\/\"]}]},{\"@type\":\"BreadcrumbList\",\"@id\":\"https:\/\/fonologos.com\/nweb\/patologies\/tartamudesa\/#breadcrumb\",\"itemListElement\":[{\"@type\":\"ListItem\",\"position\":1,\"name\":\"Inici\",\"item\":\"https:\/\/fonologos.com\/nweb\/\"},{\"@type\":\"ListItem\",\"position\":2,\"name\":\"Tartamudesa\"}]},{\"@type\":\"WebSite\",\"@id\":\"https:\/\/fonologos.com\/nweb\/#website\",\"url\":\"https:\/\/fonologos.com\/nweb\/\",\"name\":\"Fonologos\",\"description\":\"Cl\u00ednica de Foniatria i Logop\u00e8dia a Barcelona\",\"potentialAction\":[{\"@type\":\"SearchAction\",\"target\":{\"@type\":\"EntryPoint\",\"urlTemplate\":\"https:\/\/fonologos.com\/nweb\/?s={search_term_string}\"},\"query-input\":\"required name=search_term_string\"}],\"inLanguage\":\"ca\"}]}<\/script>\n<!-- \/ Yoast SEO plugin. -->","yoast_head_json":{"title":"Tartamudesa - Fonologos","robots":{"index":"index","follow":"follow","max-snippet":"max-snippet:-1","max-image-preview":"max-image-preview:large","max-video-preview":"max-video-preview:-1"},"canonical":"https:\/\/fonologos.com\/nweb\/patologies\/tartamudesa\/","og_locale":"ca_ES","og_type":"article","og_title":"Tartamudesa - Fonologos","og_description":"Quin origen t\u00e9 la tartamudesa? Amb el desenvolupament del llenguatge el nen apr\u00e8n a seleccionar les paraules m\u00e9s adients per expressar una idea i a combinar-les seguint les normes gramaticals i fon\u00e8tiques de la seva llengua. Naturalment, al principi t\u00e9 dubtes i la seva parla pot mostrar aturades i repeticions (etapa de quequesa transit\u00f2ria) per\u00f2, [&hellip;]","og_url":"https:\/\/fonologos.com\/nweb\/patologies\/tartamudesa\/","og_site_name":"Fonologos","article_modified_time":"2016-06-06T11:29:32+00:00","og_image":[{"url":"http:\/\/fonologos.com\/nweb\/wp-content\/uploads\/2015\/11\/tartamudez.png"}],"twitter_card":"summary_large_image","twitter_misc":{"Temps estimat de lectura":"2 minuts"},"schema":{"@context":"https:\/\/schema.org","@graph":[{"@type":"WebPage","@id":"https:\/\/fonologos.com\/nweb\/patologies\/tartamudesa\/","url":"https:\/\/fonologos.com\/nweb\/patologies\/tartamudesa\/","name":"Tartamudesa - Fonologos","isPartOf":{"@id":"https:\/\/fonologos.com\/nweb\/#website"},"datePublished":"2015-11-29T07:11:30+00:00","dateModified":"2016-06-06T11:29:32+00:00","breadcrumb":{"@id":"https:\/\/fonologos.com\/nweb\/patologies\/tartamudesa\/#breadcrumb"},"inLanguage":"ca","potentialAction":[{"@type":"ReadAction","target":["https:\/\/fonologos.com\/nweb\/patologies\/tartamudesa\/"]}]},{"@type":"BreadcrumbList","@id":"https:\/\/fonologos.com\/nweb\/patologies\/tartamudesa\/#breadcrumb","itemListElement":[{"@type":"ListItem","position":1,"name":"Inici","item":"https:\/\/fonologos.com\/nweb\/"},{"@type":"ListItem","position":2,"name":"Tartamudesa"}]},{"@type":"WebSite","@id":"https:\/\/fonologos.com\/nweb\/#website","url":"https:\/\/fonologos.com\/nweb\/","name":"Fonologos","description":"Cl\u00ednica de Foniatria i Logop\u00e8dia a Barcelona","potentialAction":[{"@type":"SearchAction","target":{"@type":"EntryPoint","urlTemplate":"https:\/\/fonologos.com\/nweb\/?s={search_term_string}"},"query-input":"required name=search_term_string"}],"inLanguage":"ca"}]}},"_links":{"self":[{"href":"https:\/\/fonologos.com\/nweb\/wp-json\/wp\/v2\/pages\/56"}],"collection":[{"href":"https:\/\/fonologos.com\/nweb\/wp-json\/wp\/v2\/pages"}],"about":[{"href":"https:\/\/fonologos.com\/nweb\/wp-json\/wp\/v2\/types\/page"}],"author":[{"embeddable":true,"href":"https:\/\/fonologos.com\/nweb\/wp-json\/wp\/v2\/users\/1"}],"replies":[{"embeddable":true,"href":"https:\/\/fonologos.com\/nweb\/wp-json\/wp\/v2\/comments?post=56"}],"version-history":[{"count":25,"href":"https:\/\/fonologos.com\/nweb\/wp-json\/wp\/v2\/pages\/56\/revisions"}],"predecessor-version":[{"id":706,"href":"https:\/\/fonologos.com\/nweb\/wp-json\/wp\/v2\/pages\/56\/revisions\/706"}],"up":[{"embeddable":true,"href":"https:\/\/fonologos.com\/nweb\/wp-json\/wp\/v2\/pages\/17"}],"wp:attachment":[{"href":"https:\/\/fonologos.com\/nweb\/wp-json\/wp\/v2\/media?parent=56"}],"curies":[{"name":"wp","href":"https:\/\/api.w.org\/{rel}","templated":true}]}}