{"id":50,"date":"2015-11-29T08:09:53","date_gmt":"2015-11-29T07:09:53","guid":{"rendered":"http:\/\/fonologos.com\/nweb\/?page_id=50"},"modified":"2016-04-04T17:21:00","modified_gmt":"2016-04-04T16:21:00","slug":"laboratori-de-veu-i-parla","status":"publish","type":"page","link":"https:\/\/fonologos.com\/nweb\/patologies\/laboratori-de-veu-i-parla\/","title":{"rendered":"Laboratori de veu i parla"},"content":{"rendered":"<p><a href=\"http:\/\/fonologos.com\/nweb\/wp-content\/uploads\/2015\/11\/laboratorio-voz.png\"><img decoding=\"async\" loading=\"lazy\" class=\"alignnone size-full wp-image-54\" src=\"http:\/\/fonologos.com\/nweb\/wp-content\/uploads\/2015\/11\/laboratorio-voz.png\" alt=\"laboratori de la veu\" width=\"175\" height=\"105\" \/><\/a><\/p>\n<p style=\"text-align: justify;\"><span style=\"color: #454545;\">Des de l\u2019Antiguitat grans noms de la ci\u00e8ncia com Pit\u00e0gores, Arist\u00f2til, Vitruvi, Galileu, Newton i tants d\u2019altres van fer de l\u2019Ac\u00fastica objecte d\u2019estudi. Modernament, els llegendaris laboratoris Bell van comen\u00e7ar a desenvolupar l\u2019espectrografia del so als anys 40 del segle passat i actualment els programes inform\u00e0tics d\u2019an\u00e0lisi ac\u00fastica s\u2019han convertit en una eina de f\u00e0cil maneig per a l\u2019estudi i el tractament de la veu i de la parla.<\/span><\/p>\n<p style=\"text-align: justify;\"><span style=\"color: #454545;\">Aquests programes permeten visualitzar i quantificar all\u00f2 que l\u2019o\u00efda entrenada percep i, a part del seu indiscutible valor en investigaci\u00f3, constitueixen una ajuda inestimable en el tractament logop\u00e8dic proporcionant al pacient un feedback visual de les seves vocalitzacions, amenitzant i accelerant el proc\u00e9s d\u2019aprenentatge.<\/span><\/p>\n<p style=\"text-align: justify;\"><span style=\"color: #454545;\">La correcta interpretaci\u00f3 de les dades es basa en els principis de la Fon\u00e8tica i la F\u00edsica Ac\u00fastica. Al laboratori de FonoLogos gravem mostres de la veu o de la parla dels pacients per a:<\/span><\/p>\n<ul style=\"text-align: justify;\">\n<li><span style=\"color: #454545;\">An\u00e0lisi que aporti dades sobre els diversos components de l\u2019ona de so<\/span><\/li>\n<li><span style=\"color: #454545;\">Comparaci\u00f3 de mostres al llarg del tractament per veure\u2019n l\u2019evoluci\u00f3<\/span><\/li>\n<li><span style=\"color: #454545;\">Eina de rehabilitaci\u00f3 doncs permet observar en temps real els canvis que es produeixen tot realitzant els exercicis vocals en aplicar les t\u00e8cniques indicades<\/span><\/li>\n<\/ul>\n<p style=\"text-align: justify;\"><span style=\"color: #454545;\">L\u2019electroglotografia (EGG) permet con\u00e8ixer l&#8217;\u00e0rea de contacte de les cordes vocals en les diverses fases del cicle vibratori. Molt interessant en l\u2019aprenentatge de la veu cantada i dels mecanismes de resson\u00e0ncia.<\/span><\/p>\n<h4><span style=\"color: #000000;\"><strong>An\u00e0lisi Ac\u00fastica de la Veu<\/strong><\/span><\/h4>\n<p style=\"text-align: justify;\"><span style=\"color: #454545;\">D\u00f3na valors num\u00e8rics de la freq\u00fc\u00e8ncia i amplitud de l\u2019ona de so &#8211; la veu &#8211; i dels seus components &#8211; els harm\u00f2nics de la veu &#8211; al llarg del temps. \u00c9s una representaci\u00f3 gr\u00e0fica d\u2019all\u00f2 que l\u2019o\u00efda humana percep. Mostra les freq\u00fc\u00e8ncies formants del tracte vocal i permet estudiar la formant del cantant, el vibrato i altres fen\u00f2mens de la veu.<\/span><\/p>\n<p><a href=\"http:\/\/fonologos.com\/nweb\/wp-content\/uploads\/2015\/11\/analisis-acustico-voz-1.png\"><img decoding=\"async\" loading=\"lazy\" class=\"size-medium wp-image-53 aligncenter\" src=\"http:\/\/fonologos.com\/nweb\/wp-content\/uploads\/2015\/11\/analisis-acustico-voz-1-300x188.png\" alt=\"An\u00e0lisi ac\u00fastic veu trastorns veu\" width=\"300\" height=\"188\" \/><\/a><\/p>\n<p style=\"text-align: center;\"><span style=\"color: #454545;\"><em>Imatge: oscil\u2022lograma i sonograma. Nasalitzaci\u00f3 de la vocal &#8216;a&#8217;<\/em><\/span><\/p>\n<p style=\"text-align: justify;\"><span style=\"color: #454545;\">\u00c9s una eina molt interessant per a tractament doncs facilita la comprensi\u00f3 dels processos de la fonaci\u00f3 i del cant. El pacient hi participa molt activament- Molt valu\u00f3s en la cl\u00ednica di\u00e0ria aplicat a la resoluci\u00f3 de problemes en t\u00e8cnica vocal, com ara:<\/span><\/p>\n<ul>\n<li style=\"text-align: justify;\"><span style=\"color: #454545;\">Atac vocal<\/span><\/li>\n<li style=\"text-align: justify;\"><span style=\"color: #454545;\">Coordinaci\u00f3 fono-respirat\u00f2ria<\/span><\/li>\n<li style=\"text-align: justify;\"><span style=\"color: #454545;\">Suport de la veu<\/span><\/li>\n<li style=\"text-align: justify;\"><span style=\"color: #454545;\">Regularitat d\u2019emissi\u00f3 i de timbre<\/span><\/li>\n<li style=\"text-align: justify;\"><span style=\"color: #454545;\">Domini dels ressonadors<\/span><\/li>\n<\/ul>\n<p><a href=\"http:\/\/fonologos.com\/nweb\/wp-content\/uploads\/2015\/11\/analisis-acustico-voz-2.png\"><img decoding=\"async\" loading=\"lazy\" class=\"size-medium wp-image-52 aligncenter\" src=\"http:\/\/fonologos.com\/nweb\/wp-content\/uploads\/2015\/11\/analisis-acustico-voz-2-300x207.png\" alt=\"An\u00e0lisi ac\u00fastic trastorns veu\" width=\"300\" height=\"207\" \/><\/a><\/p>\n<p style=\"text-align: center;\"><span style=\"color: #454545;\"><em>Imatge: oscil\u2022lograma i sonograma. Sintonitzaci\u00f3 de formants. Vocal &#8216;a&#8217; salts d\u2019octava<\/em><\/span><\/p>\n<blockquote><p><span style=\"color: #454545;\"><strong>M\u00e9s informaci\u00f3 en<\/strong><\/span> <a href=\"http:\/\/fonologos.com\/nweb\/wp-content\/uploads\/2015\/11\/ponencia-acustica-de-la-veu-cantada-1.pdf\" target=\"_blank\"><span style=\"color: #087308;\"><strong>aquesta pon\u00e8ncia &#8220;Ac\u00fastica de la Veu Cantada&#8221;<\/strong><\/span><\/a><\/p><\/blockquote>\n<h4><\/h4>\n<h4><span style=\"color: #000000;\"><strong>An\u00e0lisi Ac\u00fastica de la Parla<\/strong><\/span><\/h4>\n<p style=\"text-align: justify;\"><span style=\"color: #454545;\">Estudia els trets ac\u00fastics distintius dels diversos sons de la parla. En ser la representaci\u00f3 gr\u00e0fica d\u2019all\u00f2 que l\u2019o\u00efda humana percep, permet observar visualment on rau la particularitat d\u2019aquests trets diferencials. \u00c9s l\u2019eina b\u00e0sica de ling\u00fcistes i fonetistes per a la investigaci\u00f3, per a s\u00edntesi de veu i ling\u00fc\u00edstica forense entre altres.<\/span><\/p>\n<p style=\"text-align: justify;\"><span style=\"color: #454545;\">En l\u2019\u00e0mbit de la Foniatria i la Logop\u00e8dia \u00e9s un instrument de rehabilitaci\u00f3 molt valu\u00f3s.\u00a0Tamb\u00e9 aqu\u00ed el pacient interv\u00e9 molt activament en la seva reeducaci\u00f3. S&#8217;aplica a:<\/span><\/p>\n<ul>\n<li style=\"text-align: justify;\"><span style=\"color: #454545;\">Correcci\u00f3 de disl\u00e0lies, disgl\u00f2ssies i dis\u00e0rtries<\/span><\/li>\n<li style=\"text-align: justify;\"><span style=\"color: #454545;\">Perfeccionament de la parla en casos de sordesa<\/span><\/li>\n<li style=\"text-align: justify;\"><span style=\"color: #454545;\">Fon\u00e8tica per locutors i actors de teatre i doblatge<\/span><\/li>\n<li style=\"text-align: justify;\"><span style=\"color: #454545;\">Fon\u00e8tica en l\u2019estudi de lleng\u00fces estrangeres<\/span><\/li>\n<li style=\"text-align: justify;\"><span style=\"color: #454545;\">Fon\u00e8tica per a conferenciants<\/span><\/li>\n<\/ul>\n<p><a href=\"http:\/\/fonologos.com\/nweb\/wp-content\/uploads\/2015\/11\/rehabilitacion-del-habla.png\"><img decoding=\"async\" loading=\"lazy\" class=\"size-medium wp-image-51 aligncenter\" src=\"http:\/\/fonologos.com\/nweb\/wp-content\/uploads\/2015\/11\/rehabilitacion-del-habla-300x175.png\" alt=\"rehabilitaci\u00f3 de la parla\" width=\"300\" height=\"175\" \/><\/a><\/p>\n<p style=\"text-align: center;\"><span style=\"color: #454545;\"><em>Imatge: reeducaci\u00f3 de la parla. Diverses sibilants sordes i sonores. Transicions amb la vocal &#8216;a&#8217;<\/em><\/span><\/p>\n","protected":false},"excerpt":{"rendered":"<p>Des de l\u2019Antiguitat grans noms de la ci\u00e8ncia com Pit\u00e0gores, Arist\u00f2til, Vitruvi, Galileu, Newton i tants d\u2019altres van fer de l\u2019Ac\u00fastica objecte d\u2019estudi. Modernament, els llegendaris laboratoris Bell van comen\u00e7ar a desenvolupar l\u2019espectrografia del so als anys 40 del segle passat i actualment els programes inform\u00e0tics d\u2019an\u00e0lisi ac\u00fastica s\u2019han convertit en una eina de f\u00e0cil [&hellip;]<\/p>\n","protected":false},"author":1,"featured_media":0,"parent":17,"menu_order":5,"comment_status":"closed","ping_status":"closed","template":"","meta":[],"yoast_head":"<!-- This site is optimized with the Yoast SEO plugin v20.6 - https:\/\/yoast.com\/wordpress\/plugins\/seo\/ -->\n<title>Laboratori de veu i parla - Fonologos<\/title>\n<meta name=\"robots\" content=\"index, follow, max-snippet:-1, max-image-preview:large, max-video-preview:-1\" \/>\n<link rel=\"canonical\" href=\"https:\/\/fonologos.com\/nweb\/patologies\/laboratori-de-veu-i-parla\/\" \/>\n<meta property=\"og:locale\" content=\"ca_ES\" \/>\n<meta property=\"og:type\" content=\"article\" \/>\n<meta property=\"og:title\" content=\"Laboratori de veu i parla - Fonologos\" \/>\n<meta property=\"og:description\" content=\"Des de l\u2019Antiguitat grans noms de la ci\u00e8ncia com Pit\u00e0gores, Arist\u00f2til, Vitruvi, Galileu, Newton i tants d\u2019altres van fer de l\u2019Ac\u00fastica objecte d\u2019estudi. Modernament, els llegendaris laboratoris Bell van comen\u00e7ar a desenvolupar l\u2019espectrografia del so als anys 40 del segle passat i actualment els programes inform\u00e0tics d\u2019an\u00e0lisi ac\u00fastica s\u2019han convertit en una eina de f\u00e0cil [&hellip;]\" \/>\n<meta property=\"og:url\" content=\"https:\/\/fonologos.com\/nweb\/patologies\/laboratori-de-veu-i-parla\/\" \/>\n<meta property=\"og:site_name\" content=\"Fonologos\" \/>\n<meta property=\"article:modified_time\" content=\"2016-04-04T16:21:00+00:00\" \/>\n<meta property=\"og:image\" content=\"http:\/\/fonologos.com\/nweb\/wp-content\/uploads\/2015\/11\/laboratorio-voz.png\" \/>\n<meta name=\"twitter:card\" content=\"summary_large_image\" \/>\n<meta name=\"twitter:label1\" content=\"Temps estimat de lectura\" \/>\n\t<meta name=\"twitter:data1\" content=\"3 minuts\" \/>\n<script type=\"application\/ld+json\" class=\"yoast-schema-graph\">{\"@context\":\"https:\/\/schema.org\",\"@graph\":[{\"@type\":\"WebPage\",\"@id\":\"https:\/\/fonologos.com\/nweb\/patologies\/laboratori-de-veu-i-parla\/\",\"url\":\"https:\/\/fonologos.com\/nweb\/patologies\/laboratori-de-veu-i-parla\/\",\"name\":\"Laboratori de veu i parla - Fonologos\",\"isPartOf\":{\"@id\":\"https:\/\/fonologos.com\/nweb\/#website\"},\"datePublished\":\"2015-11-29T07:09:53+00:00\",\"dateModified\":\"2016-04-04T16:21:00+00:00\",\"breadcrumb\":{\"@id\":\"https:\/\/fonologos.com\/nweb\/patologies\/laboratori-de-veu-i-parla\/#breadcrumb\"},\"inLanguage\":\"ca\",\"potentialAction\":[{\"@type\":\"ReadAction\",\"target\":[\"https:\/\/fonologos.com\/nweb\/patologies\/laboratori-de-veu-i-parla\/\"]}]},{\"@type\":\"BreadcrumbList\",\"@id\":\"https:\/\/fonologos.com\/nweb\/patologies\/laboratori-de-veu-i-parla\/#breadcrumb\",\"itemListElement\":[{\"@type\":\"ListItem\",\"position\":1,\"name\":\"Inici\",\"item\":\"https:\/\/fonologos.com\/nweb\/\"},{\"@type\":\"ListItem\",\"position\":2,\"name\":\"Laboratori de veu i parla\"}]},{\"@type\":\"WebSite\",\"@id\":\"https:\/\/fonologos.com\/nweb\/#website\",\"url\":\"https:\/\/fonologos.com\/nweb\/\",\"name\":\"Fonologos\",\"description\":\"Cl\u00ednica de Foniatria i Logop\u00e8dia a Barcelona\",\"potentialAction\":[{\"@type\":\"SearchAction\",\"target\":{\"@type\":\"EntryPoint\",\"urlTemplate\":\"https:\/\/fonologos.com\/nweb\/?s={search_term_string}\"},\"query-input\":\"required name=search_term_string\"}],\"inLanguage\":\"ca\"}]}<\/script>\n<!-- \/ Yoast SEO plugin. -->","yoast_head_json":{"title":"Laboratori de veu i parla - Fonologos","robots":{"index":"index","follow":"follow","max-snippet":"max-snippet:-1","max-image-preview":"max-image-preview:large","max-video-preview":"max-video-preview:-1"},"canonical":"https:\/\/fonologos.com\/nweb\/patologies\/laboratori-de-veu-i-parla\/","og_locale":"ca_ES","og_type":"article","og_title":"Laboratori de veu i parla - Fonologos","og_description":"Des de l\u2019Antiguitat grans noms de la ci\u00e8ncia com Pit\u00e0gores, Arist\u00f2til, Vitruvi, Galileu, Newton i tants d\u2019altres van fer de l\u2019Ac\u00fastica objecte d\u2019estudi. Modernament, els llegendaris laboratoris Bell van comen\u00e7ar a desenvolupar l\u2019espectrografia del so als anys 40 del segle passat i actualment els programes inform\u00e0tics d\u2019an\u00e0lisi ac\u00fastica s\u2019han convertit en una eina de f\u00e0cil [&hellip;]","og_url":"https:\/\/fonologos.com\/nweb\/patologies\/laboratori-de-veu-i-parla\/","og_site_name":"Fonologos","article_modified_time":"2016-04-04T16:21:00+00:00","og_image":[{"url":"http:\/\/fonologos.com\/nweb\/wp-content\/uploads\/2015\/11\/laboratorio-voz.png"}],"twitter_card":"summary_large_image","twitter_misc":{"Temps estimat de lectura":"3 minuts"},"schema":{"@context":"https:\/\/schema.org","@graph":[{"@type":"WebPage","@id":"https:\/\/fonologos.com\/nweb\/patologies\/laboratori-de-veu-i-parla\/","url":"https:\/\/fonologos.com\/nweb\/patologies\/laboratori-de-veu-i-parla\/","name":"Laboratori de veu i parla - Fonologos","isPartOf":{"@id":"https:\/\/fonologos.com\/nweb\/#website"},"datePublished":"2015-11-29T07:09:53+00:00","dateModified":"2016-04-04T16:21:00+00:00","breadcrumb":{"@id":"https:\/\/fonologos.com\/nweb\/patologies\/laboratori-de-veu-i-parla\/#breadcrumb"},"inLanguage":"ca","potentialAction":[{"@type":"ReadAction","target":["https:\/\/fonologos.com\/nweb\/patologies\/laboratori-de-veu-i-parla\/"]}]},{"@type":"BreadcrumbList","@id":"https:\/\/fonologos.com\/nweb\/patologies\/laboratori-de-veu-i-parla\/#breadcrumb","itemListElement":[{"@type":"ListItem","position":1,"name":"Inici","item":"https:\/\/fonologos.com\/nweb\/"},{"@type":"ListItem","position":2,"name":"Laboratori de veu i parla"}]},{"@type":"WebSite","@id":"https:\/\/fonologos.com\/nweb\/#website","url":"https:\/\/fonologos.com\/nweb\/","name":"Fonologos","description":"Cl\u00ednica de Foniatria i Logop\u00e8dia a Barcelona","potentialAction":[{"@type":"SearchAction","target":{"@type":"EntryPoint","urlTemplate":"https:\/\/fonologos.com\/nweb\/?s={search_term_string}"},"query-input":"required name=search_term_string"}],"inLanguage":"ca"}]}},"_links":{"self":[{"href":"https:\/\/fonologos.com\/nweb\/wp-json\/wp\/v2\/pages\/50"}],"collection":[{"href":"https:\/\/fonologos.com\/nweb\/wp-json\/wp\/v2\/pages"}],"about":[{"href":"https:\/\/fonologos.com\/nweb\/wp-json\/wp\/v2\/types\/page"}],"author":[{"embeddable":true,"href":"https:\/\/fonologos.com\/nweb\/wp-json\/wp\/v2\/users\/1"}],"replies":[{"embeddable":true,"href":"https:\/\/fonologos.com\/nweb\/wp-json\/wp\/v2\/comments?post=50"}],"version-history":[{"count":6,"href":"https:\/\/fonologos.com\/nweb\/wp-json\/wp\/v2\/pages\/50\/revisions"}],"predecessor-version":[{"id":490,"href":"https:\/\/fonologos.com\/nweb\/wp-json\/wp\/v2\/pages\/50\/revisions\/490"}],"up":[{"embeddable":true,"href":"https:\/\/fonologos.com\/nweb\/wp-json\/wp\/v2\/pages\/17"}],"wp:attachment":[{"href":"https:\/\/fonologos.com\/nweb\/wp-json\/wp\/v2\/media?parent=50"}],"curies":[{"name":"wp","href":"https:\/\/api.w.org\/{rel}","templated":true}]}}