{"id":46,"date":"2015-11-29T08:05:24","date_gmt":"2015-11-29T07:05:24","guid":{"rendered":"http:\/\/fonologos.com\/nweb\/?page_id=46"},"modified":"2016-04-05T14:42:46","modified_gmt":"2016-04-05T13:42:46","slug":"la-veu-al-teatre","status":"publish","type":"page","link":"https:\/\/fonologos.com\/nweb\/patologies\/la-veu-al-teatre\/","title":{"rendered":"La Veu al Teatre"},"content":{"rendered":"<p><a href=\"http:\/\/fonologos.com\/nweb\/wp-content\/uploads\/2015\/11\/voz-teatro.png\"><img decoding=\"async\" loading=\"lazy\" class=\"alignnone size-full wp-image-48\" src=\"http:\/\/fonologos.com\/nweb\/wp-content\/uploads\/2015\/11\/voz-teatro.png\" alt=\"la veu al teatre\" width=\"175\" height=\"123\" \/><\/a><\/p>\n<p style=\"text-align: justify;\"><span style=\"color: #454545;\">La veu del teatre t\u00e9 uns requeriments espec\u00edfics: l\u2019actor o actriu teatral ha de poder fer un crit, riure, plorar i jugar amb les entonacions a fi d\u2019expressar emocions amb la veu. El volum de veu pot oscil\u2022lar de la intensitat m\u00e9s alta fins a gaireb\u00e9 un xiuxiueig, per\u00f2 sempre ha de ser audible fins a les darreres files.<\/span><\/p>\n<!--[if lt IE 9]><script>document.createElement('audio');<\/script><![endif]-->\n<audio class=\"wp-audio-shortcode\" id=\"audio-46-1\" preload=\"none\" style=\"width: 100%;\" controls=\"controls\"><source type=\"audio\/mpeg\" src=\"http:\/\/fonologos.com\/nweb\/wp-content\/uploads\/2016\/02\/Teatre.mp3?_=1\" \/><a href=\"http:\/\/fonologos.com\/nweb\/wp-content\/uploads\/2016\/02\/Teatre.mp3\">http:\/\/fonologos.com\/nweb\/wp-content\/uploads\/2016\/02\/Teatre.mp3<\/a><\/audio>\n<h4><\/h4>\n<h4><span style=\"color: #000000;\"><strong>Impostaci\u00f3 de la veu<\/strong><\/span><\/h4>\n<p style=\"text-align: justify;\"><span style=\"color: #454545;\">De la mateixa manera que en el cant, aqu\u00ed tamb\u00e9 es necessita una \u00f2ptima utilitzaci\u00f3 de tots els recursos de projecci\u00f3 vocal. L\u2019actor\/actriu de teatre ha de dominar la respiraci\u00f3 costo-diafragm\u00e0tica i el suport de la veu per poder donar tots els matisos que demana el text i el personatge. Ha de treballar per mantenir una pressi\u00f3 d\u2019aire que asseguri el volum de veu i sobretot la transmissi\u00f3 del so a trav\u00e9s del seu tracte vocal.<\/span><\/p>\n<p style=\"text-align: justify;\"><span style=\"color: #454545;\">Ha de dominar tamb\u00e9 l\u2019\u00fas de les cavitats de resson\u00e0ncia (faringe, boca, foses nasals) a partir del domini dels \u00f2rgans articuladors m\u00f2bils (llengua, llavis i vel del paladar), doncs un ressonador ben ajustat amplifica el so. En cas contrari, l\u2019amorteix.<\/span><\/p>\n<p style=\"text-align: justify;\"><span style=\"color: #454545;\">Les bones veus tenen l\u2019anomenada formant del parlant que, com la formant del cantant, apareix en l\u2019an\u00e0lisi ac\u00fastica de la veu com una resson\u00e0ncia en perfecta sintonia amb determinats harm\u00f2nics de la veu que fa que aquesta brilli i se senti de lluny sense cridar.<\/span><\/p>\n<h4><a href=\"http:\/\/fonologos.com\/nweb\/wp-content\/uploads\/2015\/11\/twang-trastornos-de-la-voz1.png\"><img decoding=\"async\" loading=\"lazy\" class=\"size-medium wp-image-47 aligncenter\" src=\"http:\/\/fonologos.com\/nweb\/wp-content\/uploads\/2015\/11\/twang-trastornos-de-la-voz1-300x184.png\" alt=\"twang trastorns de la veu\" width=\"300\" height=\"184\" \/><\/a><\/h4>\n<p style=\"text-align: center;\"><span style=\"color: #454545;\"><em>Imatge: transfer function (LPC) de la vocal &#8216;i&#8217; amb twang (soprano)<\/em><\/span><\/p>\n<h4><span style=\"color: #000000;\"><strong>Dicci\u00f3<\/strong><\/span><\/h4>\n<p style=\"text-align: justify;\"><span style=\"color: #454545;\">Quan s\u2019ha de dir un text a gran velocitat \u00e9s important no caure en elisions i coarticulacions inapropiades. En la perfecta articulaci\u00f3 es troba la perfecta intel\u2022ligibilitat. No nom\u00e9s aix\u00f2 sin\u00f3 que, vocalitzant acuradament, es compleixen bona part dels criteris ac\u00fastics que defineixen la impostaci\u00f3 de la veu.<\/span><\/p>\n<p style=\"text-align: justify;\"><span style=\"color: #454545;\">Quan es recita amb gran precisi\u00f3, el so arriba molt m\u00e9s net i clar a l\u2019auditori, necessitant menys volum d\u2019emissi\u00f3. Aix\u00f2 d\u00f3na marge per regular les intensitats.<\/span><\/p>\n<p style=\"text-align: justify;\"><span style=\"color: #454545;\">Igual que es diu en el fet de parlar en p\u00fablic, s\u2019ha de jugar a m\u00e9s a m\u00e9s amb les pauses i les entonacions, important\u00edssimes per reflectir amb exactitud la intenci\u00f3 del text.<\/span><\/p>\n<h4><span style=\"color: #000000;\"><strong>Fon\u00e8tica per a locutor<\/strong><strong>s i actors de doblatge<\/strong><\/span><\/h4>\n<p style=\"text-align: justify;\"><span style=\"color: #454545;\">Mantenir la fon\u00e8tica correcta \u00e9s dif\u00edcil per als locutors i els dobladors que passen constantment d\u2019una llengua a una altra, com ara el Catal\u00e0 i el Castell\u00e0. Generalment requereix un treball espec\u00edfic: aprendre els trets diferencials dels sons en les diverses lleng\u00fces i assajar els moviments apropiats per adquirir els nous h\u00e0bits articulatoris. Aquests professionals de la veu necessiten el mateix domini de la impostaci\u00f3 que els actors de teatre.<\/span><\/p>\n<h4><span style=\"color: #000000;\"><strong>Fon\u00e8tica per a estrangers<\/strong><\/span><\/h4>\n<p style=\"text-align: justify;\"><span style=\"color: #454545;\">Freq\u00fcentment estrangers que viuen al nostre pa\u00efs desitgen millorar la pronunciaci\u00f3 d\u2019alguns sons. Es procedeix com en el cas anterior.<\/span><\/p>\n<h4><span style=\"color: #000000;\"><strong>Com garantir la salut vocal?<\/strong><\/span><\/h4>\n<p style=\"text-align: justify;\"><span style=\"color: #454545;\">Suportar llargues temporades de representacions, canviar de rol o de g\u00e8nere, adaptant el timbre de la veu del drama a la com\u00e8dia o aprendre a fer un crit sense lesionar els replecs vocals, exigeix:<\/span><\/p>\n<ul>\n<li style=\"text-align: justify;\"><span style=\"color: #454545;\">Automatitzar certes disposicions de la laringe i de tota la musculatura fono-articulat\u00f2ria per a que responguin adequadament en cada ocasi\u00f3.<\/span><\/li>\n<li style=\"text-align: justify;\"><span style=\"color: #454545;\">Ajudar-se del gest per donar consist\u00e8ncia a la caixa tor\u00e0cica i expressivitat a la veu.<\/span><\/li>\n<li style=\"text-align: justify;\"><span style=\"color: #454545;\">Utilitzar les t\u00e8cniques de projecci\u00f3 vocal.<\/span><\/li>\n<li style=\"text-align: justify;\"><span style=\"color: #454545;\">L\u2019actor\/actriu, com el cantant o tota persona que tingui la veu com a eina de treball, pot estar en situaci\u00f3 de risc vocal i s\u2019haur\u00e0 de revisar la laringe al menor s\u00edmptoma de disfunci\u00f3, com tamb\u00e9 peri\u00f2dicament posar al dia la t\u00e8cnica vocal.<\/span><\/li>\n<\/ul>\n","protected":false},"excerpt":{"rendered":"<p>La veu del teatre t\u00e9 uns requeriments espec\u00edfics: l\u2019actor o actriu teatral ha de poder fer un crit, riure, plorar i jugar amb les entonacions a fi d\u2019expressar emocions amb la veu. El volum de veu pot oscil\u2022lar de la intensitat m\u00e9s alta fins a gaireb\u00e9 un xiuxiueig, per\u00f2 sempre ha de ser audible fins [&hellip;]<\/p>\n","protected":false},"author":1,"featured_media":0,"parent":17,"menu_order":7,"comment_status":"closed","ping_status":"closed","template":"","meta":[],"yoast_head":"<!-- This site is optimized with the Yoast SEO plugin v20.6 - https:\/\/yoast.com\/wordpress\/plugins\/seo\/ -->\n<title>La Veu al Teatre - Fonologos<\/title>\n<meta name=\"robots\" content=\"index, follow, max-snippet:-1, max-image-preview:large, max-video-preview:-1\" \/>\n<link rel=\"canonical\" href=\"https:\/\/fonologos.com\/nweb\/patologies\/la-veu-al-teatre\/\" \/>\n<meta property=\"og:locale\" content=\"ca_ES\" \/>\n<meta property=\"og:type\" content=\"article\" \/>\n<meta property=\"og:title\" content=\"La Veu al Teatre - Fonologos\" \/>\n<meta property=\"og:description\" content=\"La veu del teatre t\u00e9 uns requeriments espec\u00edfics: l\u2019actor o actriu teatral ha de poder fer un crit, riure, plorar i jugar amb les entonacions a fi d\u2019expressar emocions amb la veu. El volum de veu pot oscil\u2022lar de la intensitat m\u00e9s alta fins a gaireb\u00e9 un xiuxiueig, per\u00f2 sempre ha de ser audible fins [&hellip;]\" \/>\n<meta property=\"og:url\" content=\"https:\/\/fonologos.com\/nweb\/patologies\/la-veu-al-teatre\/\" \/>\n<meta property=\"og:site_name\" content=\"Fonologos\" \/>\n<meta property=\"article:modified_time\" content=\"2016-04-05T13:42:46+00:00\" \/>\n<meta property=\"og:image\" content=\"http:\/\/fonologos.com\/nweb\/wp-content\/uploads\/2015\/11\/voz-teatro.png\" \/>\n<meta name=\"twitter:card\" content=\"summary_large_image\" \/>\n<meta name=\"twitter:label1\" content=\"Temps estimat de lectura\" \/>\n\t<meta name=\"twitter:data1\" content=\"3 minuts\" \/>\n<script type=\"application\/ld+json\" class=\"yoast-schema-graph\">{\"@context\":\"https:\/\/schema.org\",\"@graph\":[{\"@type\":\"WebPage\",\"@id\":\"https:\/\/fonologos.com\/nweb\/patologies\/la-veu-al-teatre\/\",\"url\":\"https:\/\/fonologos.com\/nweb\/patologies\/la-veu-al-teatre\/\",\"name\":\"La Veu al Teatre - Fonologos\",\"isPartOf\":{\"@id\":\"https:\/\/fonologos.com\/nweb\/#website\"},\"datePublished\":\"2015-11-29T07:05:24+00:00\",\"dateModified\":\"2016-04-05T13:42:46+00:00\",\"breadcrumb\":{\"@id\":\"https:\/\/fonologos.com\/nweb\/patologies\/la-veu-al-teatre\/#breadcrumb\"},\"inLanguage\":\"ca\",\"potentialAction\":[{\"@type\":\"ReadAction\",\"target\":[\"https:\/\/fonologos.com\/nweb\/patologies\/la-veu-al-teatre\/\"]}]},{\"@type\":\"BreadcrumbList\",\"@id\":\"https:\/\/fonologos.com\/nweb\/patologies\/la-veu-al-teatre\/#breadcrumb\",\"itemListElement\":[{\"@type\":\"ListItem\",\"position\":1,\"name\":\"Inici\",\"item\":\"https:\/\/fonologos.com\/nweb\/\"},{\"@type\":\"ListItem\",\"position\":2,\"name\":\"La Veu al Teatre\"}]},{\"@type\":\"WebSite\",\"@id\":\"https:\/\/fonologos.com\/nweb\/#website\",\"url\":\"https:\/\/fonologos.com\/nweb\/\",\"name\":\"Fonologos\",\"description\":\"Cl\u00ednica de Foniatria i Logop\u00e8dia a Barcelona\",\"potentialAction\":[{\"@type\":\"SearchAction\",\"target\":{\"@type\":\"EntryPoint\",\"urlTemplate\":\"https:\/\/fonologos.com\/nweb\/?s={search_term_string}\"},\"query-input\":\"required name=search_term_string\"}],\"inLanguage\":\"ca\"}]}<\/script>\n<!-- \/ Yoast SEO plugin. -->","yoast_head_json":{"title":"La Veu al Teatre - Fonologos","robots":{"index":"index","follow":"follow","max-snippet":"max-snippet:-1","max-image-preview":"max-image-preview:large","max-video-preview":"max-video-preview:-1"},"canonical":"https:\/\/fonologos.com\/nweb\/patologies\/la-veu-al-teatre\/","og_locale":"ca_ES","og_type":"article","og_title":"La Veu al Teatre - Fonologos","og_description":"La veu del teatre t\u00e9 uns requeriments espec\u00edfics: l\u2019actor o actriu teatral ha de poder fer un crit, riure, plorar i jugar amb les entonacions a fi d\u2019expressar emocions amb la veu. El volum de veu pot oscil\u2022lar de la intensitat m\u00e9s alta fins a gaireb\u00e9 un xiuxiueig, per\u00f2 sempre ha de ser audible fins [&hellip;]","og_url":"https:\/\/fonologos.com\/nweb\/patologies\/la-veu-al-teatre\/","og_site_name":"Fonologos","article_modified_time":"2016-04-05T13:42:46+00:00","og_image":[{"url":"http:\/\/fonologos.com\/nweb\/wp-content\/uploads\/2015\/11\/voz-teatro.png"}],"twitter_card":"summary_large_image","twitter_misc":{"Temps estimat de lectura":"3 minuts"},"schema":{"@context":"https:\/\/schema.org","@graph":[{"@type":"WebPage","@id":"https:\/\/fonologos.com\/nweb\/patologies\/la-veu-al-teatre\/","url":"https:\/\/fonologos.com\/nweb\/patologies\/la-veu-al-teatre\/","name":"La Veu al Teatre - Fonologos","isPartOf":{"@id":"https:\/\/fonologos.com\/nweb\/#website"},"datePublished":"2015-11-29T07:05:24+00:00","dateModified":"2016-04-05T13:42:46+00:00","breadcrumb":{"@id":"https:\/\/fonologos.com\/nweb\/patologies\/la-veu-al-teatre\/#breadcrumb"},"inLanguage":"ca","potentialAction":[{"@type":"ReadAction","target":["https:\/\/fonologos.com\/nweb\/patologies\/la-veu-al-teatre\/"]}]},{"@type":"BreadcrumbList","@id":"https:\/\/fonologos.com\/nweb\/patologies\/la-veu-al-teatre\/#breadcrumb","itemListElement":[{"@type":"ListItem","position":1,"name":"Inici","item":"https:\/\/fonologos.com\/nweb\/"},{"@type":"ListItem","position":2,"name":"La Veu al Teatre"}]},{"@type":"WebSite","@id":"https:\/\/fonologos.com\/nweb\/#website","url":"https:\/\/fonologos.com\/nweb\/","name":"Fonologos","description":"Cl\u00ednica de Foniatria i Logop\u00e8dia a Barcelona","potentialAction":[{"@type":"SearchAction","target":{"@type":"EntryPoint","urlTemplate":"https:\/\/fonologos.com\/nweb\/?s={search_term_string}"},"query-input":"required name=search_term_string"}],"inLanguage":"ca"}]}},"_links":{"self":[{"href":"https:\/\/fonologos.com\/nweb\/wp-json\/wp\/v2\/pages\/46"}],"collection":[{"href":"https:\/\/fonologos.com\/nweb\/wp-json\/wp\/v2\/pages"}],"about":[{"href":"https:\/\/fonologos.com\/nweb\/wp-json\/wp\/v2\/types\/page"}],"author":[{"embeddable":true,"href":"https:\/\/fonologos.com\/nweb\/wp-json\/wp\/v2\/users\/1"}],"replies":[{"embeddable":true,"href":"https:\/\/fonologos.com\/nweb\/wp-json\/wp\/v2\/comments?post=46"}],"version-history":[{"count":7,"href":"https:\/\/fonologos.com\/nweb\/wp-json\/wp\/v2\/pages\/46\/revisions"}],"predecessor-version":[{"id":547,"href":"https:\/\/fonologos.com\/nweb\/wp-json\/wp\/v2\/pages\/46\/revisions\/547"}],"up":[{"embeddable":true,"href":"https:\/\/fonologos.com\/nweb\/wp-json\/wp\/v2\/pages\/17"}],"wp:attachment":[{"href":"https:\/\/fonologos.com\/nweb\/wp-json\/wp\/v2\/media?parent=46"}],"curies":[{"name":"wp","href":"https:\/\/api.w.org\/{rel}","templated":true}]}}