{"id":40,"date":"2015-11-29T08:01:00","date_gmt":"2015-11-29T07:01:00","guid":{"rendered":"http:\/\/fonologos.com\/nweb\/?page_id=40"},"modified":"2019-04-02T18:31:59","modified_gmt":"2019-04-02T17:31:59","slug":"la-veu-del-cantant","status":"publish","type":"page","link":"https:\/\/fonologos.com\/nweb\/patologies\/la-veu-del-cantant\/","title":{"rendered":"La Veu del Cantant"},"content":{"rendered":"<h4><a href=\"http:\/\/fonologos.com\/nweb\/wp-content\/uploads\/2015\/11\/voz-cantada.png\"><img decoding=\"async\" loading=\"lazy\" class=\"alignnone size-full wp-image-43\" src=\"http:\/\/fonologos.com\/nweb\/wp-content\/uploads\/2015\/11\/voz-cantada.png\" alt=\"La veu del cantant\" width=\"175\" height=\"117\" \/><\/a><\/h4>\n<h4><span style=\"color: #000000;\"><strong>T\u00e8cnica vocal en el cant<\/strong><\/span><\/h4>\n<p style=\"text-align: justify;\"><span style=\"color: #454545;\">La veu del cantant cl\u00e0ssic professional exigeix un gran domini de la t\u00e8cnica per poder fer front als grans requeriments vocals, mantenint el seu timbre caracter\u00edstic i evitant lesions. La impostaci\u00f3 de la veu permet que aquesta sigui audible a dist\u00e0ncia i per sobre de l\u2019orquestra. El repertori pop i de musicals utilitza amplificaci\u00f3 i, encara que no necessita potenciar tant com el cl\u00e0ssic els harm\u00f2nics aguts per a la transmissi\u00f3 del so, presenta les seves pr\u00f2pies dificultats t\u00e8cniques.<\/span><\/p>\n<p style=\"text-align: justify;\"><span style=\"color: #454545;\">En molts casos i malgrat l\u2019esfor\u00e7 dels insubstitu\u00efbles professors de cant, el cantant presenta problemes que comprometen la seva carrera.<\/span><\/p>\n<blockquote><p><span style=\"color: #454545;\"><strong>M\u00e9s informaci\u00f3 en<\/strong><\/span> <a href=\"http:\/\/fonologos.com\/nweb\/wp-content\/uploads\/2015\/11\/ponencia-acustica-de-la-veu-cantada-1.pdf\" target=\"_blank\"><span style=\"color: #087308;\"><strong>aquesta pon\u00e8ncia &#8220;Ac\u00fastica de la Veu Cantada&#8221;<\/strong><\/span><\/a>.<\/p><\/blockquote>\n<h4><\/h4>\n<h4><span style=\"color: #000000;\"><strong>Situacions de risc<\/strong><\/span><\/h4>\n<p style=\"text-align: justify;\"><span style=\"color: #454545;\">Patologies concurrents com ara:<\/span><\/p>\n<ul style=\"text-align: justify;\">\n<li><span style=\"color: #454545;\">Reflux faringo-laringi<\/span><\/li>\n<li><span style=\"color: #454545;\">Asma i al\u2022l\u00e8rgies<\/span><\/li>\n<li><span style=\"color: #454545;\">Processos inflamatoris o infecciosos de les vies respirat\u00f2ries<\/span><\/li>\n<li><span style=\"color: #454545;\">Dolors musculars o esquel\u00e8tics<\/span><\/li>\n<li><span style=\"color: #454545;\">Intervencions quir\u00fargiques abdominals, tor\u00e0ciques o cervicals<\/span><\/li>\n<li><span style=\"color: #454545;\">Malalties agudes o cr\u00f2niques debilitants<\/span><\/li>\n<li><span style=\"color: #454545;\">Etapes d\u2019estr\u00e8s f\u00edsic o ps\u00edquic<\/span><\/li>\n<\/ul>\n<p style=\"text-align: justify;\"><span style=\"color: #454545;\">I altres factors com treballar en ambients sorollosos, locals amb aire condicionat i moltes hores d\u2019\u00fas de la veu. Entre altres, poden portar a un desequilibri en la coordinaci\u00f3 fonorespirat\u00f2ria seguit de sobreesfor\u00e7 laringi amb el resultat de microtraumatismes a la mucosa vocal que podrien derivar en algun tipus de lesi\u00f3.<\/span><\/p>\n<h4><\/h4>\n<!--[if lt IE 9]><script>document.createElement('audio');<\/script><![endif]-->\n<audio class=\"wp-audio-shortcode\" id=\"audio-40-1\" preload=\"none\" style=\"width: 100%;\" controls=\"controls\"><source type=\"audio\/mpeg\" src=\"http:\/\/fonologos.com\/nweb\/wp-content\/uploads\/2016\/02\/Cant.mp3?_=1\" \/><a href=\"http:\/\/fonologos.com\/nweb\/wp-content\/uploads\/2016\/02\/Cant.mp3\">http:\/\/fonologos.com\/nweb\/wp-content\/uploads\/2016\/02\/Cant.mp3<\/a><\/audio>\n<h4><\/h4>\n<h4><span style=\"color: #000000;\"><strong>Simptomatologia:<\/strong><\/span><\/h4>\n<ul>\n<li><span style=\"color: #454545;\">Co\u00efssor i sequedat o dolor a la gola<\/span><\/li>\n<li><span style=\"color: #454545;\">Sensaci\u00f3 de cos estrany<\/span><\/li>\n<li><span style=\"color: #454545;\">Tos freq\u00fcent<\/span><\/li>\n<li><span style=\"color: #454545;\">Deteriorament de la qualitat de la veu<\/span><\/li>\n<li><span style=\"color: #454545;\">Limitaci\u00f3 en l\u2019extensi\u00f3 vocal amb problemes als extrems de la tessitura<\/span><\/li>\n<li><span style=\"color: #454545;\">Augment de la mucositat amb dificultats d\u2019emissi\u00f3<\/span><\/li>\n<li><span style=\"color: #454545;\">Fatiga a la veu, sensaci\u00f3 d\u2019esfor\u00e7 excessiu, disfonies freq\u00fcents<\/span><\/li>\n<li><span style=\"color: #454545;\">Problemes d\u2019impostaci\u00f3 i de fiato<\/span><\/li>\n<\/ul>\n<h4><span style=\"color: #000000;\"><strong>Quines exploracions cal fer?<\/strong><\/span><\/h4>\n<p style=\"text-align: justify;\"><span style=\"color: #454545;\">En primer lloc una <strong>anamnesi<\/strong> detallada per identificar el o els factors que poden haver desencadenat el desequilibri.<\/span><\/p>\n<p style=\"text-align: justify;\"><span style=\"color: #454545;\">Despr\u00e9s, <strong>observaci\u00f3 de la mec\u00e0nica respirat\u00f2ria<\/strong> al servei de la veu.<\/span><\/p>\n<p style=\"text-align: justify;\"><span style=\"color: #454545;\">Finalment, proves instrumentals:<\/span><\/p>\n<ul style=\"text-align: justify;\">\n<li><span style=\"color: #454545;\"><strong>Video-laringo-estrobosc\u00f2pia (VLE)<\/strong> per observar el patr\u00f3 vibratori de les cordes vocals i per descartar l\u2019exist\u00e8ncia de lesions funcionals o org\u00e0niques i de reflux faringo-laringi.<\/span><\/li>\n<\/ul>\n<blockquote>\n<p style=\"padding-left: 60px;\"><span style=\"color: #454545;\">Veure m\u00e9s sobre la video-laringo-estrobosc\u00f2pia a FonoLogos fent<\/span> <span style=\"color: #9bc41d;\"><strong><a style=\"color: #9bc41d;\" href=\"https:\/\/fonologos.wordpress.com\/video-laringo-estroboscopia-vle\/\" target=\"_blank\">clic aqu\u00ed<\/a><\/strong><\/span><\/p>\n<\/blockquote>\n<ul>\n<li style=\"text-align: justify;\"><span style=\"color: #454545;\"><strong>An\u00e0lisi Ac\u00fastica de la veu (AAV) i Electroglotograma (EGG)<\/strong> per estudiar quin tipus d\u2019estrat\u00e8gies de resson\u00e0ncia utilitza el pacient.<\/span><\/li>\n<\/ul>\n<figure id=\"attachment_42\" aria-describedby=\"caption-attachment-42\" style=\"width: 300px\" class=\"wp-caption aligncenter\"><a href=\"http:\/\/fonologos.com\/nweb\/wp-content\/uploads\/2015\/11\/belting-trastornos-voz.png\"><img decoding=\"async\" loading=\"lazy\" class=\"size-medium wp-image-42\" src=\"http:\/\/fonologos.com\/nweb\/wp-content\/uploads\/2015\/11\/belting-trastornos-voz-300x196.png\" alt=\"An\u00e0lisi ac\u00fastic de la veu\" width=\"300\" height=\"196\" \/><\/a><figcaption id=\"caption-attachment-42\" class=\"wp-caption-text\"><span style=\"color: #454545;\">An\u00e0lisi ac\u00fastic de la veu<\/span><\/figcaption><\/figure>\n<p style=\"text-align: center;\"><span style=\"color: #454545;\"><em>Imatge: m\u00e0xima transfer\u00e8ncia del so en el belting. Vocal &#8216;e&#8217; (soprano)<\/em><\/span><\/p>\n<p style=\"text-align: justify;\"><span style=\"color: #454545;\">Tamb\u00e9 pot estar indicat:<\/span><\/p>\n<ul>\n<li style=\"text-align: justify;\"><span style=\"color: #454545;\"><strong>An\u00e0lisis de sang o exploracions radiol\u00f2giques<\/strong> per descartar malalties generals infeccioses, endocrines o altres.<\/span><\/li>\n<li style=\"text-align: justify;\"><span style=\"color: #454545;\"><strong>Fonetograma (VRP)<\/strong> per determinar el rang de la veu en tota la tessitura i els punts febles del camp vocal.<\/span><\/li>\n<li style=\"text-align: justify;\"><span style=\"color: #454545;\"><strong>Electro-glotograma (EGG)<\/strong> per monitoritzar en tot moment el grau de contacte de les cordes vocals i els canvis articulatoris en les \u00e0rees de passatge.<\/span><\/li>\n<\/ul>\n<h4><span style=\"color: #000000;\"><strong>Solucions al problema:<\/strong><\/span><\/h4>\n<p style=\"text-align: justify;\"><span style=\"color: #454545;\">Una vegada verificat l\u2019origen s\u2019actuar\u00e0 segons l\u2019etiologia per\u00f2 tamb\u00e9 simptom\u00e0ticament revisant la t\u00e8cnica i els h\u00e0bits fonoarticulatoris. Poden estar indicades diverses mesures com ara:<\/span><\/p>\n<ul style=\"text-align: justify;\">\n<li><span style=\"color: #454545;\">Rep\u00f2s vocal relatiu o absolut<\/span><\/li>\n<li><span style=\"color: #454545;\">Hidrataci\u00f3 intensa<\/span><\/li>\n<li><span style=\"color: #454545;\">F\u00e0rmacs antibi\u00f2tics, antiinflamatoris, antihistam\u00ednics, mucol\u00edtics i antireflux, entre altres<\/span><\/li>\n<li><span style=\"color: #454545;\">Mesures higi\u00e8nico-diet\u00e8tiques<\/span><\/li>\n<li><span style=\"color: #454545;\">Fonocirurgia<\/span><\/li>\n<\/ul>\n<p style=\"text-align: justify;\"><span style=\"color: #454545;\">Juntament amb el tractament m\u00e8dic s\u2019ha de fer el de rehabilitaci\u00f3 per recuperar la bona t\u00e8cnica vocal b\u00e0sica i la confian\u00e7a en la pr\u00f2pia veu. Amb l\u2019ajuda de programes inform\u00e0tics d\u2019an\u00e0lisi ac\u00fastica s\u2019accelera el proc\u00e9s: el pacient pot estudiar a la pantalla fen\u00f2mens de la seva veu com el vibrato i comprendre millor els mecanismes de suport i de projecci\u00f3 vocal que ha de posar en pr\u00e0ctica.<\/span><\/p>\n","protected":false},"excerpt":{"rendered":"<p>T\u00e8cnica vocal en el cant La veu del cantant cl\u00e0ssic professional exigeix un gran domini de la t\u00e8cnica per poder fer front als grans requeriments vocals, mantenint el seu timbre caracter\u00edstic i evitant lesions. La impostaci\u00f3 de la veu permet que aquesta sigui audible a dist\u00e0ncia i per sobre de l\u2019orquestra. El repertori pop i [&hellip;]<\/p>\n","protected":false},"author":1,"featured_media":0,"parent":17,"menu_order":8,"comment_status":"closed","ping_status":"closed","template":"","meta":[],"yoast_head":"<!-- This site is optimized with the Yoast SEO plugin v20.6 - https:\/\/yoast.com\/wordpress\/plugins\/seo\/ -->\n<title>La Veu del Cantant - Fonologos<\/title>\n<meta name=\"robots\" content=\"index, follow, max-snippet:-1, max-image-preview:large, max-video-preview:-1\" \/>\n<link rel=\"canonical\" href=\"https:\/\/fonologos.com\/nweb\/patologies\/la-veu-del-cantant\/\" \/>\n<meta property=\"og:locale\" content=\"ca_ES\" \/>\n<meta property=\"og:type\" content=\"article\" \/>\n<meta property=\"og:title\" content=\"La Veu del Cantant - Fonologos\" \/>\n<meta property=\"og:description\" content=\"T\u00e8cnica vocal en el cant La veu del cantant cl\u00e0ssic professional exigeix un gran domini de la t\u00e8cnica per poder fer front als grans requeriments vocals, mantenint el seu timbre caracter\u00edstic i evitant lesions. La impostaci\u00f3 de la veu permet que aquesta sigui audible a dist\u00e0ncia i per sobre de l\u2019orquestra. El repertori pop i [&hellip;]\" \/>\n<meta property=\"og:url\" content=\"https:\/\/fonologos.com\/nweb\/patologies\/la-veu-del-cantant\/\" \/>\n<meta property=\"og:site_name\" content=\"Fonologos\" \/>\n<meta property=\"article:modified_time\" content=\"2019-04-02T17:31:59+00:00\" \/>\n<meta property=\"og:image\" content=\"http:\/\/fonologos.com\/nweb\/wp-content\/uploads\/2015\/11\/voz-cantada.png\" \/>\n<meta name=\"twitter:card\" content=\"summary_large_image\" \/>\n<meta name=\"twitter:label1\" content=\"Temps estimat de lectura\" \/>\n\t<meta name=\"twitter:data1\" content=\"3 minuts\" \/>\n<script type=\"application\/ld+json\" class=\"yoast-schema-graph\">{\"@context\":\"https:\/\/schema.org\",\"@graph\":[{\"@type\":\"WebPage\",\"@id\":\"https:\/\/fonologos.com\/nweb\/patologies\/la-veu-del-cantant\/\",\"url\":\"https:\/\/fonologos.com\/nweb\/patologies\/la-veu-del-cantant\/\",\"name\":\"La Veu del Cantant - Fonologos\",\"isPartOf\":{\"@id\":\"https:\/\/fonologos.com\/nweb\/#website\"},\"datePublished\":\"2015-11-29T07:01:00+00:00\",\"dateModified\":\"2019-04-02T17:31:59+00:00\",\"breadcrumb\":{\"@id\":\"https:\/\/fonologos.com\/nweb\/patologies\/la-veu-del-cantant\/#breadcrumb\"},\"inLanguage\":\"ca\",\"potentialAction\":[{\"@type\":\"ReadAction\",\"target\":[\"https:\/\/fonologos.com\/nweb\/patologies\/la-veu-del-cantant\/\"]}]},{\"@type\":\"BreadcrumbList\",\"@id\":\"https:\/\/fonologos.com\/nweb\/patologies\/la-veu-del-cantant\/#breadcrumb\",\"itemListElement\":[{\"@type\":\"ListItem\",\"position\":1,\"name\":\"Inici\",\"item\":\"https:\/\/fonologos.com\/nweb\/\"},{\"@type\":\"ListItem\",\"position\":2,\"name\":\"La Veu del Cantant\"}]},{\"@type\":\"WebSite\",\"@id\":\"https:\/\/fonologos.com\/nweb\/#website\",\"url\":\"https:\/\/fonologos.com\/nweb\/\",\"name\":\"Fonologos\",\"description\":\"Cl\u00ednica de Foniatria i Logop\u00e8dia a Barcelona\",\"potentialAction\":[{\"@type\":\"SearchAction\",\"target\":{\"@type\":\"EntryPoint\",\"urlTemplate\":\"https:\/\/fonologos.com\/nweb\/?s={search_term_string}\"},\"query-input\":\"required name=search_term_string\"}],\"inLanguage\":\"ca\"}]}<\/script>\n<!-- \/ Yoast SEO plugin. -->","yoast_head_json":{"title":"La Veu del Cantant - Fonologos","robots":{"index":"index","follow":"follow","max-snippet":"max-snippet:-1","max-image-preview":"max-image-preview:large","max-video-preview":"max-video-preview:-1"},"canonical":"https:\/\/fonologos.com\/nweb\/patologies\/la-veu-del-cantant\/","og_locale":"ca_ES","og_type":"article","og_title":"La Veu del Cantant - Fonologos","og_description":"T\u00e8cnica vocal en el cant La veu del cantant cl\u00e0ssic professional exigeix un gran domini de la t\u00e8cnica per poder fer front als grans requeriments vocals, mantenint el seu timbre caracter\u00edstic i evitant lesions. La impostaci\u00f3 de la veu permet que aquesta sigui audible a dist\u00e0ncia i per sobre de l\u2019orquestra. El repertori pop i [&hellip;]","og_url":"https:\/\/fonologos.com\/nweb\/patologies\/la-veu-del-cantant\/","og_site_name":"Fonologos","article_modified_time":"2019-04-02T17:31:59+00:00","og_image":[{"url":"http:\/\/fonologos.com\/nweb\/wp-content\/uploads\/2015\/11\/voz-cantada.png"}],"twitter_card":"summary_large_image","twitter_misc":{"Temps estimat de lectura":"3 minuts"},"schema":{"@context":"https:\/\/schema.org","@graph":[{"@type":"WebPage","@id":"https:\/\/fonologos.com\/nweb\/patologies\/la-veu-del-cantant\/","url":"https:\/\/fonologos.com\/nweb\/patologies\/la-veu-del-cantant\/","name":"La Veu del Cantant - Fonologos","isPartOf":{"@id":"https:\/\/fonologos.com\/nweb\/#website"},"datePublished":"2015-11-29T07:01:00+00:00","dateModified":"2019-04-02T17:31:59+00:00","breadcrumb":{"@id":"https:\/\/fonologos.com\/nweb\/patologies\/la-veu-del-cantant\/#breadcrumb"},"inLanguage":"ca","potentialAction":[{"@type":"ReadAction","target":["https:\/\/fonologos.com\/nweb\/patologies\/la-veu-del-cantant\/"]}]},{"@type":"BreadcrumbList","@id":"https:\/\/fonologos.com\/nweb\/patologies\/la-veu-del-cantant\/#breadcrumb","itemListElement":[{"@type":"ListItem","position":1,"name":"Inici","item":"https:\/\/fonologos.com\/nweb\/"},{"@type":"ListItem","position":2,"name":"La Veu del Cantant"}]},{"@type":"WebSite","@id":"https:\/\/fonologos.com\/nweb\/#website","url":"https:\/\/fonologos.com\/nweb\/","name":"Fonologos","description":"Cl\u00ednica de Foniatria i Logop\u00e8dia a Barcelona","potentialAction":[{"@type":"SearchAction","target":{"@type":"EntryPoint","urlTemplate":"https:\/\/fonologos.com\/nweb\/?s={search_term_string}"},"query-input":"required name=search_term_string"}],"inLanguage":"ca"}]}},"_links":{"self":[{"href":"https:\/\/fonologos.com\/nweb\/wp-json\/wp\/v2\/pages\/40"}],"collection":[{"href":"https:\/\/fonologos.com\/nweb\/wp-json\/wp\/v2\/pages"}],"about":[{"href":"https:\/\/fonologos.com\/nweb\/wp-json\/wp\/v2\/types\/page"}],"author":[{"embeddable":true,"href":"https:\/\/fonologos.com\/nweb\/wp-json\/wp\/v2\/users\/1"}],"replies":[{"embeddable":true,"href":"https:\/\/fonologos.com\/nweb\/wp-json\/wp\/v2\/comments?post=40"}],"version-history":[{"count":10,"href":"https:\/\/fonologos.com\/nweb\/wp-json\/wp\/v2\/pages\/40\/revisions"}],"predecessor-version":[{"id":529,"href":"https:\/\/fonologos.com\/nweb\/wp-json\/wp\/v2\/pages\/40\/revisions\/529"}],"up":[{"embeddable":true,"href":"https:\/\/fonologos.com\/nweb\/wp-json\/wp\/v2\/pages\/17"}],"wp:attachment":[{"href":"https:\/\/fonologos.com\/nweb\/wp-json\/wp\/v2\/media?parent=40"}],"curies":[{"name":"wp","href":"https:\/\/api.w.org\/{rel}","templated":true}]}}