{"id":202,"date":"2016-02-02T20:06:29","date_gmt":"2016-02-02T19:06:29","guid":{"rendered":"http:\/\/fonologos.com\/nweb\/es\/?page_id=202"},"modified":"2016-04-11T00:58:18","modified_gmt":"2016-04-10T23:58:18","slug":"video-laringo-estroboscopia-vle","status":"publish","type":"page","link":"https:\/\/fonologos.com\/nweb\/es\/video-laringo-estroboscopia-vle\/","title":{"rendered":"Laringo-estroboscopia"},"content":{"rendered":"<p style=\"text-align: justify;\"><strong>\u00bfQu\u00e9 es una Video-lar\u00edngo-estroboscopia?<\/strong><br \/>\nEs la grabaci\u00f3n del funcionamiento de las cuerdas o repliegues vocales con una videoc\u00e1mara para estudiar los patrones de vibraci\u00f3n y es tambi\u00e9n el mejor m\u00e9todo para detectar lesiones tales como n\u00f3dulos, p\u00f3lipos, quistes, cicatrices, edemas o tumores.<br \/>\nEl ciclo vibratorio de las cuerdas vocales representa una sucesi\u00f3n de im\u00e1genes extremadamente r\u00e1pida para las capacidades del ojo humano, por lo que el estroboscopio emite flashes de luz sincronizados con la frecuencia fundamental (F0) del paciente con un desfase de 1 a 2 Hz. De esta forma toma una \u00fanica imagen de cada ciclo y enlaz\u00e1ndolas, obtiene un efecto de movimiento a c\u00e1mara lenta que es lo que podemos registrar y evaluar.<\/p>\n<figure id=\"attachment_613\" aria-describedby=\"caption-attachment-613\" style=\"width: 264px\" class=\"wp-caption alignleft\"><img decoding=\"async\" loading=\"lazy\" class=\"wp-image-613\" src=\"http:\/\/fonologos.com\/nweb\/wp-content\/uploads\/2015\/11\/Estrobos-3.bmp\" alt=\"Estrobos 3\" width=\"264\" height=\"123\" \/><figcaption id=\"caption-attachment-613\" class=\"wp-caption-text\">Garc\u00eda -Tapia 1996<\/figcaption><\/figure>\n","protected":false},"excerpt":{"rendered":"<p>\u00bfQu\u00e9 es una Video-lar\u00edngo-estroboscopia? Es la grabaci\u00f3n del funcionamiento de las cuerdas o repliegues vocales con una videoc\u00e1mara para estudiar los patrones de vibraci\u00f3n y es tambi\u00e9n el mejor m\u00e9todo para detectar lesiones tales como n\u00f3dulos, p\u00f3lipos, quistes, cicatrices, edemas o tumores. El ciclo vibratorio de las cuerdas vocales representa una sucesi\u00f3n de im\u00e1genes extremadamente [&hellip;]<\/p>\n","protected":false},"author":1,"featured_media":603,"parent":0,"menu_order":0,"comment_status":"closed","ping_status":"closed","template":"","meta":[],"yoast_head":"<!-- This site is optimized with the Yoast SEO plugin v20.6 - https:\/\/yoast.com\/wordpress\/plugins\/seo\/ -->\n<title>Laringo-estroboscopia - Fonologos<\/title>\n<meta name=\"robots\" content=\"index, follow, max-snippet:-1, max-image-preview:large, max-video-preview:-1\" \/>\n<link rel=\"canonical\" href=\"https:\/\/fonologos.com\/nweb\/video-laringo-estroboscopia-vle\/\" \/>\n<meta property=\"og:locale\" content=\"ca_ES\" \/>\n<meta property=\"og:type\" content=\"article\" \/>\n<meta property=\"og:title\" content=\"Laringo-estroboscopia - Fonologos\" \/>\n<meta property=\"og:description\" content=\"\u00bfQu\u00e9 es una Video-lar\u00edngo-estroboscopia? Es la grabaci\u00f3n del funcionamiento de las cuerdas o repliegues vocales con una videoc\u00e1mara para estudiar los patrones de vibraci\u00f3n y es tambi\u00e9n el mejor m\u00e9todo para detectar lesiones tales como n\u00f3dulos, p\u00f3lipos, quistes, cicatrices, edemas o tumores. El ciclo vibratorio de las cuerdas vocales representa una sucesi\u00f3n de im\u00e1genes extremadamente [&hellip;]\" \/>\n<meta property=\"og:url\" content=\"https:\/\/fonologos.com\/nweb\/es\/video-laringo-estroboscopia-vle\/\" \/>\n<meta property=\"og:site_name\" content=\"Fonologos\" \/>\n<meta property=\"article:modified_time\" content=\"2016-04-10T23:58:18+00:00\" \/>\n<meta name=\"twitter:card\" content=\"summary_large_image\" \/>\n<meta name=\"twitter:image\" content=\"https:\/\/fonologos.com\/nweb\/wp-content\/uploads\/2015\/11\/Dibujo.bmp\" \/>\n<meta name=\"twitter:label1\" content=\"Temps estimat de lectura\" \/>\n\t<meta name=\"twitter:data1\" content=\"1 minut\" \/>\n<script type=\"application\/ld+json\" class=\"yoast-schema-graph\">{\"@context\":\"https:\/\/schema.org\",\"@graph\":[{\"@type\":\"WebPage\",\"@id\":\"https:\/\/fonologos.com\/nweb\/es\/video-laringo-estroboscopia-vle\/\",\"url\":\"https:\/\/fonologos.com\/nweb\/es\/video-laringo-estroboscopia-vle\/\",\"name\":\"Laringo-estroboscopia - Fonologos\",\"isPartOf\":{\"@id\":\"https:\/\/fonologos.com\/nweb\/#website\"},\"datePublished\":\"2016-02-02T19:06:29+00:00\",\"dateModified\":\"2016-04-10T23:58:18+00:00\",\"breadcrumb\":{\"@id\":\"https:\/\/fonologos.com\/nweb\/es\/video-laringo-estroboscopia-vle\/#breadcrumb\"},\"inLanguage\":\"ca\",\"potentialAction\":[{\"@type\":\"ReadAction\",\"target\":[\"https:\/\/fonologos.com\/nweb\/es\/video-laringo-estroboscopia-vle\/\"]}]},{\"@type\":\"BreadcrumbList\",\"@id\":\"https:\/\/fonologos.com\/nweb\/es\/video-laringo-estroboscopia-vle\/#breadcrumb\",\"itemListElement\":[{\"@type\":\"ListItem\",\"position\":1,\"name\":\"Inici\",\"item\":\"https:\/\/fonologos.com\/nweb\/\"},{\"@type\":\"ListItem\",\"position\":2,\"name\":\"Laringo-estroboscopia\"}]},{\"@type\":\"WebSite\",\"@id\":\"https:\/\/fonologos.com\/nweb\/#website\",\"url\":\"https:\/\/fonologos.com\/nweb\/\",\"name\":\"Fonologos\",\"description\":\"Cl\u00ednica de Foniatria i Logop\u00e8dia a Barcelona\",\"potentialAction\":[{\"@type\":\"SearchAction\",\"target\":{\"@type\":\"EntryPoint\",\"urlTemplate\":\"https:\/\/fonologos.com\/nweb\/?s={search_term_string}\"},\"query-input\":\"required name=search_term_string\"}],\"inLanguage\":\"ca\"}]}<\/script>\n<!-- \/ Yoast SEO plugin. -->","yoast_head_json":{"title":"Laringo-estroboscopia - Fonologos","robots":{"index":"index","follow":"follow","max-snippet":"max-snippet:-1","max-image-preview":"max-image-preview:large","max-video-preview":"max-video-preview:-1"},"canonical":"https:\/\/fonologos.com\/nweb\/video-laringo-estroboscopia-vle\/","og_locale":"ca_ES","og_type":"article","og_title":"Laringo-estroboscopia - Fonologos","og_description":"\u00bfQu\u00e9 es una Video-lar\u00edngo-estroboscopia? Es la grabaci\u00f3n del funcionamiento de las cuerdas o repliegues vocales con una videoc\u00e1mara para estudiar los patrones de vibraci\u00f3n y es tambi\u00e9n el mejor m\u00e9todo para detectar lesiones tales como n\u00f3dulos, p\u00f3lipos, quistes, cicatrices, edemas o tumores. El ciclo vibratorio de las cuerdas vocales representa una sucesi\u00f3n de im\u00e1genes extremadamente [&hellip;]","og_url":"https:\/\/fonologos.com\/nweb\/es\/video-laringo-estroboscopia-vle\/","og_site_name":"Fonologos","article_modified_time":"2016-04-10T23:58:18+00:00","twitter_card":"summary_large_image","twitter_image":"https:\/\/fonologos.com\/nweb\/wp-content\/uploads\/2015\/11\/Dibujo.bmp","twitter_misc":{"Temps estimat de lectura":"1 minut"},"schema":{"@context":"https:\/\/schema.org","@graph":[{"@type":"WebPage","@id":"https:\/\/fonologos.com\/nweb\/es\/video-laringo-estroboscopia-vle\/","url":"https:\/\/fonologos.com\/nweb\/es\/video-laringo-estroboscopia-vle\/","name":"Laringo-estroboscopia - Fonologos","isPartOf":{"@id":"https:\/\/fonologos.com\/nweb\/#website"},"datePublished":"2016-02-02T19:06:29+00:00","dateModified":"2016-04-10T23:58:18+00:00","breadcrumb":{"@id":"https:\/\/fonologos.com\/nweb\/es\/video-laringo-estroboscopia-vle\/#breadcrumb"},"inLanguage":"ca","potentialAction":[{"@type":"ReadAction","target":["https:\/\/fonologos.com\/nweb\/es\/video-laringo-estroboscopia-vle\/"]}]},{"@type":"BreadcrumbList","@id":"https:\/\/fonologos.com\/nweb\/es\/video-laringo-estroboscopia-vle\/#breadcrumb","itemListElement":[{"@type":"ListItem","position":1,"name":"Inici","item":"https:\/\/fonologos.com\/nweb\/"},{"@type":"ListItem","position":2,"name":"Laringo-estroboscopia"}]},{"@type":"WebSite","@id":"https:\/\/fonologos.com\/nweb\/#website","url":"https:\/\/fonologos.com\/nweb\/","name":"Fonologos","description":"Cl\u00ednica de Foniatria i Logop\u00e8dia a Barcelona","potentialAction":[{"@type":"SearchAction","target":{"@type":"EntryPoint","urlTemplate":"https:\/\/fonologos.com\/nweb\/?s={search_term_string}"},"query-input":"required name=search_term_string"}],"inLanguage":"ca"}]}},"_links":{"self":[{"href":"https:\/\/fonologos.com\/nweb\/wp-json\/wp\/v2\/pages\/202"}],"collection":[{"href":"https:\/\/fonologos.com\/nweb\/wp-json\/wp\/v2\/pages"}],"about":[{"href":"https:\/\/fonologos.com\/nweb\/wp-json\/wp\/v2\/types\/page"}],"author":[{"embeddable":true,"href":"https:\/\/fonologos.com\/nweb\/wp-json\/wp\/v2\/users\/1"}],"replies":[{"embeddable":true,"href":"https:\/\/fonologos.com\/nweb\/wp-json\/wp\/v2\/comments?post=202"}],"version-history":[{"count":7,"href":"https:\/\/fonologos.com\/nweb\/wp-json\/wp\/v2\/pages\/202\/revisions"}],"predecessor-version":[{"id":624,"href":"https:\/\/fonologos.com\/nweb\/wp-json\/wp\/v2\/pages\/202\/revisions\/624"}],"wp:featuredmedia":[{"embeddable":true,"href":"https:\/\/fonologos.com\/nweb\/wp-json\/wp\/v2\/media\/603"}],"wp:attachment":[{"href":"https:\/\/fonologos.com\/nweb\/wp-json\/wp\/v2\/media?parent=202"}],"curies":[{"name":"wp","href":"https:\/\/api.w.org\/{rel}","templated":true}]}}