{"id":191,"date":"2016-02-02T11:46:23","date_gmt":"2016-02-02T10:46:23","guid":{"rendered":"http:\/\/fonologos.com\/nweb\/es\/?page_id=191"},"modified":"2019-04-02T18:31:44","modified_gmt":"2019-04-02T17:31:44","slug":"la-voz-del-cantante","status":"publish","type":"page","link":"https:\/\/fonologos.com\/nweb\/es\/patologias\/la-voz-del-cantante\/","title":{"rendered":"La voz del cantante"},"content":{"rendered":"<p><a href=\"http:\/\/fonologos.com\/nweb\/wp-content\/uploads\/2015\/11\/voz-cantada.png\"><img decoding=\"async\" loading=\"lazy\" class=\"alignnone size-full wp-image-43\" src=\"http:\/\/fonologos.com\/nweb\/wp-content\/uploads\/2015\/11\/voz-cantada.png\" alt=\"La voz del cantant3\" width=\"175\" height=\"117\" \/><\/a><\/p>\n<h4><span style=\"color: #000000;\"><strong>T\u00e9cnica vocal en el canto<\/strong><\/span><\/h4>\n<p style=\"text-align: justify;\"><span style=\"color: #454545;\">La voz del cantante cl\u00e1sico profesional exige un gran dominio de la t\u00e9cnica para poder hacer frente a los grandes requerimientos vocales, manteniendo su timbre caracter\u00edstico y evitando lesiones. La impostaci\u00f3n de la voz permite que \u00e9sta sea audible a distancia y por encima de la orquesta. El repertorio pop y de musicales utiliza amplificaci\u00f3n y, aunque no necesita potenciar tanto como el cl\u00e1sico los arm\u00f3nicos agudos para la transmisi\u00f3n del sonido, presenta sus propias dificultades t\u00e9cnicas.<\/span><\/p>\n<p style=\"text-align: justify;\"><span style=\"color: #454545;\">En muchos casos y a pesar del esfuerzo de los insustituibles profesores de canto, el cantante presenta problemas que comprometen su carrera.<\/span><\/p>\n<blockquote><p><span style=\"color: #454545;\"><strong>M\u00e1s informaci\u00f3n en<\/strong><\/span> <span style=\"text-decoration: underline;\"><a href=\"http:\/\/fonologos.com\/nweb\/wp-content\/uploads\/2019\/04\/Bases-Acusticas-Voz.pdf\" target=\"_blank\"><span style=\"color: #087308;\"><strong>esta ponencia &#8220;Ac\u00fastica de la Voz Cantada&#8221;<\/strong><\/span><\/a>.<\/span><\/p><\/blockquote>\n<h4><\/h4>\n<h4><span style=\"color: #000000;\"><strong>Situaciones de riesgo<\/strong><\/span><\/h4>\n<p style=\"text-align: justify;\"><span style=\"color: #454545;\">Patolog\u00edas concurrentes como:<\/span><\/p>\n<ul style=\"text-align: justify;\">\n<li><span style=\"color: #454545;\">Reflujo faringo-lar\u00edngeo<\/span><\/li>\n<li><span style=\"color: #454545;\">Asma y alergias<\/span><\/li>\n<li><span style=\"color: #454545;\">Procesos inflamatorios o infecciosos de las v\u00edas respiratorias<\/span><\/li>\n<li><span style=\"color: #454545;\">Dolores musculares o esquel\u00e9ticos<\/span><\/li>\n<li><span style=\"color: #454545;\">Intervenciones quir\u00fargicas abdominales, tor\u00e1cicas o cervicales<\/span><\/li>\n<li><span style=\"color: #454545;\">Enfermedades agudas o cr\u00f3nicas debilitantes<\/span><\/li>\n<li><span style=\"color: #454545;\">Etapas de estr\u00e9s f\u00edsico o ps\u00edquico<\/span><\/li>\n<\/ul>\n<p style=\"text-align: justify;\"><span style=\"color: #454545;\">Y otros factores como trabajar en ambientes ruidosos, locales con aire acondicionado y muchas horas de uso de la voz. Entre otros, pueden llegar a un desequilibrio en la coordinaci\u00f3n fonorespiratoria seguido de sobreesfuerzo lar\u00edngeo con el resultado de microtraumatismos en la mucosa vocal que podr\u00edan derivar en alg\u00fan tipo de lesi\u00f3n.<\/span><\/p>\n<!--[if lt IE 9]><script>document.createElement('audio');<\/script><![endif]-->\n<audio class=\"wp-audio-shortcode\" id=\"audio-191-1\" preload=\"none\" style=\"width: 100%;\" controls=\"controls\"><source type=\"audio\/mpeg\" src=\"http:\/\/fonologos.com\/nweb\/wp-content\/uploads\/2016\/02\/Cant.mp3?_=1\" \/><a href=\"http:\/\/fonologos.com\/nweb\/wp-content\/uploads\/2016\/02\/Cant.mp3\">http:\/\/fonologos.com\/nweb\/wp-content\/uploads\/2016\/02\/Cant.mp3<\/a><\/audio>\n<h4><\/h4>\n<h4><span style=\"color: #000000;\"><strong>Sintomatolog\u00eda:<\/strong><\/span><\/h4>\n<ul>\n<li><span style=\"color: #454545;\">Escozor y sequedad o dolor en la garganta<\/span><\/li>\n<li><span style=\"color: #454545;\">Sensaci\u00f3n de cuerpo extra\u00f1o<\/span><\/li>\n<li><span style=\"color: #454545;\">Tos frecuente<\/span><\/li>\n<li><span style=\"color: #454545;\">Deterioramiento de la calidad de la voz<\/span><\/li>\n<li><span style=\"color: #454545;\">Limitaci\u00f3n en la extensi\u00f3n vocal con problemas en los extremos de la tesitura<\/span><\/li>\n<li><span style=\"color: #454545;\">Aumento de la mucosidad con dificultades de emisi\u00f3n<\/span><\/li>\n<li><span style=\"color: #454545;\">Fatiga en la voz, sensaci\u00f3n de esfuerzo excesivo, disfon\u00edas frecuentes<\/span><\/li>\n<li><span style=\"color: #454545;\">Problemas de impostaci\u00f3n y de fiato<\/span><\/li>\n<\/ul>\n<h4><span style=\"color: #000000;\"><strong>\u00bfQu\u00e9 exploraciones hacen falta?<\/strong><\/span><\/h4>\n<p style=\"text-align: justify;\"><span style=\"color: #454545;\">En primer lugar una <strong>anamnesis<\/strong> detallada para identificar el o los factores que pueden haber desencadenado el desequilibrio.<\/span><\/p>\n<p style=\"text-align: justify;\"><span style=\"color: #454545;\">Despu\u00e9s, <strong>observaci\u00f3n de la mec\u00e1nica respiratoria<\/strong> al servicio de la voz.<\/span><\/p>\n<p style=\"text-align: justify;\"><span style=\"color: #454545;\">Finalmente, pruebas instrumentales:<\/span><\/p>\n<ul style=\"text-align: justify;\">\n<li><span style=\"color: #454545;\"><strong>V\u00eddeo-laringo-estroboscopia (VLE)<\/strong> para observar el patr\u00f3n vibratorio de las cuerdas vocales y para descartar la existencia de lesiones funcionales u org\u00e1nicas y de reflujo faringo-lar\u00edngeo.<\/span><\/li>\n<\/ul>\n<blockquote>\n<p style=\"padding-left: 60px;\"><span style=\"color: #454545;\">Ver m\u00e1s sobre la v\u00eddeo-laringo-estroboscopia en FonoLogos haciendo<\/span> <span style=\"color: #9bc41d;\"><strong><a style=\"color: #9bc41d;\" href=\"https:\/\/fonologos.com\/nweb\/video-laringo-estroboscopia-vle\/\" target=\"_blank\">clic aqu\u00ed<\/a><\/strong><\/span><\/p>\n<\/blockquote>\n<ul>\n<li style=\"text-align: justify;\"><span style=\"color: #454545;\"><strong>An\u00e1lisis Ac\u00fastico de la voz (AAV) y Electroglotograma (EGG)<\/strong> para estudiar qu\u00e9 tipos de estrategias de resonancia utiliza el paciente.<\/span><\/li>\n<\/ul>\n<figure id=\"attachment_42\" aria-describedby=\"caption-attachment-42\" style=\"width: 300px\" class=\"wp-caption aligncenter\"><a href=\"http:\/\/fonologos.com\/nweb\/wp-content\/uploads\/2015\/11\/belting-trastornos-voz.png\"><img decoding=\"async\" loading=\"lazy\" class=\"size-medium wp-image-42\" src=\"http:\/\/fonologos.com\/nweb\/wp-content\/uploads\/2015\/11\/belting-trastornos-voz-300x196.png\" alt=\"An\u00e0lisi ac\u00fastic de la veu\" width=\"300\" height=\"196\" \/><\/a><figcaption id=\"caption-attachment-42\" class=\"wp-caption-text\"><span style=\"color: #454545;\">An\u00e1lisis ac\u00fastico de la voz<\/span><\/figcaption><\/figure>\n<p style=\"text-align: center;\"><span style=\"color: #454545;\"><em>Imagen: m\u00e1xima transferencia del sonido en el belting. Vocal &#8216;e&#8217; (soprano)<\/em><\/span><\/p>\n<p style=\"text-align: justify;\"><span style=\"color: #454545;\">Tambi\u00e9n puede estar indicado:<\/span><\/p>\n<ul>\n<li style=\"text-align: justify;\"><span style=\"color: #454545;\"><strong>An\u00e1lisis de sangre o exploraciones radiol\u00f3gicas<\/strong> para descartar enfermedades generales infecciosas, endocrinas u otras.<\/span><\/li>\n<li style=\"text-align: justify;\"><span style=\"color: #454545;\"><strong>Fonetograma (VRP)<\/strong> para determinar el rango de la voz en toda la tesitura y los puntos d\u00e9biles del campo vocal.<\/span><\/li>\n<li style=\"text-align: justify;\"><span style=\"color: #454545;\"><strong>Electro-glotograma (EGG)<\/strong> para monitorizar en todo momento el grado de contacto de las cuerdas vocales y los cambios articulatorios en las \u00e1reas de pasaje.<\/span><\/li>\n<\/ul>\n<h4><span style=\"color: #000000;\"><strong>Soluciones al problema:<\/strong><\/span><\/h4>\n<p style=\"text-align: justify;\"><span style=\"color: #454545;\">Una vez verificado el origen se actuar\u00e1 seg\u00fan la etiolog\u00eda pero tambi\u00e9n sintom\u00e1ticamente revisando la t\u00e9cnica y los h\u00e1bitos fonoarticulatorios. Pueden estar indicadas diversas medidas como:<\/span><\/p>\n<ul style=\"text-align: justify;\">\n<li><span style=\"color: #454545;\">Reposo vocal relativo o absoluto<\/span><\/li>\n<li><span style=\"color: #454545;\">Hidrataci\u00f3n intensa<\/span><\/li>\n<li><span style=\"color: #454545;\">F\u00e1rmacos antibi\u00f3ticos, antiinflamatorios, antihistam\u00ednicos, mucol\u00edticos y antireflujo, entre otros<\/span><\/li>\n<li><span style=\"color: #454545;\">Medidas higi\u00e9nico-diet\u00e9ticas<\/span><\/li>\n<li><span style=\"color: #454545;\">Fonocirug\u00eda<\/span><\/li>\n<\/ul>\n<p style=\"text-align: justify;\"><span style=\"color: #454545;\">Junto con el tratamiento m\u00e9dico hay que hacer el de rehabilitaci\u00f3n para recuperar la buena t\u00e9cnica vocal b\u00e1sica y la confianza en la propia voz. Con la ayuda de programas inform\u00e1ticos de an\u00e1lisis ac\u00fastico se acelera el proceso: el paciente puede estudiar en la pantalla fen\u00f3menos de su voz como el vibrato y comprender mejor los mecanismos de soporte y de proyecci\u00f3n vocal que ha de poner en pr\u00e1ctica.<\/span><\/p>\n","protected":false},"excerpt":{"rendered":"<p>T\u00e9cnica vocal en el canto La voz del cantante cl\u00e1sico profesional exige un gran dominio de la t\u00e9cnica para poder hacer frente a los grandes requerimientos vocales, manteniendo su timbre caracter\u00edstico y evitando lesiones. La impostaci\u00f3n de la voz permite que \u00e9sta sea audible a distancia y por encima de la orquesta. El repertorio pop [&hellip;]<\/p>\n","protected":false},"author":1,"featured_media":0,"parent":165,"menu_order":8,"comment_status":"closed","ping_status":"closed","template":"","meta":[],"yoast_head":"<!-- This site is optimized with the Yoast SEO plugin v20.6 - https:\/\/yoast.com\/wordpress\/plugins\/seo\/ -->\n<title>La voz del cantante - Fonologos<\/title>\n<meta name=\"robots\" content=\"index, follow, max-snippet:-1, max-image-preview:large, max-video-preview:-1\" \/>\n<link rel=\"canonical\" href=\"https:\/\/fonologos.com\/nweb\/patologias\/la-voz-del-cantante\/\" \/>\n<meta property=\"og:locale\" content=\"ca_ES\" \/>\n<meta property=\"og:type\" content=\"article\" \/>\n<meta property=\"og:title\" content=\"La voz del cantante - Fonologos\" \/>\n<meta property=\"og:description\" content=\"T\u00e9cnica vocal en el canto La voz del cantante cl\u00e1sico profesional exige un gran dominio de la t\u00e9cnica para poder hacer frente a los grandes requerimientos vocales, manteniendo su timbre caracter\u00edstico y evitando lesiones. La impostaci\u00f3n de la voz permite que \u00e9sta sea audible a distancia y por encima de la orquesta. El repertorio pop [&hellip;]\" \/>\n<meta property=\"og:url\" content=\"https:\/\/fonologos.com\/nweb\/es\/patologias\/la-voz-del-cantante\/\" \/>\n<meta property=\"og:site_name\" content=\"Fonologos\" \/>\n<meta property=\"article:modified_time\" content=\"2019-04-02T17:31:44+00:00\" \/>\n<meta property=\"og:image\" content=\"http:\/\/fonologos.com\/nweb\/wp-content\/uploads\/2015\/11\/voz-cantada.png\" \/>\n<meta name=\"twitter:card\" content=\"summary_large_image\" \/>\n<meta name=\"twitter:label1\" content=\"Temps estimat de lectura\" \/>\n\t<meta name=\"twitter:data1\" content=\"3 minuts\" \/>\n<script type=\"application\/ld+json\" class=\"yoast-schema-graph\">{\"@context\":\"https:\/\/schema.org\",\"@graph\":[{\"@type\":\"WebPage\",\"@id\":\"https:\/\/fonologos.com\/nweb\/es\/patologias\/la-voz-del-cantante\/\",\"url\":\"https:\/\/fonologos.com\/nweb\/es\/patologias\/la-voz-del-cantante\/\",\"name\":\"La voz del cantante - Fonologos\",\"isPartOf\":{\"@id\":\"https:\/\/fonologos.com\/nweb\/#website\"},\"datePublished\":\"2016-02-02T10:46:23+00:00\",\"dateModified\":\"2019-04-02T17:31:44+00:00\",\"breadcrumb\":{\"@id\":\"https:\/\/fonologos.com\/nweb\/es\/patologias\/la-voz-del-cantante\/#breadcrumb\"},\"inLanguage\":\"ca\",\"potentialAction\":[{\"@type\":\"ReadAction\",\"target\":[\"https:\/\/fonologos.com\/nweb\/es\/patologias\/la-voz-del-cantante\/\"]}]},{\"@type\":\"BreadcrumbList\",\"@id\":\"https:\/\/fonologos.com\/nweb\/es\/patologias\/la-voz-del-cantante\/#breadcrumb\",\"itemListElement\":[{\"@type\":\"ListItem\",\"position\":1,\"name\":\"Inici\",\"item\":\"https:\/\/fonologos.com\/nweb\/\"},{\"@type\":\"ListItem\",\"position\":2,\"name\":\"La voz del cantante\"}]},{\"@type\":\"WebSite\",\"@id\":\"https:\/\/fonologos.com\/nweb\/#website\",\"url\":\"https:\/\/fonologos.com\/nweb\/\",\"name\":\"Fonologos\",\"description\":\"Cl\u00ednica de Foniatria i Logop\u00e8dia a Barcelona\",\"potentialAction\":[{\"@type\":\"SearchAction\",\"target\":{\"@type\":\"EntryPoint\",\"urlTemplate\":\"https:\/\/fonologos.com\/nweb\/?s={search_term_string}\"},\"query-input\":\"required name=search_term_string\"}],\"inLanguage\":\"ca\"}]}<\/script>\n<!-- \/ Yoast SEO plugin. -->","yoast_head_json":{"title":"La voz del cantante - Fonologos","robots":{"index":"index","follow":"follow","max-snippet":"max-snippet:-1","max-image-preview":"max-image-preview:large","max-video-preview":"max-video-preview:-1"},"canonical":"https:\/\/fonologos.com\/nweb\/patologias\/la-voz-del-cantante\/","og_locale":"ca_ES","og_type":"article","og_title":"La voz del cantante - Fonologos","og_description":"T\u00e9cnica vocal en el canto La voz del cantante cl\u00e1sico profesional exige un gran dominio de la t\u00e9cnica para poder hacer frente a los grandes requerimientos vocales, manteniendo su timbre caracter\u00edstico y evitando lesiones. La impostaci\u00f3n de la voz permite que \u00e9sta sea audible a distancia y por encima de la orquesta. El repertorio pop [&hellip;]","og_url":"https:\/\/fonologos.com\/nweb\/es\/patologias\/la-voz-del-cantante\/","og_site_name":"Fonologos","article_modified_time":"2019-04-02T17:31:44+00:00","og_image":[{"url":"http:\/\/fonologos.com\/nweb\/wp-content\/uploads\/2015\/11\/voz-cantada.png"}],"twitter_card":"summary_large_image","twitter_misc":{"Temps estimat de lectura":"3 minuts"},"schema":{"@context":"https:\/\/schema.org","@graph":[{"@type":"WebPage","@id":"https:\/\/fonologos.com\/nweb\/es\/patologias\/la-voz-del-cantante\/","url":"https:\/\/fonologos.com\/nweb\/es\/patologias\/la-voz-del-cantante\/","name":"La voz del cantante - Fonologos","isPartOf":{"@id":"https:\/\/fonologos.com\/nweb\/#website"},"datePublished":"2016-02-02T10:46:23+00:00","dateModified":"2019-04-02T17:31:44+00:00","breadcrumb":{"@id":"https:\/\/fonologos.com\/nweb\/es\/patologias\/la-voz-del-cantante\/#breadcrumb"},"inLanguage":"ca","potentialAction":[{"@type":"ReadAction","target":["https:\/\/fonologos.com\/nweb\/es\/patologias\/la-voz-del-cantante\/"]}]},{"@type":"BreadcrumbList","@id":"https:\/\/fonologos.com\/nweb\/es\/patologias\/la-voz-del-cantante\/#breadcrumb","itemListElement":[{"@type":"ListItem","position":1,"name":"Inici","item":"https:\/\/fonologos.com\/nweb\/"},{"@type":"ListItem","position":2,"name":"La voz del cantante"}]},{"@type":"WebSite","@id":"https:\/\/fonologos.com\/nweb\/#website","url":"https:\/\/fonologos.com\/nweb\/","name":"Fonologos","description":"Cl\u00ednica de Foniatria i Logop\u00e8dia a Barcelona","potentialAction":[{"@type":"SearchAction","target":{"@type":"EntryPoint","urlTemplate":"https:\/\/fonologos.com\/nweb\/?s={search_term_string}"},"query-input":"required name=search_term_string"}],"inLanguage":"ca"}]}},"_links":{"self":[{"href":"https:\/\/fonologos.com\/nweb\/wp-json\/wp\/v2\/pages\/191"}],"collection":[{"href":"https:\/\/fonologos.com\/nweb\/wp-json\/wp\/v2\/pages"}],"about":[{"href":"https:\/\/fonologos.com\/nweb\/wp-json\/wp\/v2\/types\/page"}],"author":[{"embeddable":true,"href":"https:\/\/fonologos.com\/nweb\/wp-json\/wp\/v2\/users\/1"}],"replies":[{"embeddable":true,"href":"https:\/\/fonologos.com\/nweb\/wp-json\/wp\/v2\/comments?post=191"}],"version-history":[{"count":13,"href":"https:\/\/fonologos.com\/nweb\/wp-json\/wp\/v2\/pages\/191\/revisions"}],"predecessor-version":[{"id":731,"href":"https:\/\/fonologos.com\/nweb\/wp-json\/wp\/v2\/pages\/191\/revisions\/731"}],"up":[{"embeddable":true,"href":"https:\/\/fonologos.com\/nweb\/wp-json\/wp\/v2\/pages\/165"}],"wp:attachment":[{"href":"https:\/\/fonologos.com\/nweb\/wp-json\/wp\/v2\/media?parent=191"}],"curies":[{"name":"wp","href":"https:\/\/api.w.org\/{rel}","templated":true}]}}