{"id":175,"date":"2016-01-29T14:14:41","date_gmt":"2016-01-29T13:14:41","guid":{"rendered":"http:\/\/fonologos.com\/nweb\/es\/?page_id=175"},"modified":"2016-06-06T12:28:58","modified_gmt":"2016-06-06T11:28:58","slug":"tartamudez","status":"publish","type":"page","link":"https:\/\/fonologos.com\/nweb\/es\/patologias\/tartamudez\/","title":{"rendered":"Tartamudez"},"content":{"rendered":"<p><a href=\"http:\/\/fonologos.com\/nweb\/wp-content\/uploads\/2015\/11\/tartamudez.png\"><img decoding=\"async\" loading=\"lazy\" class=\"alignnone size-full wp-image-57\" src=\"http:\/\/fonologos.com\/nweb\/wp-content\/uploads\/2015\/11\/tartamudez.png\" alt=\"tartamudez\" width=\"175\" height=\"133\" \/><\/a><\/p>\n<h3><span style=\"color: #000000;\"><strong>\u00bfQu\u00e9 origen tiene la tartamudez?<\/strong><\/span><\/h3>\n<p style=\"text-align: justify;\"><span style=\"color: #454545;\">Con el <strong>desarrollo del lenguaje<\/strong> el ni\u00f1o aprende a seleccionar las palabras m\u00e1s adecuadas para expresar una idea y a combinarlas siguiendo las normas gramaticales y fon\u00e9ticas de su lengua. Naturalmente, al principio tiene dudas y su habla puede mostrar detenciones y repeticiones (etapa de tartamudez transitoria) pero poco a poco, va aprendiendo a encadenar arm\u00f3nicamente unos elementos con otros y obtiene un habla fluido. <strong>Si en alg\u00fan momento de este aprendizaje aparece alg\u00fan factor que le perturba<\/strong>, es posible que quede fijado un automatismo de disfluencia.<\/span><\/p>\n<h4><\/h4>\n<!--[if lt IE 9]><script>document.createElement('audio');<\/script><![endif]-->\n<audio class=\"wp-audio-shortcode\" id=\"audio-175-1\" preload=\"none\" style=\"width: 100%;\" controls=\"controls\"><source type=\"audio\/mpeg\" src=\"http:\/\/fonologos.com\/nweb\/wp-content\/uploads\/2016\/01\/Tartamudesa.mp3?_=1\" \/><a href=\"http:\/\/fonologos.com\/nweb\/wp-content\/uploads\/2016\/01\/Tartamudesa.mp3\">http:\/\/fonologos.com\/nweb\/wp-content\/uploads\/2016\/01\/Tartamudesa.mp3<\/a><\/audio>\n<h4><\/h4>\n<h3><span style=\"color: #000000;\"><strong>Factores de riesgo<\/strong><\/span><\/h3>\n<p style=\"text-align: justify;\"><span style=\"color: #454545;\">Es m\u00e1s probable que la disfluencia quede fijada si es un ni\u00f1o de sexo masculino y tiene otros familiares tartamudos. Tambi\u00e9n si a la disfluencia se le asocia un retraso o trastorno de lenguaje o habla. Es preciso a\u00f1adirle algunos aspectos psicol\u00f3gicos que, combinados con situaciones familiares o ambientales, transitorias o permanentes, contribuyen al mantenimiento del trastorno.<\/span><\/p>\n<p><iframe loading=\"lazy\" src=\"https:\/\/www.youtube.com\/embed\/Q5VoD-Phu5Q\" width=\"280\" height=\"158\" frameborder=\"0\" allowfullscreen=\"allowfullscreen\"><\/iframe><\/p>\n<h3 style=\"text-align: center;\"><span style=\"color: #000000;\"><strong>\u00bfQu\u00e9 hacer\u00a0para evitarla?<\/strong><\/span><\/h3>\n<p style=\"text-align: justify;\"><span style=\"color: #454545;\">Lo m\u00e1s importante es actuar en el terreno de la <strong>prevenci\u00f3n<\/strong>, haciendo un seguimiento del ni\u00f1o de riesgo y dar <strong>pautas de actuaci\u00f3n a la familia y a la escuela<\/strong>. B\u00e1sicamente el ni\u00f1o ha de contar con:<\/span><\/p>\n<ul style=\"text-align: justify;\">\n<li><span style=\"color: #454545;\">Un modelo de habla clara y no muy r\u00e1pida<\/span><\/li>\n<li><span style=\"color: #454545;\">Tiempo y espacio para poder hablar confiadamente<\/span><\/li>\n<li><span style=\"color: #454545;\">Sentirse atendido y escuchado para aqu\u00e9llo que quiere comunicar y no constantmente examinado y aconsejado con motivo de su habla<\/span><\/li>\n<\/ul>\n<p style=\"text-align: justify;\"><span style=\"color: #454545;\">Tan solo con estas medidas, un enorme porcentaje de ni\u00f1os supera la etapa de tartamudez inicial y el problema desaparece. <strong>Cuanto menos consciente lo sea el ni\u00f1o, menos probable ser\u00e1 que el trastorno se cronifique.<\/strong><\/span><\/p>\n<blockquote>\n<p style=\"padding-left: 60px; text-align: right;\"><strong><span style=\"color: #454545;\">Ver ART\u00cdCULO\u00a0en prensa <\/span>\u00a0<span style=\"color: #087308;\"><a style=\"color: #087308;\" href=\"http:\/\/fonologos.com\/nweb\/wp-content\/uploads\/2016\/02\/ArticleTartamudesaRegio7.pdf\" target=\"_blank\">clic aqu\u00ed<\/a><\/span><\/strong><\/p>\n<\/blockquote>\n<h3 style=\"text-align: center;\"><span style=\"text-decoration: underline;\"><span style=\"color: #000000;\"><strong>Tratamiento de la Tartamudez<\/strong><\/span><\/span><\/h3>\n<p style=\"text-align: justify;\"><span style=\"color: #454545;\"><strong>Si a pesar de todo la tartamudez se va consolidando<\/strong>, requerir\u00e1 un tratamiento que, sin negar posibles apoyos de tipo psicol\u00f3gico convenientes en algunos casos, vaya dirigido a <strong>facilitar nuevos recursos de fluidez<\/strong> para afrontar el trastorno.<\/span><\/p>\n<p style=\"text-align: justify;\"><span style=\"color: #454545;\">En el caso del <strong>adolescente o el adulto, paciente y terapeuta analizar\u00e1n <\/strong>conjuntamente c\u00f3mo y por qu\u00e9 se producen los momentos de habla fluido y disfluente.<\/span><\/p>\n<p style=\"text-align: justify;\"><span style=\"color: #454545;\">La comprensi\u00f3n de qu\u00e9 mecanismos de velocidad y volumen, coordinaci\u00f3n fono &#8211; respiratoria, entonaci\u00f3n, gestualidad, estructura del discurso, pausas, etc., se activan en cada caso, ayudar\u00e1 al propio sujeto a progresar en el control del problema por medio del <strong>reconocimiento, el entrenamiento y el nuevo aprendizaje<\/strong>.<\/span><\/p>\n","protected":false},"excerpt":{"rendered":"<p>\u00bfQu\u00e9 origen tiene la tartamudez? Con el desarrollo del lenguaje el ni\u00f1o aprende a seleccionar las palabras m\u00e1s adecuadas para expresar una idea y a combinarlas siguiendo las normas gramaticales y fon\u00e9ticas de su lengua. Naturalmente, al principio tiene dudas y su habla puede mostrar detenciones y repeticiones (etapa de tartamudez transitoria) pero poco a [&hellip;]<\/p>\n","protected":false},"author":1,"featured_media":0,"parent":165,"menu_order":3,"comment_status":"closed","ping_status":"closed","template":"","meta":[],"yoast_head":"<!-- This site is optimized with the Yoast SEO plugin v20.6 - https:\/\/yoast.com\/wordpress\/plugins\/seo\/ -->\n<title>Tartamudez - Fonologos<\/title>\n<meta name=\"robots\" content=\"index, follow, max-snippet:-1, max-image-preview:large, max-video-preview:-1\" \/>\n<link rel=\"canonical\" href=\"https:\/\/fonologos.com\/nweb\/patologias\/tartamudez\/\" \/>\n<meta property=\"og:locale\" content=\"ca_ES\" \/>\n<meta property=\"og:type\" content=\"article\" \/>\n<meta property=\"og:title\" content=\"Tartamudez - Fonologos\" \/>\n<meta property=\"og:description\" content=\"\u00bfQu\u00e9 origen tiene la tartamudez? Con el desarrollo del lenguaje el ni\u00f1o aprende a seleccionar las palabras m\u00e1s adecuadas para expresar una idea y a combinarlas siguiendo las normas gramaticales y fon\u00e9ticas de su lengua. Naturalmente, al principio tiene dudas y su habla puede mostrar detenciones y repeticiones (etapa de tartamudez transitoria) pero poco a [&hellip;]\" \/>\n<meta property=\"og:url\" content=\"https:\/\/fonologos.com\/nweb\/es\/patologias\/tartamudez\/\" \/>\n<meta property=\"og:site_name\" content=\"Fonologos\" \/>\n<meta property=\"article:modified_time\" content=\"2016-06-06T11:28:58+00:00\" \/>\n<meta property=\"og:image\" content=\"http:\/\/fonologos.com\/nweb\/wp-content\/uploads\/2015\/11\/tartamudez.png\" \/>\n<meta name=\"twitter:card\" content=\"summary_large_image\" \/>\n<meta name=\"twitter:label1\" content=\"Temps estimat de lectura\" \/>\n\t<meta name=\"twitter:data1\" content=\"2 minuts\" \/>\n<script type=\"application\/ld+json\" class=\"yoast-schema-graph\">{\"@context\":\"https:\/\/schema.org\",\"@graph\":[{\"@type\":\"WebPage\",\"@id\":\"https:\/\/fonologos.com\/nweb\/es\/patologias\/tartamudez\/\",\"url\":\"https:\/\/fonologos.com\/nweb\/es\/patologias\/tartamudez\/\",\"name\":\"Tartamudez - Fonologos\",\"isPartOf\":{\"@id\":\"https:\/\/fonologos.com\/nweb\/#website\"},\"datePublished\":\"2016-01-29T13:14:41+00:00\",\"dateModified\":\"2016-06-06T11:28:58+00:00\",\"breadcrumb\":{\"@id\":\"https:\/\/fonologos.com\/nweb\/es\/patologias\/tartamudez\/#breadcrumb\"},\"inLanguage\":\"ca\",\"potentialAction\":[{\"@type\":\"ReadAction\",\"target\":[\"https:\/\/fonologos.com\/nweb\/es\/patologias\/tartamudez\/\"]}]},{\"@type\":\"BreadcrumbList\",\"@id\":\"https:\/\/fonologos.com\/nweb\/es\/patologias\/tartamudez\/#breadcrumb\",\"itemListElement\":[{\"@type\":\"ListItem\",\"position\":1,\"name\":\"Inici\",\"item\":\"https:\/\/fonologos.com\/nweb\/\"},{\"@type\":\"ListItem\",\"position\":2,\"name\":\"Tartamudez\"}]},{\"@type\":\"WebSite\",\"@id\":\"https:\/\/fonologos.com\/nweb\/#website\",\"url\":\"https:\/\/fonologos.com\/nweb\/\",\"name\":\"Fonologos\",\"description\":\"Cl\u00ednica de Foniatria i Logop\u00e8dia a Barcelona\",\"potentialAction\":[{\"@type\":\"SearchAction\",\"target\":{\"@type\":\"EntryPoint\",\"urlTemplate\":\"https:\/\/fonologos.com\/nweb\/?s={search_term_string}\"},\"query-input\":\"required name=search_term_string\"}],\"inLanguage\":\"ca\"}]}<\/script>\n<!-- \/ Yoast SEO plugin. -->","yoast_head_json":{"title":"Tartamudez - Fonologos","robots":{"index":"index","follow":"follow","max-snippet":"max-snippet:-1","max-image-preview":"max-image-preview:large","max-video-preview":"max-video-preview:-1"},"canonical":"https:\/\/fonologos.com\/nweb\/patologias\/tartamudez\/","og_locale":"ca_ES","og_type":"article","og_title":"Tartamudez - Fonologos","og_description":"\u00bfQu\u00e9 origen tiene la tartamudez? Con el desarrollo del lenguaje el ni\u00f1o aprende a seleccionar las palabras m\u00e1s adecuadas para expresar una idea y a combinarlas siguiendo las normas gramaticales y fon\u00e9ticas de su lengua. Naturalmente, al principio tiene dudas y su habla puede mostrar detenciones y repeticiones (etapa de tartamudez transitoria) pero poco a [&hellip;]","og_url":"https:\/\/fonologos.com\/nweb\/es\/patologias\/tartamudez\/","og_site_name":"Fonologos","article_modified_time":"2016-06-06T11:28:58+00:00","og_image":[{"url":"http:\/\/fonologos.com\/nweb\/wp-content\/uploads\/2015\/11\/tartamudez.png"}],"twitter_card":"summary_large_image","twitter_misc":{"Temps estimat de lectura":"2 minuts"},"schema":{"@context":"https:\/\/schema.org","@graph":[{"@type":"WebPage","@id":"https:\/\/fonologos.com\/nweb\/es\/patologias\/tartamudez\/","url":"https:\/\/fonologos.com\/nweb\/es\/patologias\/tartamudez\/","name":"Tartamudez - Fonologos","isPartOf":{"@id":"https:\/\/fonologos.com\/nweb\/#website"},"datePublished":"2016-01-29T13:14:41+00:00","dateModified":"2016-06-06T11:28:58+00:00","breadcrumb":{"@id":"https:\/\/fonologos.com\/nweb\/es\/patologias\/tartamudez\/#breadcrumb"},"inLanguage":"ca","potentialAction":[{"@type":"ReadAction","target":["https:\/\/fonologos.com\/nweb\/es\/patologias\/tartamudez\/"]}]},{"@type":"BreadcrumbList","@id":"https:\/\/fonologos.com\/nweb\/es\/patologias\/tartamudez\/#breadcrumb","itemListElement":[{"@type":"ListItem","position":1,"name":"Inici","item":"https:\/\/fonologos.com\/nweb\/"},{"@type":"ListItem","position":2,"name":"Tartamudez"}]},{"@type":"WebSite","@id":"https:\/\/fonologos.com\/nweb\/#website","url":"https:\/\/fonologos.com\/nweb\/","name":"Fonologos","description":"Cl\u00ednica de Foniatria i Logop\u00e8dia a Barcelona","potentialAction":[{"@type":"SearchAction","target":{"@type":"EntryPoint","urlTemplate":"https:\/\/fonologos.com\/nweb\/?s={search_term_string}"},"query-input":"required name=search_term_string"}],"inLanguage":"ca"}]}},"_links":{"self":[{"href":"https:\/\/fonologos.com\/nweb\/wp-json\/wp\/v2\/pages\/175"}],"collection":[{"href":"https:\/\/fonologos.com\/nweb\/wp-json\/wp\/v2\/pages"}],"about":[{"href":"https:\/\/fonologos.com\/nweb\/wp-json\/wp\/v2\/types\/page"}],"author":[{"embeddable":true,"href":"https:\/\/fonologos.com\/nweb\/wp-json\/wp\/v2\/users\/1"}],"replies":[{"embeddable":true,"href":"https:\/\/fonologos.com\/nweb\/wp-json\/wp\/v2\/comments?post=175"}],"version-history":[{"count":21,"href":"https:\/\/fonologos.com\/nweb\/wp-json\/wp\/v2\/pages\/175\/revisions"}],"predecessor-version":[{"id":705,"href":"https:\/\/fonologos.com\/nweb\/wp-json\/wp\/v2\/pages\/175\/revisions\/705"}],"up":[{"embeddable":true,"href":"https:\/\/fonologos.com\/nweb\/wp-json\/wp\/v2\/pages\/165"}],"wp:attachment":[{"href":"https:\/\/fonologos.com\/nweb\/wp-json\/wp\/v2\/media?parent=175"}],"curies":[{"name":"wp","href":"https:\/\/api.w.org\/{rel}","templated":true}]}}