{"id":17,"date":"2015-11-29T07:41:45","date_gmt":"2015-11-29T07:41:45","guid":{"rendered":"http:\/\/fonologos.com\/nweb\/?page_id=17"},"modified":"2022-01-20T09:59:37","modified_gmt":"2022-01-20T08:59:37","slug":"patologies","status":"publish","type":"page","link":"https:\/\/fonologos.com\/nweb\/patologies\/","title":{"rendered":""},"content":{"rendered":"<p><span style=\"color: #454545;\">A\u00a0FonoLogos diagnostiquem, tractem i rehabilitem:<\/span><\/p>\n<h4><span style=\"color: #9bc41d;\"><a style=\"color: #9bc41d;\" href=\"https:\/\/fonologos.com\/nweb\/patologies\/llenguatge-i-comunicacio\/\"><strong>Llenguatge i Comunicaci\u00f3<\/strong><\/a><\/span><\/h4>\n<p><span style=\"color: #454545;\">(Af\u00e0sies. Retard del llenguatge i TEL. Trastorns de l\u2019espectre autista)<\/span><\/p>\n<h4><span style=\"color: #9bc41d;\"><a style=\"color: #9bc41d;\" href=\"https:\/\/fonologos.com\/nweb\/patologies\/parla\/\"><strong>Parla<\/strong><\/a><\/span><\/h4>\n<p><span style=\"color: #454545;\">(Retard i trastorn fon\u00e8tico-fonol\u00f2gic. Disl\u00e0lies. Dis\u00e0rtries)<\/span><\/p>\n<h4><span style=\"color: #9bc41d;\"><a style=\"color: #9bc41d;\" href=\"https:\/\/fonologos.com\/nweb\/patologies\/patologies-de-la-veu\/\"><strong>Patologies de la Veu<\/strong><\/a> <\/span><\/h4>\n<p><span style=\"color: #454545;\">(Diagn\u00f2stic per video-laringo-estrobosc\u00f2pia. Reeducaci\u00f3 i rehabilitaci\u00f3 vocal. Veu en laringectomies. Veu transsexual)<\/span><\/p>\n<h4><span style=\"color: #9bc41d;\"><a style=\"color: #9bc41d;\" href=\"https:\/\/fonologos.com\/nweb\/patologies\/la-veu-del-cantant\/\"><strong>La Veu del Cantant<\/strong><\/a> <\/span><\/h4>\n<p><span style=\"color: #454545;\">(T\u00e8cnica vocal en el cant. Impostaci\u00f3 de la veu)<\/span><\/p>\n<h4><span style=\"color: #9bc41d;\"><a style=\"color: #9bc41d;\" href=\"https:\/\/fonologos.com\/nweb\/patologies\/la-veu-al-teatre\/\"><strong>La Veu al Teatre<\/strong><\/a> <\/span><\/h4>\n<p><span style=\"color: #454545;\">(Actors. Locutors. Dicci\u00f3. Doblatge)<\/span><\/p>\n<h4><span style=\"color: #9bc41d;\"><a style=\"color: #9bc41d;\" href=\"https:\/\/fonologos.com\/nweb\/patologies\/laboratori-de-veu-i-parla\/\"><strong>Laboratori de veu i parla<\/strong><\/a> <\/span><\/h4>\n<p><span style=\"color: #454545;\">(An\u00e0lisi ac\u00fastica. Electroglotografia)<\/span><\/p>\n<h4><span style=\"color: #9bc41d;\"><a style=\"color: #9bc41d;\" href=\"https:\/\/fonologos.com\/nweb\/patologies\/tartamudesa\/\"><strong>Tartamudesa<\/strong><\/a> <\/span><\/h4>\n<p><span style=\"color: #454545;\">(Trastorns de la flu\u00efdesa de la parla)<\/span><\/p>\n<h4><span style=\"color: #9bc41d;\"><a style=\"color: #9bc41d;\" href=\"https:\/\/fonologos.com\/nweb\/patologies\/parla-en-public\/\"><strong>Parla en P\u00fablic<\/strong><\/a> <\/span><\/h4>\n<p><span style=\"color: #454545;\">(Professors. Conferenciants. Pol\u00edtics)<\/span><\/p>\n<h4><span style=\"color: #9bc41d;\"><a style=\"color: #9bc41d;\" href=\"https:\/\/fonologos.com\/nweb\/patologies\/trastorns-de-laudicio\/\"><strong>Trastorns de l\u2019audici\u00f3<\/strong><\/a> <\/span><\/h4>\n<p><span style=\"color: #454545;\">(Rehabilitaci\u00f3 implant coclear. Presbiac\u00fasia)<\/span><\/p>\n<h4><span style=\"color: #9bc41d;\"><a style=\"color: #9bc41d;\" href=\"https:\/\/fonologos.com\/nweb\/patologies\/trastorns-de-la-deglucio\/\"><strong>Trastorns de la degluci\u00f3<\/strong><\/a><\/span><\/h4>\n<p><span style=\"color: #454545;\">(Disf\u00e0gia. Degluci\u00f3 disfuncional o at\u00edpica. Tractament miofuncional de disfuncions orofacials)<\/span><\/p>\n<h4><span style=\"color: #9bc41d;\"><a style=\"color: #9bc41d;\" href=\"https:\/\/fonologos.com\/nweb\/patologies\/cursos-de-salut-vocal-per-teleoperadors\/\"><strong>Cursos de salut vocal per teleoperadors<\/strong><\/a><\/span><\/h4>\n<p><span style=\"color: #454545;\">(Tractament miofuncional de disfuncions orofacials)<\/span><\/p>\n<h4><span style=\"color: #9bc41d;\"><a style=\"color: #9bc41d;\" href=\"https:\/\/fonologos.com\/nweb\/patologies\/telelogopedia\/\"><strong>Telelogop\u00e8dia<\/strong><\/a><\/span><\/h4>\n<p><span style=\"color: #454545;\">(Telelogop\u00e8dia)<\/span><\/p>\n","protected":false},"excerpt":{"rendered":"<p>A\u00a0FonoLogos diagnostiquem, tractem i rehabilitem: Llenguatge i Comunicaci\u00f3 (Af\u00e0sies. Retard del llenguatge i TEL. Trastorns de l\u2019espectre autista) Parla (Retard i trastorn fon\u00e8tico-fonol\u00f2gic. Disl\u00e0lies. Dis\u00e0rtries) Patologies de la Veu (Diagn\u00f2stic per video-laringo-estrobosc\u00f2pia. Reeducaci\u00f3 i rehabilitaci\u00f3 vocal. Veu en laringectomies. Veu transsexual) La Veu del Cantant (T\u00e8cnica vocal en el cant. Impostaci\u00f3 de la veu) La [&hellip;]<\/p>\n","protected":false},"author":1,"featured_media":0,"parent":0,"menu_order":0,"comment_status":"closed","ping_status":"closed","template":"template-full.php","meta":[],"yoast_head":"<!-- This site is optimized with the Yoast SEO plugin v20.6 - https:\/\/yoast.com\/wordpress\/plugins\/seo\/ -->\n<title>- Fonologos<\/title>\n<meta name=\"robots\" content=\"index, follow, max-snippet:-1, max-image-preview:large, max-video-preview:-1\" \/>\n<link rel=\"canonical\" href=\"https:\/\/fonologos.com\/nweb\/patologies\/\" \/>\n<meta property=\"og:locale\" content=\"ca_ES\" \/>\n<meta property=\"og:type\" content=\"article\" \/>\n<meta property=\"og:title\" content=\"- Fonologos\" \/>\n<meta property=\"og:description\" content=\"A\u00a0FonoLogos diagnostiquem, tractem i rehabilitem: Llenguatge i Comunicaci\u00f3 (Af\u00e0sies. Retard del llenguatge i TEL. Trastorns de l\u2019espectre autista) Parla (Retard i trastorn fon\u00e8tico-fonol\u00f2gic. Disl\u00e0lies. Dis\u00e0rtries) Patologies de la Veu (Diagn\u00f2stic per video-laringo-estrobosc\u00f2pia. Reeducaci\u00f3 i rehabilitaci\u00f3 vocal. Veu en laringectomies. Veu transsexual) La Veu del Cantant (T\u00e8cnica vocal en el cant. Impostaci\u00f3 de la veu) La [&hellip;]\" \/>\n<meta property=\"og:url\" content=\"https:\/\/fonologos.com\/nweb\/patologies\/\" \/>\n<meta property=\"og:site_name\" content=\"Fonologos\" \/>\n<meta property=\"article:modified_time\" content=\"2022-01-20T08:59:37+00:00\" \/>\n<meta name=\"twitter:card\" content=\"summary_large_image\" \/>\n<meta name=\"twitter:label1\" content=\"Temps estimat de lectura\" \/>\n\t<meta name=\"twitter:data1\" content=\"1 minut\" \/>\n<script type=\"application\/ld+json\" class=\"yoast-schema-graph\">{\"@context\":\"https:\/\/schema.org\",\"@graph\":[{\"@type\":\"WebPage\",\"@id\":\"https:\/\/fonologos.com\/nweb\/patologies\/\",\"url\":\"https:\/\/fonologos.com\/nweb\/patologies\/\",\"name\":\"- Fonologos\",\"isPartOf\":{\"@id\":\"https:\/\/fonologos.com\/nweb\/#website\"},\"datePublished\":\"2015-11-29T07:41:45+00:00\",\"dateModified\":\"2022-01-20T08:59:37+00:00\",\"inLanguage\":\"ca\",\"potentialAction\":[{\"@type\":\"ReadAction\",\"target\":[\"https:\/\/fonologos.com\/nweb\/patologies\/\"]}]},{\"@type\":\"WebSite\",\"@id\":\"https:\/\/fonologos.com\/nweb\/#website\",\"url\":\"https:\/\/fonologos.com\/nweb\/\",\"name\":\"Fonologos\",\"description\":\"Cl\u00ednica de Foniatria i Logop\u00e8dia a Barcelona\",\"potentialAction\":[{\"@type\":\"SearchAction\",\"target\":{\"@type\":\"EntryPoint\",\"urlTemplate\":\"https:\/\/fonologos.com\/nweb\/?s={search_term_string}\"},\"query-input\":\"required name=search_term_string\"}],\"inLanguage\":\"ca\"}]}<\/script>\n<!-- \/ Yoast SEO plugin. -->","yoast_head_json":{"title":"- Fonologos","robots":{"index":"index","follow":"follow","max-snippet":"max-snippet:-1","max-image-preview":"max-image-preview:large","max-video-preview":"max-video-preview:-1"},"canonical":"https:\/\/fonologos.com\/nweb\/patologies\/","og_locale":"ca_ES","og_type":"article","og_title":"- Fonologos","og_description":"A\u00a0FonoLogos diagnostiquem, tractem i rehabilitem: Llenguatge i Comunicaci\u00f3 (Af\u00e0sies. Retard del llenguatge i TEL. Trastorns de l\u2019espectre autista) Parla (Retard i trastorn fon\u00e8tico-fonol\u00f2gic. Disl\u00e0lies. Dis\u00e0rtries) Patologies de la Veu (Diagn\u00f2stic per video-laringo-estrobosc\u00f2pia. Reeducaci\u00f3 i rehabilitaci\u00f3 vocal. Veu en laringectomies. Veu transsexual) La Veu del Cantant (T\u00e8cnica vocal en el cant. Impostaci\u00f3 de la veu) La [&hellip;]","og_url":"https:\/\/fonologos.com\/nweb\/patologies\/","og_site_name":"Fonologos","article_modified_time":"2022-01-20T08:59:37+00:00","twitter_card":"summary_large_image","twitter_misc":{"Temps estimat de lectura":"1 minut"},"schema":{"@context":"https:\/\/schema.org","@graph":[{"@type":"WebPage","@id":"https:\/\/fonologos.com\/nweb\/patologies\/","url":"https:\/\/fonologos.com\/nweb\/patologies\/","name":"- Fonologos","isPartOf":{"@id":"https:\/\/fonologos.com\/nweb\/#website"},"datePublished":"2015-11-29T07:41:45+00:00","dateModified":"2022-01-20T08:59:37+00:00","inLanguage":"ca","potentialAction":[{"@type":"ReadAction","target":["https:\/\/fonologos.com\/nweb\/patologies\/"]}]},{"@type":"WebSite","@id":"https:\/\/fonologos.com\/nweb\/#website","url":"https:\/\/fonologos.com\/nweb\/","name":"Fonologos","description":"Cl\u00ednica de Foniatria i Logop\u00e8dia a Barcelona","potentialAction":[{"@type":"SearchAction","target":{"@type":"EntryPoint","urlTemplate":"https:\/\/fonologos.com\/nweb\/?s={search_term_string}"},"query-input":"required name=search_term_string"}],"inLanguage":"ca"}]}},"_links":{"self":[{"href":"https:\/\/fonologos.com\/nweb\/wp-json\/wp\/v2\/pages\/17"}],"collection":[{"href":"https:\/\/fonologos.com\/nweb\/wp-json\/wp\/v2\/pages"}],"about":[{"href":"https:\/\/fonologos.com\/nweb\/wp-json\/wp\/v2\/types\/page"}],"author":[{"embeddable":true,"href":"https:\/\/fonologos.com\/nweb\/wp-json\/wp\/v2\/users\/1"}],"replies":[{"embeddable":true,"href":"https:\/\/fonologos.com\/nweb\/wp-json\/wp\/v2\/comments?post=17"}],"version-history":[{"count":8,"href":"https:\/\/fonologos.com\/nweb\/wp-json\/wp\/v2\/pages\/17\/revisions"}],"predecessor-version":[{"id":1024,"href":"https:\/\/fonologos.com\/nweb\/wp-json\/wp\/v2\/pages\/17\/revisions\/1024"}],"wp:attachment":[{"href":"https:\/\/fonologos.com\/nweb\/wp-json\/wp\/v2\/media?parent=17"}],"curies":[{"name":"wp","href":"https:\/\/api.w.org\/{rel}","templated":true}]}}