{"id":167,"date":"2016-01-29T13:38:51","date_gmt":"2016-01-29T12:38:51","guid":{"rendered":"http:\/\/fonologos.com\/nweb\/es\/?page_id=167"},"modified":"2016-06-05T22:36:26","modified_gmt":"2016-06-05T21:36:26","slug":"lenguaje-y-comunicacion","status":"publish","type":"page","link":"https:\/\/fonologos.com\/nweb\/es\/patologias\/lenguaje-y-comunicacion\/","title":{"rendered":"Lenguaje y Comunicaci\u00f3n"},"content":{"rendered":"<p><a href=\"http:\/\/fonologos.com\/nweb\/wp-content\/uploads\/2015\/11\/lenguaje-y-comunicacion.png\"><img decoding=\"async\" loading=\"lazy\" class=\"alignnone size-full wp-image-24\" src=\"http:\/\/fonologos.com\/nweb\/wp-content\/uploads\/2015\/11\/lenguaje-y-comunicacion.png\" alt=\"lenguaje-y-comunicacion\" width=\"175\" height=\"106\" \/><\/a><\/p>\n<p style=\"text-align: justify;\"><strong><span style=\"color: #454545;\">El lenguaje es la facultad de poder comunicar los pensamientos de un sujeto emisor a un receptor por medio de un c\u00f3digo compartido.<\/span><\/strong><\/p>\n<p style=\"text-align: justify;\"><span style=\"color: #454545;\">En el terreno de la patolog\u00eda podemos encontrar:<\/span><\/p>\n<ul>\n<li style=\"text-align: justify;\"><span style=\"color: #454545;\">Dificultades para la adquisici\u00f3n del lenguaje<\/span><\/li>\n<li style=\"text-align: justify;\"><span style=\"color: #454545;\">P\u00e9rdida del lenguaje previamente adquirido<\/span><\/li>\n<\/ul>\n<h4 style=\"text-align: left;\"><span style=\"color: #000000;\"><strong>Diagn\u00f3stico<\/strong><\/span><\/h4>\n<p style=\"text-align: justify;\"><span style=\"color: #454545;\">Por medio de tests espec\u00edficos:<\/span><\/p>\n<ul>\n<li style=\"text-align: justify;\"><span style=\"color: #454545;\">Se elabora el perfil psicoling\u00fc\u00edstico del ni\u00f1o en unos casos<\/span><\/li>\n<li style=\"text-align: justify;\"><span style=\"color: #454545;\">Se determina el tipo de p\u00e9rdida y grado de severidad en otros<\/span><\/li>\n<\/ul>\n<h4 style=\"text-align: center;\"><span style=\"color: #000000;\"><strong>\u00bfQu\u00e9 patolog\u00edas tratamos?<\/strong><\/span><\/h4>\n<h3><strong><span style=\"text-decoration: underline;\"><span style=\"color: #454545;\">Retraso del lenguaje<\/span><\/span><\/strong><\/h3>\n<p style=\"text-align: justify;\"><span style=\"color: #454545;\">Cuando la adquisici\u00f3n del lenguaje progresa siguiendo el patr\u00f3n evolutivo normal pero<strong> m\u00e1s lentamente de lo que es habitual para la edad cronol\u00f3gica del ni\u00f1o.<\/strong><\/span><\/p>\n<p style=\"text-align: justify;\"><span style=\"color: #454545;\">La intervenci\u00f3n logop\u00e9dica consiste en dotar al ni\u00f1o de un espacio donde pueda interactuar confiadamente en un ambiente l\u00fadico y por medio de <strong>situaciones cotidianas que estimulen y faciliten la comunicaci\u00f3n<\/strong>.<\/span><\/p>\n<h3><span style=\"text-decoration: underline;\"><span style=\"color: #454545;\"><strong>Trastorno Espec\u00edfico del Lenguaje (TEL)<\/strong><\/span><\/span><\/h3>\n<p style=\"text-align: justify;\"><span style=\"color: #454545;\">Cuando la adquisici\u00f3n del lenguaje progresa siguiendo un <strong>patr\u00f3n inarm\u00f3nico de desarrollo<\/strong> y est\u00e1 afectada por <strong>procesos psicoling\u00fc\u00edsticos<\/strong> que se apartan de la normaliad, en ausencia de d\u00e9ficits neurol\u00f3gicos u otras causas org\u00e1nicas, psicol\u00f3gicas o ambientales.<\/span><\/p>\n<p style=\"text-align: justify;\"><span style=\"color: #454545;\">La intervenci\u00f3n logop\u00e9dica sigue los mismos principios que en el caso anterior pero <strong>incidiendo especialmente en aquellos aspectos del lenguaje donde pueda presentar mayores dificultades<\/strong>: l\u00e9xico reducido, flexi\u00f3n de los verbos, comprensi\u00f3n de palabras relacionales, etc.<\/span><\/p>\n<h3><span style=\"text-decoration: underline;\"><span style=\"color: #454545;\"><strong>Alteraciones del lenguaje en trastornos del espectro autista<\/strong><\/span><\/span><\/h3>\n<p style=\"text-align: justify;\"><span style=\"color: #454545;\">Ciertos casos de trastorno del espectro autista <strong>(TEA)<\/strong> presentan <strong>dificultades en la adquisici\u00f3n o la comprensi\u00f3n del lenguaje<\/strong>, as\u00ed como en <strong>aspectos pragm\u00e1ticos o rasgos suprasegmentales<\/strong>. En otras ocasiones se puede producir una regresi\u00f3n del lenguaje previamente adquirido.<\/span><\/p>\n<p style=\"text-align: justify;\"><span style=\"color: #454545;\">La intervenci\u00f3n logop\u00e9dica ir\u00e1 dirigida a <strong>incentivar intenciones comunicativas<\/strong>, mejorar el dominio de la sem\u00e1ntica, de la pragm\u00e1tica, de la entonaci\u00f3n y ritmo del habla y de la comunicaci\u00f3n no verbal.<\/span><\/p>\n<h3><span style=\"text-decoration: underline;\"><span style=\"color: #454545; text-decoration: underline;\">Afasia<\/span><\/span><\/h3>\n<p style=\"text-align: justify;\"><span style=\"color: #454545;\">Cuando hay un deterioro del lenguaje en una persona que<strong> hasta ese momento lo ten\u00eda normal<\/strong>, se habla de afasia. Se presenta por afectaci\u00f3n de alguna o diversas \u00e1reas cerebrales responsables de la comprensi\u00f3n, expresi\u00f3n o conducci\u00f3n del lenguaje.<\/span><br \/>\n<span style=\"color: #454545;\"> Puede aparecer de forma s\u00fabita por un accidente vascular cerebral o traumatismo craneal, o se puede instaurar m\u00e1s lentamente, en caso de infecciones, tumores, epilepsia y procesos degenerativos como la enfermededad del Alzheimer.<\/span><\/p>\n<p style=\"text-align: justify;\"><span style=\"color: #454545;\">Los s\u00edntomas pueden incluir dificultades para entender el lenguaje, para hablar de forma fluida, para denominar, para leer o escribir entre otros.<\/span><\/p>\n<p style=\"text-align: justify;\"><span style=\"color: #454545;\">Hace falta una precisa evaluaci\u00f3n de todos los aspectos del lenguaje para determinar el tipo de afasia y el grado de afectaci\u00f3n de la comunicaci\u00f3n.<\/span><\/p>\n<p style=\"text-align: justify;\"><span style=\"color: #454545;\"><strong>La rehabilitaci\u00f3n es m\u00e1s eficaz si empieza precozmente<\/strong> ya que los primeros 6 meses se produce de forma espont\u00e1nea una recuperaci\u00f3n del tejido cerebral afectado.<\/span><\/p>\n<p style=\"text-align: justify;\"><span style=\"color: #454545;\">El tratamiento se basa en <strong>emplear las funciones conservadas para la recuperaci\u00f3n de aquellas alteradas<\/strong>, con ejercicios indicados para cada caso. Patrones de entonaci\u00f3n, repetici\u00f3n, reconocimiento de im\u00e1genes, lectura, escritura, etc., as\u00ed como programas inform\u00e1ticos espec\u00edficos ser\u00e1n herramientas valiosas para crear nuevas conexiones neuronales.<\/span><\/p>\n","protected":false},"excerpt":{"rendered":"<p>El lenguaje es la facultad de poder comunicar los pensamientos de un sujeto emisor a un receptor por medio de un c\u00f3digo compartido. En el terreno de la patolog\u00eda podemos encontrar: Dificultades para la adquisici\u00f3n del lenguaje P\u00e9rdida del lenguaje previamente adquirido Diagn\u00f3stico Por medio de tests espec\u00edficos: Se elabora el perfil psicoling\u00fc\u00edstico del ni\u00f1o [&hellip;]<\/p>\n","protected":false},"author":1,"featured_media":0,"parent":165,"menu_order":1,"comment_status":"closed","ping_status":"closed","template":"","meta":[],"yoast_head":"<!-- This site is optimized with the Yoast SEO plugin v20.6 - https:\/\/yoast.com\/wordpress\/plugins\/seo\/ -->\n<title>Lenguaje y Comunicaci\u00f3n - Fonologos<\/title>\n<meta name=\"robots\" content=\"index, follow, max-snippet:-1, max-image-preview:large, max-video-preview:-1\" \/>\n<link rel=\"canonical\" href=\"https:\/\/fonologos.com\/nweb\/patologias\/lenguaje-y-comunicacion\/\" \/>\n<meta property=\"og:locale\" content=\"ca_ES\" \/>\n<meta property=\"og:type\" content=\"article\" \/>\n<meta property=\"og:title\" content=\"Lenguaje y Comunicaci\u00f3n - Fonologos\" \/>\n<meta property=\"og:description\" content=\"El lenguaje es la facultad de poder comunicar los pensamientos de un sujeto emisor a un receptor por medio de un c\u00f3digo compartido. En el terreno de la patolog\u00eda podemos encontrar: Dificultades para la adquisici\u00f3n del lenguaje P\u00e9rdida del lenguaje previamente adquirido Diagn\u00f3stico Por medio de tests espec\u00edficos: Se elabora el perfil psicoling\u00fc\u00edstico del ni\u00f1o [&hellip;]\" \/>\n<meta property=\"og:url\" content=\"https:\/\/fonologos.com\/nweb\/es\/patologias\/lenguaje-y-comunicacion\/\" \/>\n<meta property=\"og:site_name\" content=\"Fonologos\" \/>\n<meta property=\"article:modified_time\" content=\"2016-06-05T21:36:26+00:00\" \/>\n<meta property=\"og:image\" content=\"http:\/\/fonologos.com\/nweb\/wp-content\/uploads\/2015\/11\/lenguaje-y-comunicacion.png\" \/>\n<meta name=\"twitter:card\" content=\"summary_large_image\" \/>\n<meta name=\"twitter:label1\" content=\"Temps estimat de lectura\" \/>\n\t<meta name=\"twitter:data1\" content=\"3 minuts\" \/>\n<script type=\"application\/ld+json\" class=\"yoast-schema-graph\">{\"@context\":\"https:\/\/schema.org\",\"@graph\":[{\"@type\":\"WebPage\",\"@id\":\"https:\/\/fonologos.com\/nweb\/es\/patologias\/lenguaje-y-comunicacion\/\",\"url\":\"https:\/\/fonologos.com\/nweb\/es\/patologias\/lenguaje-y-comunicacion\/\",\"name\":\"Lenguaje y Comunicaci\u00f3n - Fonologos\",\"isPartOf\":{\"@id\":\"https:\/\/fonologos.com\/nweb\/#website\"},\"datePublished\":\"2016-01-29T12:38:51+00:00\",\"dateModified\":\"2016-06-05T21:36:26+00:00\",\"breadcrumb\":{\"@id\":\"https:\/\/fonologos.com\/nweb\/es\/patologias\/lenguaje-y-comunicacion\/#breadcrumb\"},\"inLanguage\":\"ca\",\"potentialAction\":[{\"@type\":\"ReadAction\",\"target\":[\"https:\/\/fonologos.com\/nweb\/es\/patologias\/lenguaje-y-comunicacion\/\"]}]},{\"@type\":\"BreadcrumbList\",\"@id\":\"https:\/\/fonologos.com\/nweb\/es\/patologias\/lenguaje-y-comunicacion\/#breadcrumb\",\"itemListElement\":[{\"@type\":\"ListItem\",\"position\":1,\"name\":\"Inici\",\"item\":\"https:\/\/fonologos.com\/nweb\/\"},{\"@type\":\"ListItem\",\"position\":2,\"name\":\"Lenguaje y Comunicaci\u00f3n\"}]},{\"@type\":\"WebSite\",\"@id\":\"https:\/\/fonologos.com\/nweb\/#website\",\"url\":\"https:\/\/fonologos.com\/nweb\/\",\"name\":\"Fonologos\",\"description\":\"Cl\u00ednica de Foniatria i Logop\u00e8dia a Barcelona\",\"potentialAction\":[{\"@type\":\"SearchAction\",\"target\":{\"@type\":\"EntryPoint\",\"urlTemplate\":\"https:\/\/fonologos.com\/nweb\/?s={search_term_string}\"},\"query-input\":\"required name=search_term_string\"}],\"inLanguage\":\"ca\"}]}<\/script>\n<!-- \/ Yoast SEO plugin. -->","yoast_head_json":{"title":"Lenguaje y Comunicaci\u00f3n - Fonologos","robots":{"index":"index","follow":"follow","max-snippet":"max-snippet:-1","max-image-preview":"max-image-preview:large","max-video-preview":"max-video-preview:-1"},"canonical":"https:\/\/fonologos.com\/nweb\/patologias\/lenguaje-y-comunicacion\/","og_locale":"ca_ES","og_type":"article","og_title":"Lenguaje y Comunicaci\u00f3n - Fonologos","og_description":"El lenguaje es la facultad de poder comunicar los pensamientos de un sujeto emisor a un receptor por medio de un c\u00f3digo compartido. En el terreno de la patolog\u00eda podemos encontrar: Dificultades para la adquisici\u00f3n del lenguaje P\u00e9rdida del lenguaje previamente adquirido Diagn\u00f3stico Por medio de tests espec\u00edficos: Se elabora el perfil psicoling\u00fc\u00edstico del ni\u00f1o [&hellip;]","og_url":"https:\/\/fonologos.com\/nweb\/es\/patologias\/lenguaje-y-comunicacion\/","og_site_name":"Fonologos","article_modified_time":"2016-06-05T21:36:26+00:00","og_image":[{"url":"http:\/\/fonologos.com\/nweb\/wp-content\/uploads\/2015\/11\/lenguaje-y-comunicacion.png"}],"twitter_card":"summary_large_image","twitter_misc":{"Temps estimat de lectura":"3 minuts"},"schema":{"@context":"https:\/\/schema.org","@graph":[{"@type":"WebPage","@id":"https:\/\/fonologos.com\/nweb\/es\/patologias\/lenguaje-y-comunicacion\/","url":"https:\/\/fonologos.com\/nweb\/es\/patologias\/lenguaje-y-comunicacion\/","name":"Lenguaje y Comunicaci\u00f3n - Fonologos","isPartOf":{"@id":"https:\/\/fonologos.com\/nweb\/#website"},"datePublished":"2016-01-29T12:38:51+00:00","dateModified":"2016-06-05T21:36:26+00:00","breadcrumb":{"@id":"https:\/\/fonologos.com\/nweb\/es\/patologias\/lenguaje-y-comunicacion\/#breadcrumb"},"inLanguage":"ca","potentialAction":[{"@type":"ReadAction","target":["https:\/\/fonologos.com\/nweb\/es\/patologias\/lenguaje-y-comunicacion\/"]}]},{"@type":"BreadcrumbList","@id":"https:\/\/fonologos.com\/nweb\/es\/patologias\/lenguaje-y-comunicacion\/#breadcrumb","itemListElement":[{"@type":"ListItem","position":1,"name":"Inici","item":"https:\/\/fonologos.com\/nweb\/"},{"@type":"ListItem","position":2,"name":"Lenguaje y Comunicaci\u00f3n"}]},{"@type":"WebSite","@id":"https:\/\/fonologos.com\/nweb\/#website","url":"https:\/\/fonologos.com\/nweb\/","name":"Fonologos","description":"Cl\u00ednica de Foniatria i Logop\u00e8dia a Barcelona","potentialAction":[{"@type":"SearchAction","target":{"@type":"EntryPoint","urlTemplate":"https:\/\/fonologos.com\/nweb\/?s={search_term_string}"},"query-input":"required name=search_term_string"}],"inLanguage":"ca"}]}},"_links":{"self":[{"href":"https:\/\/fonologos.com\/nweb\/wp-json\/wp\/v2\/pages\/167"}],"collection":[{"href":"https:\/\/fonologos.com\/nweb\/wp-json\/wp\/v2\/pages"}],"about":[{"href":"https:\/\/fonologos.com\/nweb\/wp-json\/wp\/v2\/types\/page"}],"author":[{"embeddable":true,"href":"https:\/\/fonologos.com\/nweb\/wp-json\/wp\/v2\/users\/1"}],"replies":[{"embeddable":true,"href":"https:\/\/fonologos.com\/nweb\/wp-json\/wp\/v2\/comments?post=167"}],"version-history":[{"count":16,"href":"https:\/\/fonologos.com\/nweb\/wp-json\/wp\/v2\/pages\/167\/revisions"}],"predecessor-version":[{"id":681,"href":"https:\/\/fonologos.com\/nweb\/wp-json\/wp\/v2\/pages\/167\/revisions\/681"}],"up":[{"embeddable":true,"href":"https:\/\/fonologos.com\/nweb\/wp-json\/wp\/v2\/pages\/165"}],"wp:attachment":[{"href":"https:\/\/fonologos.com\/nweb\/wp-json\/wp\/v2\/media?parent=167"}],"curies":[{"name":"wp","href":"https:\/\/api.w.org\/{rel}","templated":true}]}}