{"id":163,"date":"2016-01-29T13:12:12","date_gmt":"2016-01-29T12:12:12","guid":{"rendered":"http:\/\/fonologos.com\/nweb\/es\/?page_id=163"},"modified":"2016-04-04T10:50:00","modified_gmt":"2016-04-04T09:50:00","slug":"metodologia","status":"publish","type":"page","link":"https:\/\/fonologos.com\/nweb\/es\/metodologia\/","title":{"rendered":"Metodolog\u00eda"},"content":{"rendered":"<h4><span style=\"color: #000000;\">\u00a0<strong>El Diagn\u00f3stico<\/strong><\/span><\/h4>\n<p><span style=\"color: #454545;\">Al llegar a la consulta se efect\u00faa la historia cl\u00ednica (anamnesis) del paciente y las exploraciones pertinentes en cada caso: examen m\u00e9dico, an\u00e1lisis subjetivo y objetivo de voz o habla, administraci\u00f3n de pruebas o perfiles psicoling\u00fc\u00edsticos espec\u00edficos.<\/span><\/p>\n<p><span style=\"color: #454545;\">Realizada la evaluaci\u00f3n y determinado el diagn\u00f3stico, emitimos un informe con los resultados y la orientaci\u00f3n terap\u00e9utica.<\/span><\/p>\n<h4><\/h4>\n<p>&nbsp;<\/p>\n<h4><span style=\"color: #000000;\"><strong>El Tratamiento<\/strong><\/span><\/h4>\n<p><span style=\"color: #454545;\">Trabajamos conjuntamente paciente y terapeuta en sesiones individuales de 45 minutos y facilitamos material escrito y grabado para continuar la reeducaci\u00f3n en casa del paciente.<\/span><\/p>\n","protected":false},"excerpt":{"rendered":"<p>\u00a0El Diagn\u00f3stico Al llegar a la consulta se efect\u00faa la historia cl\u00ednica (anamnesis) del paciente y las exploraciones pertinentes en cada caso: examen m\u00e9dico, an\u00e1lisis subjetivo y objetivo de voz o habla, administraci\u00f3n de pruebas o perfiles psicoling\u00fc\u00edsticos espec\u00edficos. Realizada la evaluaci\u00f3n y determinado el diagn\u00f3stico, emitimos un informe con los resultados y la orientaci\u00f3n [&hellip;]<\/p>\n","protected":false},"author":1,"featured_media":67,"parent":0,"menu_order":0,"comment_status":"closed","ping_status":"closed","template":"","meta":[],"yoast_head":"<!-- This site is optimized with the Yoast SEO plugin v20.6 - https:\/\/yoast.com\/wordpress\/plugins\/seo\/ -->\n<title>Metodolog\u00eda - Fonologos<\/title>\n<meta name=\"robots\" content=\"index, follow, max-snippet:-1, max-image-preview:large, max-video-preview:-1\" \/>\n<link rel=\"canonical\" href=\"https:\/\/fonologos.com\/nweb\/metodologia\/\" \/>\n<meta property=\"og:locale\" content=\"ca_ES\" \/>\n<meta property=\"og:type\" content=\"article\" \/>\n<meta property=\"og:title\" content=\"Metodolog\u00eda - Fonologos\" \/>\n<meta property=\"og:description\" content=\"\u00a0El Diagn\u00f3stico Al llegar a la consulta se efect\u00faa la historia cl\u00ednica (anamnesis) del paciente y las exploraciones pertinentes en cada caso: examen m\u00e9dico, an\u00e1lisis subjetivo y objetivo de voz o habla, administraci\u00f3n de pruebas o perfiles psicoling\u00fc\u00edsticos espec\u00edficos. Realizada la evaluaci\u00f3n y determinado el diagn\u00f3stico, emitimos un informe con los resultados y la orientaci\u00f3n [&hellip;]\" \/>\n<meta property=\"og:url\" content=\"https:\/\/fonologos.com\/nweb\/es\/metodologia\/\" \/>\n<meta property=\"og:site_name\" content=\"Fonologos\" \/>\n<meta property=\"article:modified_time\" content=\"2016-04-04T09:50:00+00:00\" \/>\n<meta property=\"og:image\" content=\"https:\/\/fonologos.com\/nweb\/wp-content\/uploads\/2015\/11\/diagnostico-tratamiento-trastornos-voz-habla-lenguaje-audicion-deglucion.jpg\" \/>\n\t<meta property=\"og:image:width\" content=\"365\" \/>\n\t<meta property=\"og:image:height\" content=\"365\" \/>\n\t<meta property=\"og:image:type\" content=\"image\/jpeg\" \/>\n<meta name=\"twitter:card\" content=\"summary_large_image\" \/>\n<script type=\"application\/ld+json\" class=\"yoast-schema-graph\">{\"@context\":\"https:\/\/schema.org\",\"@graph\":[{\"@type\":\"WebPage\",\"@id\":\"https:\/\/fonologos.com\/nweb\/es\/metodologia\/\",\"url\":\"https:\/\/fonologos.com\/nweb\/es\/metodologia\/\",\"name\":\"Metodolog\u00eda - Fonologos\",\"isPartOf\":{\"@id\":\"https:\/\/fonologos.com\/nweb\/#website\"},\"datePublished\":\"2016-01-29T12:12:12+00:00\",\"dateModified\":\"2016-04-04T09:50:00+00:00\",\"breadcrumb\":{\"@id\":\"https:\/\/fonologos.com\/nweb\/es\/metodologia\/#breadcrumb\"},\"inLanguage\":\"ca\",\"potentialAction\":[{\"@type\":\"ReadAction\",\"target\":[\"https:\/\/fonologos.com\/nweb\/es\/metodologia\/\"]}]},{\"@type\":\"BreadcrumbList\",\"@id\":\"https:\/\/fonologos.com\/nweb\/es\/metodologia\/#breadcrumb\",\"itemListElement\":[{\"@type\":\"ListItem\",\"position\":1,\"name\":\"Inici\",\"item\":\"https:\/\/fonologos.com\/nweb\/\"},{\"@type\":\"ListItem\",\"position\":2,\"name\":\"Metodolog\u00eda\"}]},{\"@type\":\"WebSite\",\"@id\":\"https:\/\/fonologos.com\/nweb\/#website\",\"url\":\"https:\/\/fonologos.com\/nweb\/\",\"name\":\"Fonologos\",\"description\":\"Cl\u00ednica de Foniatria i Logop\u00e8dia a Barcelona\",\"potentialAction\":[{\"@type\":\"SearchAction\",\"target\":{\"@type\":\"EntryPoint\",\"urlTemplate\":\"https:\/\/fonologos.com\/nweb\/?s={search_term_string}\"},\"query-input\":\"required name=search_term_string\"}],\"inLanguage\":\"ca\"}]}<\/script>\n<!-- \/ Yoast SEO plugin. -->","yoast_head_json":{"title":"Metodolog\u00eda - Fonologos","robots":{"index":"index","follow":"follow","max-snippet":"max-snippet:-1","max-image-preview":"max-image-preview:large","max-video-preview":"max-video-preview:-1"},"canonical":"https:\/\/fonologos.com\/nweb\/metodologia\/","og_locale":"ca_ES","og_type":"article","og_title":"Metodolog\u00eda - Fonologos","og_description":"\u00a0El Diagn\u00f3stico Al llegar a la consulta se efect\u00faa la historia cl\u00ednica (anamnesis) del paciente y las exploraciones pertinentes en cada caso: examen m\u00e9dico, an\u00e1lisis subjetivo y objetivo de voz o habla, administraci\u00f3n de pruebas o perfiles psicoling\u00fc\u00edsticos espec\u00edficos. Realizada la evaluaci\u00f3n y determinado el diagn\u00f3stico, emitimos un informe con los resultados y la orientaci\u00f3n [&hellip;]","og_url":"https:\/\/fonologos.com\/nweb\/es\/metodologia\/","og_site_name":"Fonologos","article_modified_time":"2016-04-04T09:50:00+00:00","og_image":[{"width":365,"height":365,"url":"https:\/\/fonologos.com\/nweb\/wp-content\/uploads\/2015\/11\/diagnostico-tratamiento-trastornos-voz-habla-lenguaje-audicion-deglucion.jpg","type":"image\/jpeg"}],"twitter_card":"summary_large_image","schema":{"@context":"https:\/\/schema.org","@graph":[{"@type":"WebPage","@id":"https:\/\/fonologos.com\/nweb\/es\/metodologia\/","url":"https:\/\/fonologos.com\/nweb\/es\/metodologia\/","name":"Metodolog\u00eda - Fonologos","isPartOf":{"@id":"https:\/\/fonologos.com\/nweb\/#website"},"datePublished":"2016-01-29T12:12:12+00:00","dateModified":"2016-04-04T09:50:00+00:00","breadcrumb":{"@id":"https:\/\/fonologos.com\/nweb\/es\/metodologia\/#breadcrumb"},"inLanguage":"ca","potentialAction":[{"@type":"ReadAction","target":["https:\/\/fonologos.com\/nweb\/es\/metodologia\/"]}]},{"@type":"BreadcrumbList","@id":"https:\/\/fonologos.com\/nweb\/es\/metodologia\/#breadcrumb","itemListElement":[{"@type":"ListItem","position":1,"name":"Inici","item":"https:\/\/fonologos.com\/nweb\/"},{"@type":"ListItem","position":2,"name":"Metodolog\u00eda"}]},{"@type":"WebSite","@id":"https:\/\/fonologos.com\/nweb\/#website","url":"https:\/\/fonologos.com\/nweb\/","name":"Fonologos","description":"Cl\u00ednica de Foniatria i Logop\u00e8dia a Barcelona","potentialAction":[{"@type":"SearchAction","target":{"@type":"EntryPoint","urlTemplate":"https:\/\/fonologos.com\/nweb\/?s={search_term_string}"},"query-input":"required name=search_term_string"}],"inLanguage":"ca"}]}},"_links":{"self":[{"href":"https:\/\/fonologos.com\/nweb\/wp-json\/wp\/v2\/pages\/163"}],"collection":[{"href":"https:\/\/fonologos.com\/nweb\/wp-json\/wp\/v2\/pages"}],"about":[{"href":"https:\/\/fonologos.com\/nweb\/wp-json\/wp\/v2\/types\/page"}],"author":[{"embeddable":true,"href":"https:\/\/fonologos.com\/nweb\/wp-json\/wp\/v2\/users\/1"}],"replies":[{"embeddable":true,"href":"https:\/\/fonologos.com\/nweb\/wp-json\/wp\/v2\/comments?post=163"}],"version-history":[{"count":11,"href":"https:\/\/fonologos.com\/nweb\/wp-json\/wp\/v2\/pages\/163\/revisions"}],"predecessor-version":[{"id":460,"href":"https:\/\/fonologos.com\/nweb\/wp-json\/wp\/v2\/pages\/163\/revisions\/460"}],"wp:featuredmedia":[{"embeddable":true,"href":"https:\/\/fonologos.com\/nweb\/wp-json\/wp\/v2\/media\/67"}],"wp:attachment":[{"href":"https:\/\/fonologos.com\/nweb\/wp-json\/wp\/v2\/media?parent=163"}],"curies":[{"name":"wp","href":"https:\/\/api.w.org\/{rel}","templated":true}]}}