{"id":10,"date":"2015-11-29T07:37:17","date_gmt":"2015-11-29T07:37:17","guid":{"rendered":"http:\/\/fonologos.com\/nweb\/?page_id=10"},"modified":"2025-06-02T16:02:18","modified_gmt":"2025-06-02T15:02:18","slug":"enllacos","status":"publish","type":"page","link":"https:\/\/fonologos.com\/nweb\/enllacos\/","title":{"rendered":"Enlla\u00e7os"},"content":{"rendered":"<p style=\"text-align: center;\"><span style=\"color: #087308;\"><strong><a style=\"color: #087308;\" href=\"http:\/\/www.elsevier.com\/\" target=\"_blank\" rel=\"noopener\">Elsevier<\/a><\/strong><\/span><\/p>\n<p style=\"text-align: center;\"><span style=\"color: #087308;\"><strong><a style=\"color: #087308;\" href=\"http:\/\/acpcant.com\/\" target=\"_blank\" rel=\"noopener\">Associaci\u00f3 Catalana de Professors de Cant<\/a><\/strong><\/span><\/p>\n<p style=\"text-align: center;\"><span style=\"color: #087308;\"><strong><a style=\"color: #087308;\" href=\"http:\/\/www.espaciologopedico.com\/\" target=\"_blank\" rel=\"noopener\">Espacio logopedico<\/a><\/strong><\/span><\/p>\n<p style=\"text-align: center;\"><span style=\"color: #087308;\"><strong><a style=\"color: #087308;\" href=\"http:\/\/www.elsevier.es\/es-revista-acta-otorrinolaringologica-espanola-102\" target=\"_blank\" rel=\"noopener\">Acta Otorrinolaringol\u00f3gica Espa\u00f1ola<\/a><\/strong><\/span><\/p>\n<p style=\"text-align: center;\"><span style=\"color: #087308;\"><strong><a style=\"color: #087308;\" href=\"http:\/\/www.asha.org\/default.htm\" target=\"_blank\" rel=\"noopener\">The American Speech-Language-Hearing Association (ASHA)<\/a><\/strong><\/span><\/p>\n<p style=\"text-align: center;\"><span style=\"color: #087308;\"><strong><a style=\"color: #087308;\" href=\"http:\/\/www.ncvs.org\" target=\"_blank\" rel=\"noopener\">NCVS (National Center for Voice and Speech<\/a><\/strong><\/span><\/p>\n<p style=\"text-align: center;\"><span style=\"color: #087308;\"><strong><a style=\"color: #087308;\" href=\"http:\/\/foniatriasomef.com\/\" target=\"_blank\" rel=\"noopener\">Sociedad M\u00e9dica Espa\u00f1ola de Foniatr\u00eda<\/a><\/strong><\/span><\/p>\n<p style=\"text-align: center;\"><span style=\"color: #087308;\"><strong><a style=\"color: #087308;\" href=\"http:\/\/www.aelfa.org\/\" target=\"_blank\" rel=\"noopener\">AELFA (Asociaci\u00f3n Espa\u00f1ola de Logopedia, Foniatr\u00eda y Audiolog\u00eda)<\/a><\/strong><\/span><\/p>\n<p style=\"text-align: center;\"><span style=\"color: #087308;\"><strong><a style=\"color: #087308;\" href=\"http:\/\/www.karger.com\/Journal\/Home\/224177\" target=\"_blank\" rel=\"noopener\">International Journal of Foniatrics, Speech Therapy Communication Pathology<\/a><\/strong><\/span><\/p>\n","protected":false},"excerpt":{"rendered":"<p>Elsevier Associaci\u00f3 Catalana de Professors de Cant Espacio logopedico Acta Otorrinolaringol\u00f3gica Espa\u00f1ola The American Speech-Language-Hearing Association (ASHA) NCVS (National Center for Voice and Speech Sociedad M\u00e9dica Espa\u00f1ola de Foniatr\u00eda AELFA (Asociaci\u00f3n Espa\u00f1ola de Logopedia, Foniatr\u00eda y Audiolog\u00eda) International Journal of Foniatrics, Speech Therapy Communication Pathology<\/p>\n","protected":false},"author":1,"featured_media":0,"parent":0,"menu_order":0,"comment_status":"closed","ping_status":"closed","template":"","meta":[],"yoast_head":"<!-- This site is optimized with the Yoast SEO plugin v20.6 - https:\/\/yoast.com\/wordpress\/plugins\/seo\/ -->\n<title>Enlla\u00e7os - Fonologos<\/title>\n<meta name=\"robots\" content=\"index, follow, max-snippet:-1, max-image-preview:large, max-video-preview:-1\" \/>\n<link rel=\"canonical\" href=\"https:\/\/fonologos.com\/nweb\/enllacos\/\" \/>\n<meta property=\"og:locale\" content=\"ca_ES\" \/>\n<meta property=\"og:type\" content=\"article\" \/>\n<meta property=\"og:title\" content=\"Enlla\u00e7os - Fonologos\" \/>\n<meta property=\"og:description\" content=\"Elsevier Associaci\u00f3 Catalana de Professors de Cant Espacio logopedico Acta Otorrinolaringol\u00f3gica Espa\u00f1ola The American Speech-Language-Hearing Association (ASHA) NCVS (National Center for Voice and Speech Sociedad M\u00e9dica Espa\u00f1ola de Foniatr\u00eda AELFA (Asociaci\u00f3n Espa\u00f1ola de Logopedia, Foniatr\u00eda y Audiolog\u00eda) International Journal of Foniatrics, Speech Therapy Communication Pathology\" \/>\n<meta property=\"og:url\" content=\"https:\/\/fonologos.com\/nweb\/enllacos\/\" \/>\n<meta property=\"og:site_name\" content=\"Fonologos\" \/>\n<meta property=\"article:modified_time\" content=\"2025-06-02T15:02:18+00:00\" \/>\n<meta name=\"twitter:card\" content=\"summary_large_image\" \/>\n<meta name=\"twitter:label1\" content=\"Temps estimat de lectura\" \/>\n\t<meta name=\"twitter:data1\" content=\"1 minut\" \/>\n<script type=\"application\/ld+json\" class=\"yoast-schema-graph\">{\"@context\":\"https:\/\/schema.org\",\"@graph\":[{\"@type\":\"WebPage\",\"@id\":\"https:\/\/fonologos.com\/nweb\/enllacos\/\",\"url\":\"https:\/\/fonologos.com\/nweb\/enllacos\/\",\"name\":\"Enlla\u00e7os - Fonologos\",\"isPartOf\":{\"@id\":\"https:\/\/fonologos.com\/nweb\/#website\"},\"datePublished\":\"2015-11-29T07:37:17+00:00\",\"dateModified\":\"2025-06-02T15:02:18+00:00\",\"breadcrumb\":{\"@id\":\"https:\/\/fonologos.com\/nweb\/enllacos\/#breadcrumb\"},\"inLanguage\":\"ca\",\"potentialAction\":[{\"@type\":\"ReadAction\",\"target\":[\"https:\/\/fonologos.com\/nweb\/enllacos\/\"]}]},{\"@type\":\"BreadcrumbList\",\"@id\":\"https:\/\/fonologos.com\/nweb\/enllacos\/#breadcrumb\",\"itemListElement\":[{\"@type\":\"ListItem\",\"position\":1,\"name\":\"Inici\",\"item\":\"https:\/\/fonologos.com\/nweb\/\"},{\"@type\":\"ListItem\",\"position\":2,\"name\":\"Enlla\u00e7os\"}]},{\"@type\":\"WebSite\",\"@id\":\"https:\/\/fonologos.com\/nweb\/#website\",\"url\":\"https:\/\/fonologos.com\/nweb\/\",\"name\":\"Fonologos\",\"description\":\"Cl\u00ednica de Foniatria i Logop\u00e8dia a Barcelona\",\"potentialAction\":[{\"@type\":\"SearchAction\",\"target\":{\"@type\":\"EntryPoint\",\"urlTemplate\":\"https:\/\/fonologos.com\/nweb\/?s={search_term_string}\"},\"query-input\":\"required name=search_term_string\"}],\"inLanguage\":\"ca\"}]}<\/script>\n<!-- \/ Yoast SEO plugin. -->","yoast_head_json":{"title":"Enlla\u00e7os - Fonologos","robots":{"index":"index","follow":"follow","max-snippet":"max-snippet:-1","max-image-preview":"max-image-preview:large","max-video-preview":"max-video-preview:-1"},"canonical":"https:\/\/fonologos.com\/nweb\/enllacos\/","og_locale":"ca_ES","og_type":"article","og_title":"Enlla\u00e7os - Fonologos","og_description":"Elsevier Associaci\u00f3 Catalana de Professors de Cant Espacio logopedico Acta Otorrinolaringol\u00f3gica Espa\u00f1ola The American Speech-Language-Hearing Association (ASHA) NCVS (National Center for Voice and Speech Sociedad M\u00e9dica Espa\u00f1ola de Foniatr\u00eda AELFA (Asociaci\u00f3n Espa\u00f1ola de Logopedia, Foniatr\u00eda y Audiolog\u00eda) International Journal of Foniatrics, Speech Therapy Communication Pathology","og_url":"https:\/\/fonologos.com\/nweb\/enllacos\/","og_site_name":"Fonologos","article_modified_time":"2025-06-02T15:02:18+00:00","twitter_card":"summary_large_image","twitter_misc":{"Temps estimat de lectura":"1 minut"},"schema":{"@context":"https:\/\/schema.org","@graph":[{"@type":"WebPage","@id":"https:\/\/fonologos.com\/nweb\/enllacos\/","url":"https:\/\/fonologos.com\/nweb\/enllacos\/","name":"Enlla\u00e7os - Fonologos","isPartOf":{"@id":"https:\/\/fonologos.com\/nweb\/#website"},"datePublished":"2015-11-29T07:37:17+00:00","dateModified":"2025-06-02T15:02:18+00:00","breadcrumb":{"@id":"https:\/\/fonologos.com\/nweb\/enllacos\/#breadcrumb"},"inLanguage":"ca","potentialAction":[{"@type":"ReadAction","target":["https:\/\/fonologos.com\/nweb\/enllacos\/"]}]},{"@type":"BreadcrumbList","@id":"https:\/\/fonologos.com\/nweb\/enllacos\/#breadcrumb","itemListElement":[{"@type":"ListItem","position":1,"name":"Inici","item":"https:\/\/fonologos.com\/nweb\/"},{"@type":"ListItem","position":2,"name":"Enlla\u00e7os"}]},{"@type":"WebSite","@id":"https:\/\/fonologos.com\/nweb\/#website","url":"https:\/\/fonologos.com\/nweb\/","name":"Fonologos","description":"Cl\u00ednica de Foniatria i Logop\u00e8dia a Barcelona","potentialAction":[{"@type":"SearchAction","target":{"@type":"EntryPoint","urlTemplate":"https:\/\/fonologos.com\/nweb\/?s={search_term_string}"},"query-input":"required name=search_term_string"}],"inLanguage":"ca"}]}},"_links":{"self":[{"href":"https:\/\/fonologos.com\/nweb\/wp-json\/wp\/v2\/pages\/10"}],"collection":[{"href":"https:\/\/fonologos.com\/nweb\/wp-json\/wp\/v2\/pages"}],"about":[{"href":"https:\/\/fonologos.com\/nweb\/wp-json\/wp\/v2\/types\/page"}],"author":[{"embeddable":true,"href":"https:\/\/fonologos.com\/nweb\/wp-json\/wp\/v2\/users\/1"}],"replies":[{"embeddable":true,"href":"https:\/\/fonologos.com\/nweb\/wp-json\/wp\/v2\/comments?post=10"}],"version-history":[{"count":8,"href":"https:\/\/fonologos.com\/nweb\/wp-json\/wp\/v2\/pages\/10\/revisions"}],"predecessor-version":[{"id":1054,"href":"https:\/\/fonologos.com\/nweb\/wp-json\/wp\/v2\/pages\/10\/revisions\/1054"}],"wp:attachment":[{"href":"https:\/\/fonologos.com\/nweb\/wp-json\/wp\/v2\/media?parent=10"}],"curies":[{"name":"wp","href":"https:\/\/api.w.org\/{rel}","templated":true}]}}